{"id":1483,"date":"2021-09-28T16:29:08","date_gmt":"2021-09-28T06:29:08","guid":{"rendered":"https:\/\/craigieburnsc.vic.edu.au\/?page_id=1483"},"modified":"2025-12-17T16:28:01","modified_gmt":"2025-12-17T05:28:01","slug":"year-7-scholarship","status":"publish","type":"page","link":"https:\/\/craigieburnsc.vic.edu.au\/tr\/support\/year-7-scholarship\/","title":{"rendered":"Year 7 Scholarship &#8211; Applications Closed"},"content":{"rendered":"<p>Craigieburn Secondary College Scholarships are available to responsible young people prepared to strive for their personal best at secondary level and who will become a credit to their families, community and the college.<\/p>\n<p>Scholarships are awarded on the basis of an interview, involving the applicant and a parent\/carer, held at the college together with additional information provided by the students&#8217; current primary school. Students are not required to sit for an entry exam.<\/p>\n<h3>Craigieburn Ortaokulu \u015funlar\u0131 sunacak:<\/h3>\n<h4><strong>ENTRY AT YEAR 7 \u2014 2026<\/strong><\/h4>\n<p><strong>Akademik M\u00fckemmellik Burslar\u0131<\/strong><br \/>\nAkademik burslar, genel \u00e7al\u0131\u015fmalarda g\u00fc\u00e7l\u00fc bir performansla birlikte Matematik ve \u0130ngilizce&#039;de ola\u011fan\u00fcst\u00fc uygulama, yetenek ve ba\u015far\u0131 sergileyen \u00f6rnek bir akademik ge\u00e7mi\u015fe sahip \u00f6\u011frencilere sunulmaktad\u0131r.<br \/>\nNumber to be awarded \u2014 College discretion<br \/>\nLength of Scholarship Offer \u2014 Two years<br \/>\nValue &#8211; Full value of fees and text books for two years plus $100 uniform voucher in the first year (approximate<br \/>\nvalue $2000)<\/p>\n<p><strong>Liderlik ve Topluma Katk\u0131 Burslar\u0131<\/strong><br \/>\nThese scholarships are available to students with a solid academic record who have demonstrated either leadership skills or have made a significant demonstrable contribution to their community.<br \/>\nNumber to be awarded \u2014 College discretion<br \/>\nLength of Scholarship Offer \u2014 Two years<br \/>\nValue \u2014 Full value of fees and text books for two years plus $100 uniform voucher in the first year (approximate value $2000)<\/p>\n<p><strong>Arts Scholarships<\/strong><br \/>\nArts Scholarships are available to students who have demonstrated ability and a strong interest in music, fine arts or multi-media, together with a sound performance in general studies.Number to be awarded \u2014 College discretion<br \/>\nLength of Scholarship Offer \u2014 Two years<br \/>\nValue \u2014 Full value of fees and text books for two years plus $100 uniform voucher in the first year (approximate value $2000)<\/p>\n<p><strong>Sport Scholarships (Male and Female)<\/strong><br \/>\nThese are available to students who have demonstrated high sporting aptitude and endeavour. Personal qualities of fair play and leadership are important, together with sound academic abilities and a strong work ethic.<br \/>\nNumber to be awarded \u2014 College discretion<br \/>\nLength of Scholarship Offer \u2014 Two years<br \/>\nValue \u2014 Full value of fees and text books for two years plus $100 uniform voucher in the first year (approximate value $2000<\/p>\n<p><strong>Burs Ba\u015fvurular\u0131<\/strong><br \/>\nAll Scholarship Enquiries should be directed to the Business Manager or Assistant Principal Ms V Dass on 93081144 or Email: craigieburn.sc@education.vic.edu.au<\/p>\n<p>Parents and carer should complete the preliminary application, available from the general office, return to the school email: craigieburn.sc@education.vic.edu.au or post directly to the Scholarship Registrar at the address below &#8211; <strong><a href=\"https:\/\/craigieburnsc.vic.edu.au\/wp-content\/uploads\/2024\/04\/CRAIG-Scholarship-Application-Form-2025.pdf\" target=\"_blank\" rel=\"noopener\">Download Application Form Here<\/a><\/strong>:<\/p>\n<p>Burs Kay\u0131t Memuru<br \/>\nCraigieburn Ortaokulu<br \/>\n102 Hothlyn S\u00fcr\u00fcc\u00fcs\u00fc,<br \/>\nCraigieburn Victoria 3064<\/p>\n<p>Bu \u00f6n ba\u015fvurunun al\u0131nmas\u0131n\u0131n ard\u0131ndan daha fazla bilgi ve g\u00f6r\u00fc\u015fme s\u00fcresi iletilecektir.<\/p>","protected":false},"excerpt":{"rendered":"<p>Craigieburn Secondary College Scholarships are available to responsible young people prepared to strive for their personal best at secondary level and who will become a credit to their families, community and the college. Scholarships are awarded on the basis of an interview, involving the applicant and a parent\/carer, held at the college together with additional [&hellip;]<\/p>\n","protected":false},"author":1,"featured_media":3013,"parent":48,"menu_order":0,"comment_status":"closed","ping_status":"closed","template":"","meta":{"_acf_changed":false,"footnotes":""},"class_list":["post-1483","page","type-page","status-publish","has-post-thumbnail","hentry"],"acf":[],"yoast_head":"<!-- This site is optimized with the Yoast SEO plugin v27.0 - https:\/\/yoast.com\/product\/yoast-seo-wordpress\/ -->\n<title>Year 7 Scholarship - Applications Closed - Craigieburn Secondary College<\/title>\n<meta name=\"robots\" content=\"index, follow, max-snippet:-1, max-image-preview:large, max-video-preview:-1\" \/>\n<link rel=\"canonical\" href=\"https:\/\/craigieburnsc.vic.edu.au\/tr\/support\/year-7-scholarship\/\" \/>\n<meta property=\"og:locale\" content=\"tr_TR\" \/>\n<meta property=\"og:type\" content=\"article\" \/>\n<meta property=\"og:title\" content=\"Year 7 Scholarship - Applications Closed - Craigieburn Secondary College\" \/>\n<meta property=\"og:description\" content=\"Craigieburn Secondary College Scholarships are available to responsible young people prepared to strive for their personal best at secondary level and who will become a credit to their families, community and the college. Scholarships are awarded on the basis of an interview, involving the applicant and a parent\/carer, held at the college together with additional [&hellip;]\" \/>\n<meta property=\"og:url\" content=\"https:\/\/craigieburnsc.vic.edu.au\/tr\/support\/year-7-scholarship\/\" \/>\n<meta property=\"og:site_name\" content=\"Craigieburn Secondary College\" \/>\n<meta property=\"article:publisher\" content=\"https:\/\/www.facebook.com\/Craigieburn-Secondary-College-Alumni-Program-107789014159714\/\" \/>\n<meta property=\"article:modified_time\" content=\"2025-12-17T05:28:01+00:00\" \/>\n<meta property=\"og:image\" content=\"https:\/\/craigieburnsc.vic.edu.au\/wp-content\/uploads\/2022\/06\/DSCN6448.jpg\" \/>\n\t<meta property=\"og:image:width\" content=\"1920\" \/>\n\t<meta property=\"og:image:height\" content=\"1080\" \/>\n\t<meta property=\"og:image:type\" content=\"image\/jpeg\" \/>\n<meta name=\"twitter:card\" content=\"summary_large_image\" \/>\n<script type=\"application\/ld+json\" class=\"yoast-schema-graph\">{\"@context\":\"https:\/\/schema.org\",\"@graph\":[{\"@type\":\"WebPage\",\"@id\":\"https:\/\/craigieburnsc.vic.edu.au\/support\/year-7-scholarship\/\",\"url\":\"https:\/\/craigieburnsc.vic.edu.au\/support\/year-7-scholarship\/\",\"name\":\"Year 7 Scholarship - Applications Closed - Craigieburn Secondary College\",\"isPartOf\":{\"@id\":\"https:\/\/craigieburnsc.vic.edu.au\/#website\"},\"primaryImageOfPage\":{\"@id\":\"https:\/\/craigieburnsc.vic.edu.au\/support\/year-7-scholarship\/#primaryimage\"},\"image\":{\"@id\":\"https:\/\/craigieburnsc.vic.edu.au\/support\/year-7-scholarship\/#primaryimage\"},\"thumbnailUrl\":\"https:\/\/craigieburnsc.vic.edu.au\/wp-content\/uploads\/2022\/06\/DSCN6448.jpg\",\"datePublished\":\"2021-09-28T06:29:08+00:00\",\"dateModified\":\"2025-12-17T05:28:01+00:00\",\"breadcrumb\":{\"@id\":\"https:\/\/craigieburnsc.vic.edu.au\/support\/year-7-scholarship\/#breadcrumb\"},\"inLanguage\":\"tr\",\"potentialAction\":[{\"@type\":\"ReadAction\",\"target\":[\"https:\/\/craigieburnsc.vic.edu.au\/support\/year-7-scholarship\/\"]}]},{\"@type\":\"ImageObject\",\"inLanguage\":\"tr\",\"@id\":\"https:\/\/craigieburnsc.vic.edu.au\/support\/year-7-scholarship\/#primaryimage\",\"url\":\"https:\/\/craigieburnsc.vic.edu.au\/wp-content\/uploads\/2022\/06\/DSCN6448.jpg\",\"contentUrl\":\"https:\/\/craigieburnsc.vic.edu.au\/wp-content\/uploads\/2022\/06\/DSCN6448.jpg\",\"width\":1920,\"height\":1080},{\"@type\":\"BreadcrumbList\",\"@id\":\"https:\/\/craigieburnsc.vic.edu.au\/support\/year-7-scholarship\/#breadcrumb\",\"itemListElement\":[{\"@type\":\"ListItem\",\"position\":1,\"name\":\"Home\",\"item\":\"https:\/\/craigieburnsc.vic.edu.au\/\"},{\"@type\":\"ListItem\",\"position\":2,\"name\":\"Support\",\"item\":\"https:\/\/craigieburnsc.vic.edu.au\/support\/\"},{\"@type\":\"ListItem\",\"position\":3,\"name\":\"Year 7 Scholarship &#8211; Applications Closed\"}]},{\"@type\":\"WebSite\",\"@id\":\"https:\/\/craigieburnsc.vic.edu.au\/#website\",\"url\":\"https:\/\/craigieburnsc.vic.edu.au\/\",\"name\":\"Craigieburn Secondary College\",\"description\":\"CSC Craigieburn Secondary College\",\"publisher\":{\"@id\":\"https:\/\/craigieburnsc.vic.edu.au\/#organization\"},\"potentialAction\":[{\"@type\":\"SearchAction\",\"target\":{\"@type\":\"EntryPoint\",\"urlTemplate\":\"https:\/\/craigieburnsc.vic.edu.au\/?s={search_term_string}\"},\"query-input\":{\"@type\":\"PropertyValueSpecification\",\"valueRequired\":true,\"valueName\":\"search_term_string\"}}],\"inLanguage\":\"tr\"},{\"@type\":\"Organization\",\"@id\":\"https:\/\/craigieburnsc.vic.edu.au\/#organization\",\"name\":\"Craigieburn Secondary College\",\"url\":\"https:\/\/craigieburnsc.vic.edu.au\/\",\"logo\":{\"@type\":\"ImageObject\",\"inLanguage\":\"tr\",\"@id\":\"https:\/\/craigieburnsc.vic.edu.au\/#\/schema\/logo\/image\/\",\"url\":\"https:\/\/craigieburn.wepushbuttons.com.au\/wp-content\/uploads\/2021\/09\/01a3505e.jpg\",\"contentUrl\":\"https:\/\/craigieburn.wepushbuttons.com.au\/wp-content\/uploads\/2021\/09\/01a3505e.jpg\",\"width\":734,\"height\":374,\"caption\":\"Craigieburn Secondary College\"},\"image\":{\"@id\":\"https:\/\/craigieburnsc.vic.edu.au\/#\/schema\/logo\/image\/\"},\"sameAs\":[\"https:\/\/www.facebook.com\/Craigieburn-Secondary-College-Alumni-Program-107789014159714\/\"]}]}<\/script>\n<!-- \/ Yoast SEO plugin. -->","yoast_head_json":{"title":"Year 7 Scholarship - Applications Closed - Craigieburn Secondary College","robots":{"index":"index","follow":"follow","max-snippet":"max-snippet:-1","max-image-preview":"max-image-preview:large","max-video-preview":"max-video-preview:-1"},"canonical":"https:\/\/craigieburnsc.vic.edu.au\/tr\/support\/year-7-scholarship\/","og_locale":"tr_TR","og_type":"article","og_title":"Year 7 Scholarship - Applications Closed - Craigieburn Secondary College","og_description":"Craigieburn Secondary College Scholarships are available to responsible young people prepared to strive for their personal best at secondary level and who will become a credit to their families, community and the college. Scholarships are awarded on the basis of an interview, involving the applicant and a parent\/carer, held at the college together with additional [&hellip;]","og_url":"https:\/\/craigieburnsc.vic.edu.au\/tr\/support\/year-7-scholarship\/","og_site_name":"Craigieburn Secondary College","article_publisher":"https:\/\/www.facebook.com\/Craigieburn-Secondary-College-Alumni-Program-107789014159714\/","article_modified_time":"2025-12-17T05:28:01+00:00","og_image":[{"width":1920,"height":1080,"url":"https:\/\/craigieburnsc.vic.edu.au\/wp-content\/uploads\/2022\/06\/DSCN6448.jpg","type":"image\/jpeg"}],"twitter_card":"summary_large_image","schema":{"@context":"https:\/\/schema.org","@graph":[{"@type":"WebPage","@id":"https:\/\/craigieburnsc.vic.edu.au\/support\/year-7-scholarship\/","url":"https:\/\/craigieburnsc.vic.edu.au\/support\/year-7-scholarship\/","name":"Year 7 Scholarship - Applications Closed - Craigieburn Secondary College","isPartOf":{"@id":"https:\/\/craigieburnsc.vic.edu.au\/#website"},"primaryImageOfPage":{"@id":"https:\/\/craigieburnsc.vic.edu.au\/support\/year-7-scholarship\/#primaryimage"},"image":{"@id":"https:\/\/craigieburnsc.vic.edu.au\/support\/year-7-scholarship\/#primaryimage"},"thumbnailUrl":"https:\/\/craigieburnsc.vic.edu.au\/wp-content\/uploads\/2022\/06\/DSCN6448.jpg","datePublished":"2021-09-28T06:29:08+00:00","dateModified":"2025-12-17T05:28:01+00:00","breadcrumb":{"@id":"https:\/\/craigieburnsc.vic.edu.au\/support\/year-7-scholarship\/#breadcrumb"},"inLanguage":"tr","potentialAction":[{"@type":"ReadAction","target":["https:\/\/craigieburnsc.vic.edu.au\/support\/year-7-scholarship\/"]}]},{"@type":"ImageObject","inLanguage":"tr","@id":"https:\/\/craigieburnsc.vic.edu.au\/support\/year-7-scholarship\/#primaryimage","url":"https:\/\/craigieburnsc.vic.edu.au\/wp-content\/uploads\/2022\/06\/DSCN6448.jpg","contentUrl":"https:\/\/craigieburnsc.vic.edu.au\/wp-content\/uploads\/2022\/06\/DSCN6448.jpg","width":1920,"height":1080},{"@type":"BreadcrumbList","@id":"https:\/\/craigieburnsc.vic.edu.au\/support\/year-7-scholarship\/#breadcrumb","itemListElement":[{"@type":"ListItem","position":1,"name":"Home","item":"https:\/\/craigieburnsc.vic.edu.au\/"},{"@type":"ListItem","position":2,"name":"Support","item":"https:\/\/craigieburnsc.vic.edu.au\/support\/"},{"@type":"ListItem","position":3,"name":"Year 7 Scholarship &#8211; Applications Closed"}]},{"@type":"WebSite","@id":"https:\/\/craigieburnsc.vic.edu.au\/#website","url":"https:\/\/craigieburnsc.vic.edu.au\/","name":"Craigieburn Ortaokulu","description":"CSC Craigieburn Ortaokulu","publisher":{"@id":"https:\/\/craigieburnsc.vic.edu.au\/#organization"},"potentialAction":[{"@type":"SearchAction","target":{"@type":"EntryPoint","urlTemplate":"https:\/\/craigieburnsc.vic.edu.au\/?s={search_term_string}"},"query-input":{"@type":"PropertyValueSpecification","valueRequired":true,"valueName":"search_term_string"}}],"inLanguage":"tr"},{"@type":"Organization","@id":"https:\/\/craigieburnsc.vic.edu.au\/#organization","name":"Craigieburn Ortaokulu","url":"https:\/\/craigieburnsc.vic.edu.au\/","logo":{"@type":"ImageObject","inLanguage":"tr","@id":"https:\/\/craigieburnsc.vic.edu.au\/#\/schema\/logo\/image\/","url":"https:\/\/craigieburn.wepushbuttons.com.au\/wp-content\/uploads\/2021\/09\/01a3505e.jpg","contentUrl":"https:\/\/craigieburn.wepushbuttons.com.au\/wp-content\/uploads\/2021\/09\/01a3505e.jpg","width":734,"height":374,"caption":"Craigieburn Secondary College"},"image":{"@id":"https:\/\/craigieburnsc.vic.edu.au\/#\/schema\/logo\/image\/"},"sameAs":["https:\/\/www.facebook.com\/Craigieburn-Secondary-College-Alumni-Program-107789014159714\/"]}]}},"_links":{"self":[{"href":"https:\/\/craigieburnsc.vic.edu.au\/tr\/wp-json\/wp\/v2\/pages\/1483","targetHints":{"allow":["GET"]}}],"collection":[{"href":"https:\/\/craigieburnsc.vic.edu.au\/tr\/wp-json\/wp\/v2\/pages"}],"about":[{"href":"https:\/\/craigieburnsc.vic.edu.au\/tr\/wp-json\/wp\/v2\/types\/page"}],"author":[{"embeddable":true,"href":"https:\/\/craigieburnsc.vic.edu.au\/tr\/wp-json\/wp\/v2\/users\/1"}],"replies":[{"embeddable":true,"href":"https:\/\/craigieburnsc.vic.edu.au\/tr\/wp-json\/wp\/v2\/comments?post=1483"}],"version-history":[{"count":28,"href":"https:\/\/craigieburnsc.vic.edu.au\/tr\/wp-json\/wp\/v2\/pages\/1483\/revisions"}],"predecessor-version":[{"id":6959,"href":"https:\/\/craigieburnsc.vic.edu.au\/tr\/wp-json\/wp\/v2\/pages\/1483\/revisions\/6959"}],"up":[{"embeddable":true,"href":"https:\/\/craigieburnsc.vic.edu.au\/tr\/wp-json\/wp\/v2\/pages\/48"}],"wp:featuredmedia":[{"embeddable":true,"href":"https:\/\/craigieburnsc.vic.edu.au\/tr\/wp-json\/wp\/v2\/media\/3013"}],"wp:attachment":[{"href":"https:\/\/craigieburnsc.vic.edu.au\/tr\/wp-json\/wp\/v2\/media?parent=1483"}],"curies":[{"name":"wp","href":"https:\/\/api.w.org\/{rel}","templated":true}]}}