{"id":2056,"date":"2021-10-25T13:23:32","date_gmt":"2021-10-25T02:23:32","guid":{"rendered":"https:\/\/craigieburnsc.vic.edu.au\/?page_id=2056"},"modified":"2023-05-03T14:04:34","modified_gmt":"2023-05-03T04:04:34","slug":"find-my-school-website","status":"publish","type":"page","link":"https:\/\/craigieburnsc.vic.edu.au\/tr\/enrolment\/find-my-school-website\/","title":{"rendered":"Designated Neighbourhood School &#038; Find My School Website"},"content":{"rendered":"<h3>Belirlenmi\u015f Mahalle Okulu<\/h3>\n<p>In Victoria, children of compulsory school age are entitled to be enrolled at their <a href=\"https:\/\/www2.education.vic.gov.au\/pal\/enrolment\/guidance\/eligibility-enrol-victorian-government-school\" target=\"_blank\" rel=\"noopener\">designated neighbourhood school<\/a>. The designated neighbourhood school is generally the government school within closest proximity to the student\u2019s permanent residential address, unless the Minister or their delegate (such as the Regional Director) has restricted the zone of a school. In such cases, a child\u2019s designated neighbourhood school may not be their nearest school.<\/p>\n<p>Students are able to apply for a place at a school that is not their designated neighbourhood school. All requests from students living outside the school\u2019s zone will be considered by the Principal at the preferred school.<\/p>\n<p>Yeterli yer varsa, alt\u0131nda <a href=\"https:\/\/www2.education.vic.gov.au\/pal\/enrolment\/guidance\/placement-policy\" target=\"_blank\" rel=\"noopener\">Yerle\u015ftirme Politikas\u0131<\/a> Devlet okullar\u0131n\u0131n, okula kay\u0131t yapt\u0131rmak isteyen okul \u00e7a\u011f\u0131ndaki t\u00fcm \u00f6\u011frencileri kabul etmesi beklenmektedir.<\/p>\n<p>Where there are insufficient places at a school for all students who seek entry, students are enrolled according to the Placement Policy&#8217;s priority order of placement, which has six criteria. Schools ensure that all applicants eligible under a criterion have been offered a place before moving to consideration of the next. All students for whom the school is the designated neighbourhood school are guaranteed a place. The priority order of placement is as follows:<\/p>\n<ul>\n<li>Okulun belirlenen mahalle okulu oldu\u011fu \u00f6\u011frenciler<\/li>\n<li>Ayn\u0131 daimi adreste karde\u015fi olan ve ayn\u0131 zamanda okula devam eden \u00f6\u011frenciler<\/li>\n<li>B\u00f6lge M\u00fcd\u00fcr\u00fcn\u00fcn kayd\u0131 k\u0131s\u0131tlad\u0131\u011f\u0131 durumlarda, okula en yak\u0131n ikamet eden \u00f6\u011frenciler<\/li>\n<li>Belirli m\u00fcfredat gerek\u00e7esiyle kay\u0131t yapt\u0131rmak isteyen \u00f6\u011frenciler<\/li>\n<li>Di\u011fer t\u00fcm \u00f6\u011frenciler evlerinin okula yak\u0131nl\u0131k s\u0131ras\u0131na g\u00f6re.<\/li>\n<li>\u0130stisnai durumlarda, \u015fefkatli gerek\u00e7eler.<\/li>\n<li>Karde\u015fler, k\u0131s\u0131tl\u0131 kay\u0131t ve itirazlar hakk\u0131nda daha fazla bilgi i\u00e7in bkz. <a href=\"https:\/\/www2.education.vic.gov.au\/pal\/enrolment\/guidance\/placement-policy\" target=\"_blank\" rel=\"noopener\">Yerle\u015ftirme Politikas\u0131 Y\u00f6nergeleri<\/a><\/li>\n<\/ul>\n<h3>Yerle\u015ftirme Politikas\u0131<\/h3>\n<h6>Please note: The Placement Policy, in particular the priority order of placement, has changed since the beginning of the 2023 school year. All enrolment decisions made from the start of Term 2, 2023 should be made in accordance with the current Placement Policy as outlined on the <a href=\"https:\/\/www2.education.vic.gov.au\/pal\/enrolment\/guidance\/placement-policy\" target=\"_blank\" rel=\"noopener\">DET Placement Policy<\/a> webpage.<\/h6>\n<p>This section of the department\u2019s enrolment guidelines outlines the obligations on Victorian government schools in relation to placement of students and is referred to as the Placement Policy.<\/p>\n<p>The department\u2019s Placement Policy embeds the legal entitlement for students to enrol at their designated neighbourhood school, and to enrol at another school if there is sufficient accommodation.<\/p>\n<p>All Victorian government schools must manage enrolments in accordance with this Placement Policy, except those schools where the Minister or delegate has approved specific entry criteria, being:<\/p>\n<ul>\n<li>select entry high schools<\/li>\n<li>specialist schools<\/li>\n<li>English Language Schools and Centres<\/li>\n<li>camp and outdoor schools<\/li>\n<li>hospital schools and teaching units<\/li>\n<li>distance schools<\/li>\n<li>flexible learning government schools and flexible learning campuses<\/li>\n<li>any other school with entry criteria as approved by the Minister or delegate.<\/li>\n<\/ul>\n<p>The Placement Policy applies to the placement of students at all year levels, from Foundation (Prep) to Year 12. Single-sex government schools are required to follow the Placement Policy, noting that only students of the requisite gender are eligible to apply.<\/p>\n<p>Specialist schools are subject to different placement requirements than those described in the Placement Policy. For more information, refer to:\u00a0<a class=\"rpl-link rpl-link--nuxt rpl-text-link\" href=\"https:\/\/www2.education.vic.gov.au\/pal\/enrolment\/guidance\/enrolment-specialist-schools\" data-print-url=\"http:\/\/www2.education.vic.gov.au\/pal\/enrolment\/guidance\/enrolment-specialist-schools\"><span class=\"rpl-link__inner\"><span class=\"rpl-text-label\">Enrolment in specialist schools<\/span><\/span><\/a>.<\/p>\n<p>If families are seeking to better understand the Placement Policy, please refer them to:\u00a0<a class=\"rpl-link rpl-text-link\" href=\"https:\/\/www.vic.gov.au\/starting-school\" target=\"_blank\" rel=\"noopener\" data-print-url=\"https:\/\/www.vic.gov.au\/starting-school\"><span class=\"rpl-link__inner\"><span class=\"rpl-text-label\">Starting\u00a0<span class=\"rpl-text-icon__group\">school<\/span><\/span><\/span><\/a><\/p>\n<p><em><strong>Source: Victoria Government (6 April 2023) <a href=\"https:\/\/www2.education.vic.gov.au\/pal\/enrolment\/guidance\/placement-policy\" target=\"_blank\" rel=\"noopener\">Yerle\u015ftirme Politikas\u0131<\/a><\/strong><\/em><\/p>\n<h3>Okulumu Bul<\/h3>\n<p>Victoria H\u00fck\u00fcmeti\u00a0 <a href=\"https:\/\/www.findmyschool.vic.gov.au\/\">Okulumu Bul<\/a> web sitesi, Victoria&#039;daki t\u00fcm ana okul b\u00f6lgelerini g\u00f6rsel olarak temsil eder. Belirlenmi\u015f bir mahalle okulu, bir yerle\u015fim adresi aramas\u0131yla VEYA bir okul ad\u0131n\u0131 kullanarak arama yaparak bulabilirsiniz.<\/p>\n<p>Sonu\u00e7 \u015funlar\u0131 g\u00f6sterecektir:<\/p>\n<ul>\n<li>ikamet adresine g\u00f6re okulun b\u00f6lgedeki konumu (varsa)<\/li>\n<li>okul, b\u00f6lgesi ve okul web sitesine bir ba\u011flant\u0131 hakk\u0131nda bilgi.<\/li>\n<\/ul>\n<p>For the Department of Education and Training\u2019s frequently asked Enrolment and Find My School questions visit <a href=\"https:\/\/craigieburnsc.vic.edu.au\/wp-content\/uploads\/2022\/04\/enrolment-faqs-school.pdf\">SSS<\/a> ve daha fazla bilgi i\u00e7in ziyaret edin <a href=\"https:\/\/www.vic.gov.au\/school-zones\">Okul B\u00f6lgeleri<\/a><\/p>\n<div>\n<div class=\"small-text\">Her \u00f6\u011frencinin belirlenen mahalle Devlet okuluna gitme hakk\u0131 vard\u0131r. Engelli aday \u00f6\u011frenciler, engelli olmayan \u00f6\u011frencilerle ayn\u0131 temelde kay\u0131t olabilmelerini sa\u011flamak i\u00e7in gerekli olan makul ayarlamalar da dahil olmak \u00fczere, engelli olmayan \u00f6\u011frencilerle ayn\u0131 temelde bir e\u011fitim kurumuna kaydolma hakk\u0131na sahiptir. : g\u00f6rmek: <a href=\"https:\/\/www.vic.gov.au\/disability-rights-and-responsibilities-schools\" target=\"_blank\" rel=\"noopener\">Haklar ve sorumluluklar.<\/a><\/div>\n<\/div>\n<p>Uzman okul kayd\u0131 ve ula\u015f\u0131m deste\u011fi hakk\u0131nda daha fazla bilgi i\u00e7in, bak\u0131n\u0131z: <a href=\"https:\/\/www.vic.gov.au\/school-zones\" target=\"_blank\" rel=\"noopener\">Okul B\u00f6lgeleri<\/a>, <a href=\"https:\/\/www.vic.gov.au\/how-choose-school-and-enrol\" target=\"_blank\" rel=\"noopener\">Okula kaydol<\/a> ve <a href=\"https:\/\/www.vic.gov.au\/getting-to-from-school-students-disability\" target=\"_blank\" rel=\"noopener\">okula gitmek<\/a>.<\/p>\n<p><a href=\"https:\/\/www.findmyschool.vic.gov.au\/#school=1870501\">Craigieburn Ortaokulu Okul B\u00f6lgesi Haritas\u0131<\/a><\/p>\n<h3 id=\"appealing-enrolment-decisions\">Appealing enrolment decisions<\/h3>\n<p>Parents and carers are able to appeal against a school\u2019s decision not to provide a placement. This can occur in relation to enrolments at Foundation, placements at Year 7, or placements at other year levels. For more information visit <a href=\"https:\/\/www2.education.vic.gov.au\/pal\/enrolment\/guidance\/appealing-enrolment-decisions\" target=\"_blank\" rel=\"noopener\">Appealing Enrolment Decisions<\/a><\/p>\n<p><img loading=\"lazy\" decoding=\"async\" class=\"aligncenter size-full wp-image-835\" src=\"https:\/\/craigieburnsc.vic.edu.au\/wp-content\/uploads\/2021\/09\/findmyschoolmap.png\" alt=\"\" width=\"1468\" height=\"921\" srcset=\"https:\/\/craigieburnsc.vic.edu.au\/wp-content\/uploads\/2021\/09\/findmyschoolmap.png 1468w, https:\/\/craigieburnsc.vic.edu.au\/wp-content\/uploads\/2021\/09\/findmyschoolmap-300x188.png 300w, https:\/\/craigieburnsc.vic.edu.au\/wp-content\/uploads\/2021\/09\/findmyschoolmap-1024x642.png 1024w, https:\/\/craigieburnsc.vic.edu.au\/wp-content\/uploads\/2021\/09\/findmyschoolmap-768x482.png 768w, https:\/\/craigieburnsc.vic.edu.au\/wp-content\/uploads\/2021\/09\/findmyschoolmap-24x15.png 24w, https:\/\/craigieburnsc.vic.edu.au\/wp-content\/uploads\/2021\/09\/findmyschoolmap-36x23.png 36w, https:\/\/craigieburnsc.vic.edu.au\/wp-content\/uploads\/2021\/09\/findmyschoolmap-72x45.png 72w, https:\/\/craigieburnsc.vic.edu.au\/wp-content\/uploads\/2021\/09\/findmyschoolmap-48x30.png 48w\" sizes=\"auto, (max-width: 1468px) 100vw, 1468px\" \/><\/p>","protected":false},"excerpt":{"rendered":"<p>Designated Neighbourhood School In Victoria, children of compulsory school age are entitled to be enrolled at their designated neighbourhood school. The designated neighbourhood school is generally the government school within closest proximity to the student\u2019s permanent residential address, unless the Minister or their delegate (such as the Regional Director) has restricted the zone of a [&hellip;]<\/p>\n","protected":false},"author":5,"featured_media":0,"parent":46,"menu_order":0,"comment_status":"closed","ping_status":"closed","template":"","meta":{"_acf_changed":false,"footnotes":""},"class_list":["post-2056","page","type-page","status-publish","hentry"],"acf":[],"yoast_head":"<!-- This site is optimized with the Yoast SEO plugin v27.0 - https:\/\/yoast.com\/product\/yoast-seo-wordpress\/ -->\n<title>Designated Neighbourhood School &amp; Find My School Website - Craigieburn Secondary College<\/title>\n<meta name=\"robots\" content=\"index, follow, max-snippet:-1, max-image-preview:large, max-video-preview:-1\" \/>\n<link rel=\"canonical\" href=\"https:\/\/craigieburnsc.vic.edu.au\/tr\/enrolment\/find-my-school-website\/\" \/>\n<meta property=\"og:locale\" content=\"tr_TR\" \/>\n<meta property=\"og:type\" content=\"article\" \/>\n<meta property=\"og:title\" content=\"Designated Neighbourhood School &amp; Find My School Website - Craigieburn Secondary College\" \/>\n<meta property=\"og:description\" content=\"Designated Neighbourhood School In Victoria, children of compulsory school age are entitled to be enrolled at their designated neighbourhood school. The designated neighbourhood school is generally the government school within closest proximity to the student\u2019s permanent residential address, unless the Minister or their delegate (such as the Regional Director) has restricted the zone of a [&hellip;]\" \/>\n<meta property=\"og:url\" content=\"https:\/\/craigieburnsc.vic.edu.au\/tr\/enrolment\/find-my-school-website\/\" \/>\n<meta property=\"og:site_name\" content=\"Craigieburn Secondary College\" \/>\n<meta property=\"article:publisher\" content=\"https:\/\/www.facebook.com\/Craigieburn-Secondary-College-Alumni-Program-107789014159714\/\" \/>\n<meta property=\"article:modified_time\" content=\"2023-05-03T04:04:34+00:00\" \/>\n<meta property=\"og:image\" content=\"https:\/\/craigieburnsc.vic.edu.au\/wp-content\/uploads\/2021\/09\/findmyschoolmap.png\" \/>\n<meta name=\"twitter:card\" content=\"summary_large_image\" \/>\n<script type=\"application\/ld+json\" class=\"yoast-schema-graph\">{\"@context\":\"https:\/\/schema.org\",\"@graph\":[{\"@type\":\"WebPage\",\"@id\":\"https:\/\/craigieburnsc.vic.edu.au\/enrolment\/find-my-school-website\/\",\"url\":\"https:\/\/craigieburnsc.vic.edu.au\/enrolment\/find-my-school-website\/\",\"name\":\"Designated Neighbourhood School & Find My School Website - Craigieburn Secondary College\",\"isPartOf\":{\"@id\":\"https:\/\/craigieburnsc.vic.edu.au\/#website\"},\"primaryImageOfPage\":{\"@id\":\"https:\/\/craigieburnsc.vic.edu.au\/enrolment\/find-my-school-website\/#primaryimage\"},\"image\":{\"@id\":\"https:\/\/craigieburnsc.vic.edu.au\/enrolment\/find-my-school-website\/#primaryimage\"},\"thumbnailUrl\":\"https:\/\/craigieburnsc.vic.edu.au\/wp-content\/uploads\/2021\/09\/findmyschoolmap.png\",\"datePublished\":\"2021-10-25T02:23:32+00:00\",\"dateModified\":\"2023-05-03T04:04:34+00:00\",\"breadcrumb\":{\"@id\":\"https:\/\/craigieburnsc.vic.edu.au\/enrolment\/find-my-school-website\/#breadcrumb\"},\"inLanguage\":\"tr\",\"potentialAction\":[{\"@type\":\"ReadAction\",\"target\":[\"https:\/\/craigieburnsc.vic.edu.au\/enrolment\/find-my-school-website\/\"]}]},{\"@type\":\"ImageObject\",\"inLanguage\":\"tr\",\"@id\":\"https:\/\/craigieburnsc.vic.edu.au\/enrolment\/find-my-school-website\/#primaryimage\",\"url\":\"https:\/\/craigieburnsc.vic.edu.au\/wp-content\/uploads\/2021\/09\/findmyschoolmap.png\",\"contentUrl\":\"https:\/\/craigieburnsc.vic.edu.au\/wp-content\/uploads\/2021\/09\/findmyschoolmap.png\"},{\"@type\":\"BreadcrumbList\",\"@id\":\"https:\/\/craigieburnsc.vic.edu.au\/enrolment\/find-my-school-website\/#breadcrumb\",\"itemListElement\":[{\"@type\":\"ListItem\",\"position\":1,\"name\":\"Home\",\"item\":\"https:\/\/craigieburnsc.vic.edu.au\/\"},{\"@type\":\"ListItem\",\"position\":2,\"name\":\"Enrolment\",\"item\":\"https:\/\/craigieburnsc.vic.edu.au\/enrolment\/\"},{\"@type\":\"ListItem\",\"position\":3,\"name\":\"Designated Neighbourhood School &#038; Find My School Website\"}]},{\"@type\":\"WebSite\",\"@id\":\"https:\/\/craigieburnsc.vic.edu.au\/#website\",\"url\":\"https:\/\/craigieburnsc.vic.edu.au\/\",\"name\":\"Craigieburn Secondary College\",\"description\":\"CSC Craigieburn Secondary College\",\"publisher\":{\"@id\":\"https:\/\/craigieburnsc.vic.edu.au\/#organization\"},\"potentialAction\":[{\"@type\":\"SearchAction\",\"target\":{\"@type\":\"EntryPoint\",\"urlTemplate\":\"https:\/\/craigieburnsc.vic.edu.au\/?s={search_term_string}\"},\"query-input\":{\"@type\":\"PropertyValueSpecification\",\"valueRequired\":true,\"valueName\":\"search_term_string\"}}],\"inLanguage\":\"tr\"},{\"@type\":\"Organization\",\"@id\":\"https:\/\/craigieburnsc.vic.edu.au\/#organization\",\"name\":\"Craigieburn Secondary College\",\"url\":\"https:\/\/craigieburnsc.vic.edu.au\/\",\"logo\":{\"@type\":\"ImageObject\",\"inLanguage\":\"tr\",\"@id\":\"https:\/\/craigieburnsc.vic.edu.au\/#\/schema\/logo\/image\/\",\"url\":\"https:\/\/craigieburn.wepushbuttons.com.au\/wp-content\/uploads\/2021\/09\/01a3505e.jpg\",\"contentUrl\":\"https:\/\/craigieburn.wepushbuttons.com.au\/wp-content\/uploads\/2021\/09\/01a3505e.jpg\",\"width\":734,\"height\":374,\"caption\":\"Craigieburn Secondary College\"},\"image\":{\"@id\":\"https:\/\/craigieburnsc.vic.edu.au\/#\/schema\/logo\/image\/\"},\"sameAs\":[\"https:\/\/www.facebook.com\/Craigieburn-Secondary-College-Alumni-Program-107789014159714\/\"]}]}<\/script>\n<!-- \/ Yoast SEO plugin. -->","yoast_head_json":{"title":"Designated Neighbourhood School & Find My School Website - Craigieburn Secondary College","robots":{"index":"index","follow":"follow","max-snippet":"max-snippet:-1","max-image-preview":"max-image-preview:large","max-video-preview":"max-video-preview:-1"},"canonical":"https:\/\/craigieburnsc.vic.edu.au\/tr\/enrolment\/find-my-school-website\/","og_locale":"tr_TR","og_type":"article","og_title":"Designated Neighbourhood School & Find My School Website - Craigieburn Secondary College","og_description":"Designated Neighbourhood School In Victoria, children of compulsory school age are entitled to be enrolled at their designated neighbourhood school. The designated neighbourhood school is generally the government school within closest proximity to the student\u2019s permanent residential address, unless the Minister or their delegate (such as the Regional Director) has restricted the zone of a [&hellip;]","og_url":"https:\/\/craigieburnsc.vic.edu.au\/tr\/enrolment\/find-my-school-website\/","og_site_name":"Craigieburn Secondary College","article_publisher":"https:\/\/www.facebook.com\/Craigieburn-Secondary-College-Alumni-Program-107789014159714\/","article_modified_time":"2023-05-03T04:04:34+00:00","og_image":[{"url":"https:\/\/craigieburnsc.vic.edu.au\/wp-content\/uploads\/2021\/09\/findmyschoolmap.png","type":"","width":"","height":""}],"twitter_card":"summary_large_image","schema":{"@context":"https:\/\/schema.org","@graph":[{"@type":"WebPage","@id":"https:\/\/craigieburnsc.vic.edu.au\/enrolment\/find-my-school-website\/","url":"https:\/\/craigieburnsc.vic.edu.au\/enrolment\/find-my-school-website\/","name":"Designated Neighbourhood School & Find My School Website - Craigieburn Secondary College","isPartOf":{"@id":"https:\/\/craigieburnsc.vic.edu.au\/#website"},"primaryImageOfPage":{"@id":"https:\/\/craigieburnsc.vic.edu.au\/enrolment\/find-my-school-website\/#primaryimage"},"image":{"@id":"https:\/\/craigieburnsc.vic.edu.au\/enrolment\/find-my-school-website\/#primaryimage"},"thumbnailUrl":"https:\/\/craigieburnsc.vic.edu.au\/wp-content\/uploads\/2021\/09\/findmyschoolmap.png","datePublished":"2021-10-25T02:23:32+00:00","dateModified":"2023-05-03T04:04:34+00:00","breadcrumb":{"@id":"https:\/\/craigieburnsc.vic.edu.au\/enrolment\/find-my-school-website\/#breadcrumb"},"inLanguage":"tr","potentialAction":[{"@type":"ReadAction","target":["https:\/\/craigieburnsc.vic.edu.au\/enrolment\/find-my-school-website\/"]}]},{"@type":"ImageObject","inLanguage":"tr","@id":"https:\/\/craigieburnsc.vic.edu.au\/enrolment\/find-my-school-website\/#primaryimage","url":"https:\/\/craigieburnsc.vic.edu.au\/wp-content\/uploads\/2021\/09\/findmyschoolmap.png","contentUrl":"https:\/\/craigieburnsc.vic.edu.au\/wp-content\/uploads\/2021\/09\/findmyschoolmap.png"},{"@type":"BreadcrumbList","@id":"https:\/\/craigieburnsc.vic.edu.au\/enrolment\/find-my-school-website\/#breadcrumb","itemListElement":[{"@type":"ListItem","position":1,"name":"Home","item":"https:\/\/craigieburnsc.vic.edu.au\/"},{"@type":"ListItem","position":2,"name":"Enrolment","item":"https:\/\/craigieburnsc.vic.edu.au\/enrolment\/"},{"@type":"ListItem","position":3,"name":"Designated Neighbourhood School &#038; Find My School Website"}]},{"@type":"WebSite","@id":"https:\/\/craigieburnsc.vic.edu.au\/#website","url":"https:\/\/craigieburnsc.vic.edu.au\/","name":"Craigieburn Ortaokulu","description":"CSC Craigieburn Ortaokulu","publisher":{"@id":"https:\/\/craigieburnsc.vic.edu.au\/#organization"},"potentialAction":[{"@type":"SearchAction","target":{"@type":"EntryPoint","urlTemplate":"https:\/\/craigieburnsc.vic.edu.au\/?s={search_term_string}"},"query-input":{"@type":"PropertyValueSpecification","valueRequired":true,"valueName":"search_term_string"}}],"inLanguage":"tr"},{"@type":"Organization","@id":"https:\/\/craigieburnsc.vic.edu.au\/#organization","name":"Craigieburn Ortaokulu","url":"https:\/\/craigieburnsc.vic.edu.au\/","logo":{"@type":"ImageObject","inLanguage":"tr","@id":"https:\/\/craigieburnsc.vic.edu.au\/#\/schema\/logo\/image\/","url":"https:\/\/craigieburn.wepushbuttons.com.au\/wp-content\/uploads\/2021\/09\/01a3505e.jpg","contentUrl":"https:\/\/craigieburn.wepushbuttons.com.au\/wp-content\/uploads\/2021\/09\/01a3505e.jpg","width":734,"height":374,"caption":"Craigieburn Secondary College"},"image":{"@id":"https:\/\/craigieburnsc.vic.edu.au\/#\/schema\/logo\/image\/"},"sameAs":["https:\/\/www.facebook.com\/Craigieburn-Secondary-College-Alumni-Program-107789014159714\/"]}]}},"_links":{"self":[{"href":"https:\/\/craigieburnsc.vic.edu.au\/tr\/wp-json\/wp\/v2\/pages\/2056","targetHints":{"allow":["GET"]}}],"collection":[{"href":"https:\/\/craigieburnsc.vic.edu.au\/tr\/wp-json\/wp\/v2\/pages"}],"about":[{"href":"https:\/\/craigieburnsc.vic.edu.au\/tr\/wp-json\/wp\/v2\/types\/page"}],"author":[{"embeddable":true,"href":"https:\/\/craigieburnsc.vic.edu.au\/tr\/wp-json\/wp\/v2\/users\/5"}],"replies":[{"embeddable":true,"href":"https:\/\/craigieburnsc.vic.edu.au\/tr\/wp-json\/wp\/v2\/comments?post=2056"}],"version-history":[{"count":17,"href":"https:\/\/craigieburnsc.vic.edu.au\/tr\/wp-json\/wp\/v2\/pages\/2056\/revisions"}],"predecessor-version":[{"id":5490,"href":"https:\/\/craigieburnsc.vic.edu.au\/tr\/wp-json\/wp\/v2\/pages\/2056\/revisions\/5490"}],"up":[{"embeddable":true,"href":"https:\/\/craigieburnsc.vic.edu.au\/tr\/wp-json\/wp\/v2\/pages\/46"}],"wp:attachment":[{"href":"https:\/\/craigieburnsc.vic.edu.au\/tr\/wp-json\/wp\/v2\/media?parent=2056"}],"curies":[{"name":"wp","href":"https:\/\/api.w.org\/{rel}","templated":true}]}}