{"id":2976,"date":"2022-06-18T13:27:22","date_gmt":"2022-06-18T03:27:22","guid":{"rendered":"https:\/\/craigieburnsc.vic.edu.au\/?page_id=2976"},"modified":"2022-06-18T13:27:22","modified_gmt":"2022-06-18T03:27:22","slug":"doctors-in-secondary-school-program","status":"publish","type":"page","link":"https:\/\/craigieburnsc.vic.edu.au\/tr\/doctors-in-secondary-school-program\/","title":{"rendered":"Ortaokul Program\u0131nda Doktorlar"},"content":{"rendered":"<h3><strong>Ortaokul Program\u0131nda Doktorlar<\/strong><\/h3>\n<p>HELPING VICTORIA\u2019S YOUNG PEOPLE ACCESS HEALTH CARE<\/p>\n<p>Victoria H\u00fck\u00fcmeti, gen\u00e7lerin tam potansiyellerine ula\u015fmalar\u0131 i\u00e7in ihtiya\u00e7 duyduklar\u0131 sa\u011fl\u0131k deste\u011fi, tavsiye ve tedaviyi almalar\u0131n\u0131 sa\u011fl\u0131yor.<\/p>\n<p>Ortaokullarda Doktorlar program\u0131, Craigieburn Secondary College&#039;a, t\u00fcm \u00f6\u011frencilerimize t\u0131bbi tavsiye ve sa\u011fl\u0131k bak\u0131m\u0131 sa\u011flamak i\u00e7in haftada bir kez Kolejimize sa\u011fl\u0131k e\u011fitimi alm\u0131\u015f ergen bir pratisyen hekim ve kay\u0131tl\u0131 hem\u015fireye sahip olmas\u0131 i\u00e7in fon sa\u011flar. Okuldaki Doktorlar program\u0131 \u00fccretsiz bir Toplu Faturaland\u0131rma hizmetidir.<\/p>\n<p>Dr Vajna Rafeek is at Craigieburn Secondary College every Friday from 10 AM \u2013 2 PM.<\/p>\n<p>Ders saatlerinde doktor sadece randevu ile hizmet vermektedir. Teneff\u00fcs veya \u00f6\u011fle yeme\u011fi saatinde \u00f6\u011frenciler, randevuya gerek kalmadan doktora gidebilirler. L\u00fctfen dikkat: doktor 4. d\u00f6nemde m\u00fcsait de\u011fildir.<\/p>\n<p>Endi\u015feniz varsa veya yard\u0131ma ihtiyac\u0131n\u0131z varsa, doktor ba\u015flamak i\u00e7in harika bir yerdir.<\/p>\n<p><strong>Hizmetler \u015funlar\u0131 i\u00e7erir:<\/strong><\/p>\n<ul>\n<li>Herhangi bir sa\u011fl\u0131k sorunu hakk\u0131nda bilgi veya tavsiye.<\/li>\n<li>T\u0131bbi ve Sa\u011fl\u0131k kontrolleri.<\/li>\n<li>Fiziksel sa\u011fl\u0131\u011f\u0131n\u0131z hakk\u0131nda bilgi veya tavsiye.<\/li>\n<li>Sa\u011fl\u0131kl\u0131 beslenme ve egzersiz tavsiyesi.<\/li>\n<li>\u0130li\u015fki sorunlar\u0131 hakk\u0131nda tavsiyeler.<\/li>\n<li>Ast\u0131m Y\u00f6netimi ve Eylem Planlar\u0131.<\/li>\n<li>Ruh Sa\u011fl\u0131\u011f\u0131 ve Refah\u0131.<\/li>\n<li>Cinsel Sa\u011fl\u0131k.<\/li>\n<li>G\u00f6rme Kontrolleri.<\/li>\n<li>Di\u011fer sa\u011fl\u0131k hizmetlerine d\u0131\u015far\u0131dan y\u00f6nlendirmeler.<\/li>\n<li>Covid-19 a\u015f\u0131lar\u0131 ve g\u00fc\u00e7lendirici a\u015f\u0131lar.<\/li>\n<\/ul>\n<p>Suman Ale (Kay\u0131tl\u0131 Hem\u015fire) doktorla birlikte Kolej&#039;e gider. Doktor Vajna ile i\u015fbirli\u011fi i\u00e7inde \u00e7al\u0131\u015fan Suman, \u00f6\u011frencilere bir dizi farkl\u0131 sa\u011fl\u0131k tavsiyesi ve hizmeti konusunda da yard\u0131mc\u0131 olabilir.<\/p>\n<p><strong>Gizlilik:<\/strong><\/p>\n<p>It is important that you know that all appointments with the doctor will be kept confidential \u2013 which means kept private.<\/p>\n<ul>\n<li>Bir \u00f6\u011frenci, okul hem\u015firesi arac\u0131l\u0131\u011f\u0131yla randevu ald\u0131\u011f\u0131nda, okuldaki di\u011fer ki\u015filere (\u00f6\u011fretmenler, koordinat\u00f6rler ve arkada\u015flar) veya velilere, doktoru g\u00f6rmek i\u00e7in randevu al\u0131nd\u0131\u011f\u0131n\u0131 s\u00f6ylemesine izin verilmez.<\/li>\n<li>Okul hem\u015firesi, bir \u00f6\u011frencinin derse gelmeyece\u011fini \u00f6\u011fretmenlere bildirmelidir, ancak onlara doktora gittiklerini s\u00f6ylemesine gerek yoktur.<\/li>\n<li>If a student wants the appointment to be completely private (for example, they do not want anyone in the school to know), they can speak directly to the Practice nurse \u2013 Suman. In this case, they will need to drop into the Doctors in School Portable during recess or lunch time.<\/li>\n<\/ul>\n<p><strong>\u00a0\u00d6nemli bilgi:<\/strong><\/p>\n<ul>\n<li>\u00d6\u011frenciler doktora yaln\u0131z, bir arkada\u015f\u0131 veya bir aile \u00fcyesi ile gidebilirler. Victoria&#039;da, bir \u00f6\u011frencinin doktora kendi ba\u015f\u0131na gitmeden \u00f6nce belirli bir ya\u015fta olmas\u0131 gerekti\u011fini s\u00f6yleyen bir yasa yoktur. Bir \u00f6\u011frenci yaln\u0131z giderse, doktorun yeterince olgun oldu\u011fundan ve randevu s\u0131ras\u0131nda kendisine verilen herhangi bir t\u0131bbi tavsiye veya bilgiyi anlayabildi\u011finden emin olmas\u0131 gerekir.<\/li>\n<li>During the appointment the doctor will talk to the student about why they are there and decide if they are able to consent to treatment themselves, or if they think parents or carers should be involved. Sometimes the doctor might need to talk to parents or carers (with the student\u2019s consent) so she can have a better understanding about a student\u2019s previous health history or to ensure safety.<\/li>\n<li>\u00d6\u011frenci 14 ya\u015f\u0131nda veya daha b\u00fcy\u00fckse, bilgileri Medicare taraf\u0131ndan gizli tutulur ve ebeveynleri \/ bak\u0131c\u0131lar\u0131 Medicare beyan\u0131nda g\u00f6sterilmez.<\/li>\n<\/ul>\n<p><strong>Randevu almak veya daha fazla bilgi i\u00e7in l\u00fctfen revirdeki okul hem\u015firesine ba\u015fvurun veya DISS@craigieburnsc.vic.edu.au adresine e-posta g\u00f6nderin.<\/strong><\/p>\n<p>Out of school hours, you can access Dr Vajna Rafeek\u2019s service from Hanson Medical Centre @ 1 Hanson Road, Craigieburn Victoria 3064. Phone: 9305 5555 Website: <a href=\"http:\/\/www.hansonmedicals.com.au\">www.hansonmedicals.com.au<\/a><\/p>\n<p>Program ziyareti hakk\u0131nda daha fazla bilgi i\u00e7in <a href=\"https:\/\/www.vic.gov.au\/doctors-in-secondary-schools\" target=\"_blank\" rel=\"noopener\">Ortaokul Program\u0131nda Doktorlar<\/a><\/p>\n<p>i\u00e7in ziyaret edin <a href=\"https:\/\/craigieburnsc.vic.edu.au\/wp-content\/uploads\/2022\/05\/Consent-and-confidentiality-Parent-information-sheet.pdf\" target=\"_blank\" rel=\"noopener\">Veli Onay\u0131 ve Gizlilik Bilgileri<\/a><\/p>\n<p>i\u00e7in ziyaret edin <a href=\"https:\/\/craigieburnsc.vic.edu.au\/wp-content\/uploads\/2022\/05\/Consent-and-confidentiailty-Student-information-sheet.pdf\" target=\"_blank\" rel=\"noopener\">\u00d6\u011frenci Onay\u0131 ve Gizlilik Bilgileri<\/a><\/p>","protected":false},"excerpt":{"rendered":"<p>Doctors in Secondary School Program HELPING VICTORIA\u2019S YOUNG PEOPLE ACCESS HEALTH CARE The Victorian Government is making sure young people are receiving the health support, advice, and treatment they need to reach their full potential. The Doctors in Secondary Schools program provides funding for Craigieburn Secondary College to have an adolescent health-trained GP and registered [&hellip;]<\/p>\n","protected":false},"author":8,"featured_media":0,"parent":0,"menu_order":0,"comment_status":"closed","ping_status":"closed","template":"","meta":{"_acf_changed":false,"footnotes":""},"class_list":["post-2976","page","type-page","status-publish","hentry"],"acf":[],"yoast_head":"<!-- This site is optimized with the Yoast SEO plugin v27.4 - https:\/\/yoast.com\/product\/yoast-seo-wordpress\/ -->\n<title>Doctors In Secondary School Program - Craigieburn Secondary College<\/title>\n<meta name=\"robots\" content=\"index, follow, max-snippet:-1, max-image-preview:large, max-video-preview:-1\" \/>\n<link rel=\"canonical\" href=\"https:\/\/craigieburnsc.vic.edu.au\/tr\/doctors-in-secondary-school-program\/\" \/>\n<meta property=\"og:locale\" content=\"tr_TR\" \/>\n<meta property=\"og:type\" content=\"article\" \/>\n<meta property=\"og:title\" content=\"Doctors In Secondary School Program - Craigieburn Secondary College\" \/>\n<meta property=\"og:description\" content=\"Doctors in Secondary School Program HELPING VICTORIA\u2019S YOUNG PEOPLE ACCESS HEALTH CARE The Victorian Government is making sure young people are receiving the health support, advice, and treatment they need to reach their full potential. The Doctors in Secondary Schools program provides funding for Craigieburn Secondary College to have an adolescent health-trained GP and registered [&hellip;]\" \/>\n<meta property=\"og:url\" content=\"https:\/\/craigieburnsc.vic.edu.au\/tr\/doctors-in-secondary-school-program\/\" \/>\n<meta property=\"og:site_name\" content=\"Craigieburn Secondary College\" \/>\n<meta property=\"article:publisher\" content=\"https:\/\/www.facebook.com\/Craigieburn-Secondary-College-Alumni-Program-107789014159714\/\" \/>\n<meta property=\"og:image\" content=\"https:\/\/craigieburnsc.vic.edu.au\/wp-content\/uploads\/2021\/09\/CSC-facebook.jpg\" \/>\n\t<meta property=\"og:image:width\" content=\"1196\" \/>\n\t<meta property=\"og:image:height\" content=\"647\" \/>\n\t<meta property=\"og:image:type\" content=\"image\/jpeg\" \/>\n<meta name=\"twitter:card\" content=\"summary_large_image\" \/>\n<script type=\"application\/ld+json\" class=\"yoast-schema-graph\">{\"@context\":\"https:\\\/\\\/schema.org\",\"@graph\":[{\"@type\":\"WebPage\",\"@id\":\"https:\\\/\\\/craigieburnsc.vic.edu.au\\\/doctors-in-secondary-school-program\\\/\",\"url\":\"https:\\\/\\\/craigieburnsc.vic.edu.au\\\/doctors-in-secondary-school-program\\\/\",\"name\":\"Doctors In Secondary School Program - Craigieburn Secondary College\",\"isPartOf\":{\"@id\":\"https:\\\/\\\/craigieburnsc.vic.edu.au\\\/#website\"},\"datePublished\":\"2022-06-18T03:27:22+00:00\",\"breadcrumb\":{\"@id\":\"https:\\\/\\\/craigieburnsc.vic.edu.au\\\/doctors-in-secondary-school-program\\\/#breadcrumb\"},\"inLanguage\":\"tr\",\"potentialAction\":[{\"@type\":\"ReadAction\",\"target\":[\"https:\\\/\\\/craigieburnsc.vic.edu.au\\\/doctors-in-secondary-school-program\\\/\"]}]},{\"@type\":\"BreadcrumbList\",\"@id\":\"https:\\\/\\\/craigieburnsc.vic.edu.au\\\/doctors-in-secondary-school-program\\\/#breadcrumb\",\"itemListElement\":[{\"@type\":\"ListItem\",\"position\":1,\"name\":\"Home\",\"item\":\"https:\\\/\\\/craigieburnsc.vic.edu.au\\\/\"},{\"@type\":\"ListItem\",\"position\":2,\"name\":\"Doctors In Secondary School Program\"}]},{\"@type\":\"WebSite\",\"@id\":\"https:\\\/\\\/craigieburnsc.vic.edu.au\\\/#website\",\"url\":\"https:\\\/\\\/craigieburnsc.vic.edu.au\\\/\",\"name\":\"Craigieburn Secondary College\",\"description\":\"CSC Craigieburn Secondary College\",\"publisher\":{\"@id\":\"https:\\\/\\\/craigieburnsc.vic.edu.au\\\/#organization\"},\"potentialAction\":[{\"@type\":\"SearchAction\",\"target\":{\"@type\":\"EntryPoint\",\"urlTemplate\":\"https:\\\/\\\/craigieburnsc.vic.edu.au\\\/?s={search_term_string}\"},\"query-input\":{\"@type\":\"PropertyValueSpecification\",\"valueRequired\":true,\"valueName\":\"search_term_string\"}}],\"inLanguage\":\"tr\"},{\"@type\":\"Organization\",\"@id\":\"https:\\\/\\\/craigieburnsc.vic.edu.au\\\/#organization\",\"name\":\"Craigieburn Secondary College\",\"url\":\"https:\\\/\\\/craigieburnsc.vic.edu.au\\\/\",\"logo\":{\"@type\":\"ImageObject\",\"inLanguage\":\"tr\",\"@id\":\"https:\\\/\\\/craigieburnsc.vic.edu.au\\\/#\\\/schema\\\/logo\\\/image\\\/\",\"url\":\"https:\\\/\\\/craigieburn.wepushbuttons.com.au\\\/wp-content\\\/uploads\\\/2021\\\/09\\\/01a3505e.jpg\",\"contentUrl\":\"https:\\\/\\\/craigieburn.wepushbuttons.com.au\\\/wp-content\\\/uploads\\\/2021\\\/09\\\/01a3505e.jpg\",\"width\":734,\"height\":374,\"caption\":\"Craigieburn Secondary College\"},\"image\":{\"@id\":\"https:\\\/\\\/craigieburnsc.vic.edu.au\\\/#\\\/schema\\\/logo\\\/image\\\/\"},\"sameAs\":[\"https:\\\/\\\/www.facebook.com\\\/Craigieburn-Secondary-College-Alumni-Program-107789014159714\\\/\"]}]}<\/script>\n<!-- \/ Yoast SEO plugin. -->","yoast_head_json":{"title":"Doctors In Secondary School Program - Craigieburn Secondary College","robots":{"index":"index","follow":"follow","max-snippet":"max-snippet:-1","max-image-preview":"max-image-preview:large","max-video-preview":"max-video-preview:-1"},"canonical":"https:\/\/craigieburnsc.vic.edu.au\/tr\/doctors-in-secondary-school-program\/","og_locale":"tr_TR","og_type":"article","og_title":"Doctors In Secondary School Program - Craigieburn Secondary College","og_description":"Doctors in Secondary School Program HELPING VICTORIA\u2019S YOUNG PEOPLE ACCESS HEALTH CARE The Victorian Government is making sure young people are receiving the health support, advice, and treatment they need to reach their full potential. The Doctors in Secondary Schools program provides funding for Craigieburn Secondary College to have an adolescent health-trained GP and registered [&hellip;]","og_url":"https:\/\/craigieburnsc.vic.edu.au\/tr\/doctors-in-secondary-school-program\/","og_site_name":"Craigieburn Secondary College","article_publisher":"https:\/\/www.facebook.com\/Craigieburn-Secondary-College-Alumni-Program-107789014159714\/","og_image":[{"width":1196,"height":647,"url":"https:\/\/craigieburnsc.vic.edu.au\/wp-content\/uploads\/2021\/09\/CSC-facebook.jpg","type":"image\/jpeg"}],"twitter_card":"summary_large_image","schema":{"@context":"https:\/\/schema.org","@graph":[{"@type":"WebPage","@id":"https:\/\/craigieburnsc.vic.edu.au\/doctors-in-secondary-school-program\/","url":"https:\/\/craigieburnsc.vic.edu.au\/doctors-in-secondary-school-program\/","name":"Doctors In Secondary School Program - Craigieburn Secondary College","isPartOf":{"@id":"https:\/\/craigieburnsc.vic.edu.au\/#website"},"datePublished":"2022-06-18T03:27:22+00:00","breadcrumb":{"@id":"https:\/\/craigieburnsc.vic.edu.au\/doctors-in-secondary-school-program\/#breadcrumb"},"inLanguage":"tr","potentialAction":[{"@type":"ReadAction","target":["https:\/\/craigieburnsc.vic.edu.au\/doctors-in-secondary-school-program\/"]}]},{"@type":"BreadcrumbList","@id":"https:\/\/craigieburnsc.vic.edu.au\/doctors-in-secondary-school-program\/#breadcrumb","itemListElement":[{"@type":"ListItem","position":1,"name":"Home","item":"https:\/\/craigieburnsc.vic.edu.au\/"},{"@type":"ListItem","position":2,"name":"Doctors In Secondary School Program"}]},{"@type":"WebSite","@id":"https:\/\/craigieburnsc.vic.edu.au\/#website","url":"https:\/\/craigieburnsc.vic.edu.au\/","name":"Craigieburn Ortaokulu","description":"CSC Craigieburn Ortaokulu","publisher":{"@id":"https:\/\/craigieburnsc.vic.edu.au\/#organization"},"potentialAction":[{"@type":"SearchAction","target":{"@type":"EntryPoint","urlTemplate":"https:\/\/craigieburnsc.vic.edu.au\/?s={search_term_string}"},"query-input":{"@type":"PropertyValueSpecification","valueRequired":true,"valueName":"search_term_string"}}],"inLanguage":"tr"},{"@type":"Organization","@id":"https:\/\/craigieburnsc.vic.edu.au\/#organization","name":"Craigieburn Ortaokulu","url":"https:\/\/craigieburnsc.vic.edu.au\/","logo":{"@type":"ImageObject","inLanguage":"tr","@id":"https:\/\/craigieburnsc.vic.edu.au\/#\/schema\/logo\/image\/","url":"https:\/\/craigieburn.wepushbuttons.com.au\/wp-content\/uploads\/2021\/09\/01a3505e.jpg","contentUrl":"https:\/\/craigieburn.wepushbuttons.com.au\/wp-content\/uploads\/2021\/09\/01a3505e.jpg","width":734,"height":374,"caption":"Craigieburn Secondary College"},"image":{"@id":"https:\/\/craigieburnsc.vic.edu.au\/#\/schema\/logo\/image\/"},"sameAs":["https:\/\/www.facebook.com\/Craigieburn-Secondary-College-Alumni-Program-107789014159714\/"]}]}},"_links":{"self":[{"href":"https:\/\/craigieburnsc.vic.edu.au\/tr\/wp-json\/wp\/v2\/pages\/2976","targetHints":{"allow":["GET"]}}],"collection":[{"href":"https:\/\/craigieburnsc.vic.edu.au\/tr\/wp-json\/wp\/v2\/pages"}],"about":[{"href":"https:\/\/craigieburnsc.vic.edu.au\/tr\/wp-json\/wp\/v2\/types\/page"}],"author":[{"embeddable":true,"href":"https:\/\/craigieburnsc.vic.edu.au\/tr\/wp-json\/wp\/v2\/users\/8"}],"replies":[{"embeddable":true,"href":"https:\/\/craigieburnsc.vic.edu.au\/tr\/wp-json\/wp\/v2\/comments?post=2976"}],"version-history":[{"count":6,"href":"https:\/\/craigieburnsc.vic.edu.au\/tr\/wp-json\/wp\/v2\/pages\/2976\/revisions"}],"predecessor-version":[{"id":3196,"href":"https:\/\/craigieburnsc.vic.edu.au\/tr\/wp-json\/wp\/v2\/pages\/2976\/revisions\/3196"}],"wp:attachment":[{"href":"https:\/\/craigieburnsc.vic.edu.au\/tr\/wp-json\/wp\/v2\/media?parent=2976"}],"curies":[{"name":"wp","href":"https:\/\/api.w.org\/{rel}","templated":true}]}}