{"id":330,"date":"2021-09-22T22:31:47","date_gmt":"2021-09-22T22:31:47","guid":{"rendered":"https:\/\/craigieburn.wepushbuttons.com.au\/?page_id=330"},"modified":"2025-05-20T16:23:17","modified_gmt":"2025-05-20T06:23:17","slug":"annual-reports","status":"publish","type":"page","link":"https:\/\/craigieburnsc.vic.edu.au\/tr\/about\/annual-reports\/","title":{"rendered":"Y\u0131ll\u0131k raporlar<br>Strategic Plan<br>Annual Implementation Plan<br>Annual Report to the School Community"},"content":{"rendered":"<p>The College Principal, Kate Morphy invites the school community to read the college&#8217;s current four year Strategic Plan, 2025 Annual Implementation Plan, and the Annual Report to the School Community report to be informed on &#8216;About Our School&#8217;; &#8216;School Performance Summaries&#8217;; and the college&#8217;s Financial Performance and Position.<\/p>\n<p>Herhangi bir sorunuz varsa l\u00fctfen 9308 1144 numaral\u0131 telefondan Kate Morphy ile ileti\u015fime ge\u00e7in veya E-posta: <a href=\"mailto:craigieburn.sc@education.vic.gov.au\">craigieburn.sc@education.vic.gov.au<\/a><\/p>\n<h3>School Strategic Plan 2024- 2028<\/h3>\n<div style=\"position: relative; padding-top: max(60%,324px); width: 100%; height: 0;\"><iframe style=\"position: absolute; border: none; width: 100%; height: 100%; left: 0; top: 0;\" src=\"https:\/\/online.fliphtml5.com\/irxg\/dfod\/\" frameborder=\"0\" scrolling=\"no\" seamless=\"seamless\" allowfullscreen=\"allowfullscreen\"><\/iframe><\/div>\n<p><a class=\"button green-button\" role=\"link\" href=\"https:\/\/craigieburnsc.vic.edu.au\/wp-content\/uploads\/2025\/02\/Craigieburn-Secondary-College-8705-2024-2028-School-Strategic-Plan.pdf\" target=\"_blank\" rel=\"noopener\">DOWNLOAD THE SCHOOL STRATEGIC PLAN<\/a><\/p>\n<h3>Annual Implementation Plan 2025<\/h3>\n<p><a class=\"button green-button\" href=\"https:\/\/craigieburnsc.vic.edu.au\/wp-content\/uploads\/2025\/05\/Craigieburn-Secondary-College-8705-2025-AIP.pdf\" target=\"_blank\" rel=\"noopener\">DOWNLOAD THE 2025 ANNUAL IMPLEMENTATION PLAN<\/a><\/p>\n<p>&nbsp;<\/p>\n<div style=\"position: relative; padding-top: max(60%,324px); width: 100%; height: 0;\"><iframe style=\"position: absolute; border: none; width: 100%; height: 100%; left: 0; top: 0;\" src=\"https:\/\/online.fliphtml5.com\/irxg\/sfvw\/\" frameborder=\"0\" scrolling=\"no\" seamless=\"seamless\" allowfullscreen=\"allowfullscreen\"><\/iframe><\/div>\n<p><a class=\"button green-button\" href=\"https:\/\/craigieburnsc.vic.edu.au\/wp-content\/uploads\/2025\/05\/Annual-Report-arc_2024_8705.pdf\" target=\"_blank\" rel=\"noopener\">DOWNLOAD THE 2024 ANNUAL REPORTS TO SCHOOL COMMUNITY<\/a><\/p>\n<h3>Annual Report to The School Community<\/h3>\n<div style=\"position: relative; padding-top: max(60%,324px); width: 100%; height: 0;\"><iframe style=\"position: absolute; border: none; width: 100%; height: 100%; left: 0; top: 0;\" src=\"https:\/\/online.fliphtml5.com\/irxg\/derk\/\" frameborder=\"0\" scrolling=\"no\" seamless=\"seamless\" allowfullscreen=\"allowfullscreen\"><\/iframe><\/div>\n<p>&nbsp;<\/p>\n<h3>Previous Annual Reports<\/h3>\n<p><a class=\"button green-button\" href=\"https:\/\/craigieburnsc.vic.edu.au\/wp-content\/uploads\/2025\/05\/Annual-Report-arc_2023_8705.pdf\" target=\"_blank\" rel=\"noopener\">DOWNLOAD THE 2023 ANNUAL REPORTS TO SCHOOL COMMUNITY<\/a><\/p>\n<h4>2022 Annual Report to The School Community<\/h4>\n<p><a class=\"button green-button\" href=\"https:\/\/craigieburnsc.vic.edu.au\/wp-content\/uploads\/2023\/06\/Annual-Report-arc_2022_8705.pdf\" target=\"_blank\" rel=\"noopener\">DOWNLOAD THE 2022 ANNUAL REPORTS TO SCHOOL COMMUNITY<\/a><\/p>\n<h4>Okul Toplulu\u011funa 2021 Y\u0131ll\u0131k Raporu<\/h4>\n<p><a class=\"button green-button\" href=\"https:\/\/craigieburnsc.vic.edu.au\/wp-content\/uploads\/2022\/05\/CSC-Annual-Report-2021.pdf\" target=\"_blank\" rel=\"noopener\">2021 FAAL\u0130YET RAPORLARINI OKUL TOPLULU\u011eUNA \u0130ND\u0130R\u0130N<\/a><\/p>\n<h4>Okul Toplulu\u011funa 2020 Y\u0131ll\u0131k Raporu<\/h4>\n<p><a class=\"button green-button\" href=\"https:\/\/craigieburn.wepushbuttons.com.au\/wp-content\/uploads\/2021\/09\/CraigieburnSecondaryCollege2020AnnualReportstoSchoolCommunity.pdf\">2020 Y\u0131ll\u0131k Raporlar\u0131n\u0131 Okul Toplulu\u011funa \u0130ndirin<\/a><\/p>\n<h4>Okul Stratejik Plan\u0131 2020- 2024<\/h4>\n<p><a class=\"button green-button\" href=\"https:\/\/craigieburnsc.vic.edu.au\/wp-content\/uploads\/2021\/09\/Craigieburn-Secondary-College-8705-2020-2023-School-Strategic-Plan.pdf\" target=\"_blank\" rel=\"noopener\">DOWNLOAD THE 2020-24 ANNUAL REPORTS TO SCHOOL COMMUNITY<\/a><\/p>\n<h4><\/h4>\n<h3>Okul Anketi Sonu\u00e7lar\u0131na \u00d6\u011frenci Tutumu<\/h3>\n<p>Craigieburn Secondary College values student voice as a means to improving student engagement, well-being and quality instruction and have conducted a survey to find out what your child thinks of our school. The Attitudes to School Survey is an annual student survey offered by the Department of Education and Training to assist schools in gaining an understanding of students&#8217; perceptions and experience of school. Our school will use the survey results to plan programs and activities to improve your child&#8217;s school experience.<\/p>\n<p>For\u00a0 more information on the Student Attitude to School Survey (AToSS) contact the Community Liaison Officer or Assistant Principal responsible on 93081144<\/p>\n<p>For more DET information visit <a href=\"https:\/\/www2.education.vic.gov.au\/pal\/data-collection-surveys\/guidance\/parent-opinion-survey\">Data Collection and Surveys: Parent\/Caregiver\/Guardian Opinion Survey | education.vic.gov.au<\/a><\/p>\n<p><a href=\"https:\/\/craigieburnsc.vic.edu.au\/wp-content\/uploads\/2025\/05\/SP-Vision-Generic.jpg\"><img loading=\"lazy\" decoding=\"async\" class=\"alignleft size-medium wp-image-6673\" src=\"https:\/\/craigieburnsc.vic.edu.au\/wp-content\/uploads\/2025\/05\/SP-Vision-Generic-300x152.jpg\" alt=\"\" width=\"300\" height=\"152\" srcset=\"https:\/\/craigieburnsc.vic.edu.au\/wp-content\/uploads\/2025\/05\/SP-Vision-Generic-300x152.jpg 300w, https:\/\/craigieburnsc.vic.edu.au\/wp-content\/uploads\/2025\/05\/SP-Vision-Generic-1024x520.jpg 1024w, https:\/\/craigieburnsc.vic.edu.au\/wp-content\/uploads\/2025\/05\/SP-Vision-Generic-768x390.jpg 768w, https:\/\/craigieburnsc.vic.edu.au\/wp-content\/uploads\/2025\/05\/SP-Vision-Generic-1536x780.jpg 1536w, https:\/\/craigieburnsc.vic.edu.au\/wp-content\/uploads\/2025\/05\/SP-Vision-Generic-18x9.jpg 18w, https:\/\/craigieburnsc.vic.edu.au\/wp-content\/uploads\/2025\/05\/SP-Vision-Generic-24x12.jpg 24w, https:\/\/craigieburnsc.vic.edu.au\/wp-content\/uploads\/2025\/05\/SP-Vision-Generic-36x18.jpg 36w, https:\/\/craigieburnsc.vic.edu.au\/wp-content\/uploads\/2025\/05\/SP-Vision-Generic-72x37.jpg 72w, https:\/\/craigieburnsc.vic.edu.au\/wp-content\/uploads\/2025\/05\/SP-Vision-Generic.jpg 1690w\" sizes=\"auto, (max-width: 300px) 100vw, 300px\" \/><\/a><\/p>","protected":false},"excerpt":{"rendered":"<p>The College Principal, Kate Morphy invites the school community to read the college&#8217;s current four year Strategic Plan, 2025 Annual Implementation Plan, and the Annual Report to the School Community report to be informed on &#8216;About Our School&#8217;; &#8216;School Performance Summaries&#8217;; and the college&#8217;s Financial Performance and Position. Any questions please contact Kate Morphy on [&hellip;]<\/p>\n","protected":false},"author":2,"featured_media":0,"parent":43,"menu_order":0,"comment_status":"closed","ping_status":"closed","template":"","meta":{"_acf_changed":false,"footnotes":""},"class_list":["post-330","page","type-page","status-publish","hentry"],"acf":[],"yoast_head":"<!-- This site is optimized with the Yoast SEO plugin v27.0 - https:\/\/yoast.com\/product\/yoast-seo-wordpress\/ -->\n<title>Annual ReportsStrategic PlanAnnual Implementation PlanAnnual Report to the School Community - Craigieburn Secondary College<\/title>\n<meta name=\"robots\" content=\"index, follow, max-snippet:-1, max-image-preview:large, max-video-preview:-1\" \/>\n<link rel=\"canonical\" href=\"https:\/\/craigieburnsc.vic.edu.au\/tr\/about\/annual-reports\/\" \/>\n<meta property=\"og:locale\" content=\"tr_TR\" \/>\n<meta property=\"og:type\" content=\"article\" \/>\n<meta property=\"og:title\" content=\"Annual ReportsStrategic PlanAnnual Implementation PlanAnnual Report to the School Community - Craigieburn Secondary College\" \/>\n<meta property=\"og:description\" content=\"The College Principal, Kate Morphy invites the school community to read the college&#8217;s current four year Strategic Plan, 2025 Annual Implementation Plan, and the Annual Report to the School Community report to be informed on &#8216;About Our School&#8217;; &#8216;School Performance Summaries&#8217;; and the college&#8217;s Financial Performance and Position. Any questions please contact Kate Morphy on [&hellip;]\" \/>\n<meta property=\"og:url\" content=\"https:\/\/craigieburnsc.vic.edu.au\/tr\/about\/annual-reports\/\" \/>\n<meta property=\"og:site_name\" content=\"Craigieburn Secondary College\" \/>\n<meta property=\"article:publisher\" content=\"https:\/\/www.facebook.com\/Craigieburn-Secondary-College-Alumni-Program-107789014159714\/\" \/>\n<meta property=\"article:modified_time\" content=\"2025-05-20T06:23:17+00:00\" \/>\n<meta property=\"og:image\" content=\"https:\/\/craigieburnsc.vic.edu.au\/wp-content\/uploads\/2025\/05\/SP-Vision-Generic.jpg\" \/>\n\t<meta property=\"og:image:width\" content=\"1690\" \/>\n\t<meta property=\"og:image:height\" content=\"858\" \/>\n\t<meta property=\"og:image:type\" content=\"image\/jpeg\" \/>\n<meta name=\"twitter:card\" content=\"summary_large_image\" \/>\n<script type=\"application\/ld+json\" class=\"yoast-schema-graph\">{\"@context\":\"https:\/\/schema.org\",\"@graph\":[{\"@type\":\"WebPage\",\"@id\":\"https:\/\/craigieburnsc.vic.edu.au\/about\/annual-reports\/\",\"url\":\"https:\/\/craigieburnsc.vic.edu.au\/about\/annual-reports\/\",\"name\":\"Annual Reports Strategic Plan Annual Implementation Plan Annual Report to the School Community - Craigieburn Secondary College\",\"isPartOf\":{\"@id\":\"https:\/\/craigieburnsc.vic.edu.au\/#website\"},\"primaryImageOfPage\":{\"@id\":\"https:\/\/craigieburnsc.vic.edu.au\/about\/annual-reports\/#primaryimage\"},\"image\":{\"@id\":\"https:\/\/craigieburnsc.vic.edu.au\/about\/annual-reports\/#primaryimage\"},\"thumbnailUrl\":\"https:\/\/craigieburnsc.vic.edu.au\/wp-content\/uploads\/2025\/05\/SP-Vision-Generic-300x152.jpg\",\"datePublished\":\"2021-09-22T22:31:47+00:00\",\"dateModified\":\"2025-05-20T06:23:17+00:00\",\"breadcrumb\":{\"@id\":\"https:\/\/craigieburnsc.vic.edu.au\/about\/annual-reports\/#breadcrumb\"},\"inLanguage\":\"tr\",\"potentialAction\":[{\"@type\":\"ReadAction\",\"target\":[\"https:\/\/craigieburnsc.vic.edu.au\/about\/annual-reports\/\"]}]},{\"@type\":\"ImageObject\",\"inLanguage\":\"tr\",\"@id\":\"https:\/\/craigieburnsc.vic.edu.au\/about\/annual-reports\/#primaryimage\",\"url\":\"https:\/\/craigieburnsc.vic.edu.au\/wp-content\/uploads\/2025\/05\/SP-Vision-Generic-300x152.jpg\",\"contentUrl\":\"https:\/\/craigieburnsc.vic.edu.au\/wp-content\/uploads\/2025\/05\/SP-Vision-Generic-300x152.jpg\"},{\"@type\":\"BreadcrumbList\",\"@id\":\"https:\/\/craigieburnsc.vic.edu.au\/about\/annual-reports\/#breadcrumb\",\"itemListElement\":[{\"@type\":\"ListItem\",\"position\":1,\"name\":\"Home\",\"item\":\"https:\/\/craigieburnsc.vic.edu.au\/\"},{\"@type\":\"ListItem\",\"position\":2,\"name\":\"About Craigieburn Secondary College\",\"item\":\"https:\/\/craigieburnsc.vic.edu.au\/about\/\"},{\"@type\":\"ListItem\",\"position\":3,\"name\":\"Annual ReportsStrategic PlanAnnual Implementation PlanAnnual Report to the School Community\"}]},{\"@type\":\"WebSite\",\"@id\":\"https:\/\/craigieburnsc.vic.edu.au\/#website\",\"url\":\"https:\/\/craigieburnsc.vic.edu.au\/\",\"name\":\"Craigieburn Secondary College\",\"description\":\"CSC Craigieburn Secondary College\",\"publisher\":{\"@id\":\"https:\/\/craigieburnsc.vic.edu.au\/#organization\"},\"potentialAction\":[{\"@type\":\"SearchAction\",\"target\":{\"@type\":\"EntryPoint\",\"urlTemplate\":\"https:\/\/craigieburnsc.vic.edu.au\/?s={search_term_string}\"},\"query-input\":{\"@type\":\"PropertyValueSpecification\",\"valueRequired\":true,\"valueName\":\"search_term_string\"}}],\"inLanguage\":\"tr\"},{\"@type\":\"Organization\",\"@id\":\"https:\/\/craigieburnsc.vic.edu.au\/#organization\",\"name\":\"Craigieburn Secondary College\",\"url\":\"https:\/\/craigieburnsc.vic.edu.au\/\",\"logo\":{\"@type\":\"ImageObject\",\"inLanguage\":\"tr\",\"@id\":\"https:\/\/craigieburnsc.vic.edu.au\/#\/schema\/logo\/image\/\",\"url\":\"https:\/\/craigieburn.wepushbuttons.com.au\/wp-content\/uploads\/2021\/09\/01a3505e.jpg\",\"contentUrl\":\"https:\/\/craigieburn.wepushbuttons.com.au\/wp-content\/uploads\/2021\/09\/01a3505e.jpg\",\"width\":734,\"height\":374,\"caption\":\"Craigieburn Secondary College\"},\"image\":{\"@id\":\"https:\/\/craigieburnsc.vic.edu.au\/#\/schema\/logo\/image\/\"},\"sameAs\":[\"https:\/\/www.facebook.com\/Craigieburn-Secondary-College-Alumni-Program-107789014159714\/\"]}]}<\/script>\n<!-- \/ Yoast SEO plugin. -->","yoast_head_json":{"title":"Annual ReportsStrategic PlanAnnual Implementation PlanAnnual Report to the School Community - Craigieburn Secondary College","robots":{"index":"index","follow":"follow","max-snippet":"max-snippet:-1","max-image-preview":"max-image-preview:large","max-video-preview":"max-video-preview:-1"},"canonical":"https:\/\/craigieburnsc.vic.edu.au\/tr\/about\/annual-reports\/","og_locale":"tr_TR","og_type":"article","og_title":"Annual ReportsStrategic PlanAnnual Implementation PlanAnnual Report to the School Community - Craigieburn Secondary College","og_description":"The College Principal, Kate Morphy invites the school community to read the college&#8217;s current four year Strategic Plan, 2025 Annual Implementation Plan, and the Annual Report to the School Community report to be informed on &#8216;About Our School&#8217;; &#8216;School Performance Summaries&#8217;; and the college&#8217;s Financial Performance and Position. Any questions please contact Kate Morphy on [&hellip;]","og_url":"https:\/\/craigieburnsc.vic.edu.au\/tr\/about\/annual-reports\/","og_site_name":"Craigieburn Secondary College","article_publisher":"https:\/\/www.facebook.com\/Craigieburn-Secondary-College-Alumni-Program-107789014159714\/","article_modified_time":"2025-05-20T06:23:17+00:00","og_image":[{"width":1690,"height":858,"url":"https:\/\/craigieburnsc.vic.edu.au\/wp-content\/uploads\/2025\/05\/SP-Vision-Generic.jpg","type":"image\/jpeg"}],"twitter_card":"summary_large_image","schema":{"@context":"https:\/\/schema.org","@graph":[{"@type":"WebPage","@id":"https:\/\/craigieburnsc.vic.edu.au\/about\/annual-reports\/","url":"https:\/\/craigieburnsc.vic.edu.au\/about\/annual-reports\/","name":"Annual Reports Strategic Plan Annual Implementation Plan Annual Report to the School Community - Craigieburn Secondary College","isPartOf":{"@id":"https:\/\/craigieburnsc.vic.edu.au\/#website"},"primaryImageOfPage":{"@id":"https:\/\/craigieburnsc.vic.edu.au\/about\/annual-reports\/#primaryimage"},"image":{"@id":"https:\/\/craigieburnsc.vic.edu.au\/about\/annual-reports\/#primaryimage"},"thumbnailUrl":"https:\/\/craigieburnsc.vic.edu.au\/wp-content\/uploads\/2025\/05\/SP-Vision-Generic-300x152.jpg","datePublished":"2021-09-22T22:31:47+00:00","dateModified":"2025-05-20T06:23:17+00:00","breadcrumb":{"@id":"https:\/\/craigieburnsc.vic.edu.au\/about\/annual-reports\/#breadcrumb"},"inLanguage":"tr","potentialAction":[{"@type":"ReadAction","target":["https:\/\/craigieburnsc.vic.edu.au\/about\/annual-reports\/"]}]},{"@type":"ImageObject","inLanguage":"tr","@id":"https:\/\/craigieburnsc.vic.edu.au\/about\/annual-reports\/#primaryimage","url":"https:\/\/craigieburnsc.vic.edu.au\/wp-content\/uploads\/2025\/05\/SP-Vision-Generic-300x152.jpg","contentUrl":"https:\/\/craigieburnsc.vic.edu.au\/wp-content\/uploads\/2025\/05\/SP-Vision-Generic-300x152.jpg"},{"@type":"BreadcrumbList","@id":"https:\/\/craigieburnsc.vic.edu.au\/about\/annual-reports\/#breadcrumb","itemListElement":[{"@type":"ListItem","position":1,"name":"Home","item":"https:\/\/craigieburnsc.vic.edu.au\/"},{"@type":"ListItem","position":2,"name":"About Craigieburn Secondary College","item":"https:\/\/craigieburnsc.vic.edu.au\/about\/"},{"@type":"ListItem","position":3,"name":"Annual ReportsStrategic PlanAnnual Implementation PlanAnnual Report to the School Community"}]},{"@type":"WebSite","@id":"https:\/\/craigieburnsc.vic.edu.au\/#website","url":"https:\/\/craigieburnsc.vic.edu.au\/","name":"Craigieburn Ortaokulu","description":"CSC Craigieburn Ortaokulu","publisher":{"@id":"https:\/\/craigieburnsc.vic.edu.au\/#organization"},"potentialAction":[{"@type":"SearchAction","target":{"@type":"EntryPoint","urlTemplate":"https:\/\/craigieburnsc.vic.edu.au\/?s={search_term_string}"},"query-input":{"@type":"PropertyValueSpecification","valueRequired":true,"valueName":"search_term_string"}}],"inLanguage":"tr"},{"@type":"Organization","@id":"https:\/\/craigieburnsc.vic.edu.au\/#organization","name":"Craigieburn Ortaokulu","url":"https:\/\/craigieburnsc.vic.edu.au\/","logo":{"@type":"ImageObject","inLanguage":"tr","@id":"https:\/\/craigieburnsc.vic.edu.au\/#\/schema\/logo\/image\/","url":"https:\/\/craigieburn.wepushbuttons.com.au\/wp-content\/uploads\/2021\/09\/01a3505e.jpg","contentUrl":"https:\/\/craigieburn.wepushbuttons.com.au\/wp-content\/uploads\/2021\/09\/01a3505e.jpg","width":734,"height":374,"caption":"Craigieburn Secondary College"},"image":{"@id":"https:\/\/craigieburnsc.vic.edu.au\/#\/schema\/logo\/image\/"},"sameAs":["https:\/\/www.facebook.com\/Craigieburn-Secondary-College-Alumni-Program-107789014159714\/"]}]}},"_links":{"self":[{"href":"https:\/\/craigieburnsc.vic.edu.au\/tr\/wp-json\/wp\/v2\/pages\/330","targetHints":{"allow":["GET"]}}],"collection":[{"href":"https:\/\/craigieburnsc.vic.edu.au\/tr\/wp-json\/wp\/v2\/pages"}],"about":[{"href":"https:\/\/craigieburnsc.vic.edu.au\/tr\/wp-json\/wp\/v2\/types\/page"}],"author":[{"embeddable":true,"href":"https:\/\/craigieburnsc.vic.edu.au\/tr\/wp-json\/wp\/v2\/users\/2"}],"replies":[{"embeddable":true,"href":"https:\/\/craigieburnsc.vic.edu.au\/tr\/wp-json\/wp\/v2\/comments?post=330"}],"version-history":[{"count":47,"href":"https:\/\/craigieburnsc.vic.edu.au\/tr\/wp-json\/wp\/v2\/pages\/330\/revisions"}],"predecessor-version":[{"id":2226,"href":"https:\/\/craigieburnsc.vic.edu.au\/tr\/wp-json\/wp\/v2\/pages\/330\/revisions\/2226"}],"up":[{"embeddable":true,"href":"https:\/\/craigieburnsc.vic.edu.au\/tr\/wp-json\/wp\/v2\/pages\/43"}],"wp:attachment":[{"href":"https:\/\/craigieburnsc.vic.edu.au\/tr\/wp-json\/wp\/v2\/media?parent=330"}],"curies":[{"name":"wp","href":"https:\/\/api.w.org\/{rel}","templated":true}]}}