{"id":343,"date":"2021-09-22T23:04:02","date_gmt":"2021-09-22T23:04:02","guid":{"rendered":"https:\/\/craigieburn.wepushbuttons.com.au\/?page_id=343"},"modified":"2024-04-24T15:57:05","modified_gmt":"2024-04-24T05:57:05","slug":"principals-welcome","status":"publish","type":"page","link":"https:\/\/craigieburnsc.vic.edu.au\/tr\/about\/principals-welcome\/","title":{"rendered":"Principal&#8217;s Welcome"},"content":{"rendered":"<p>Craigieburn Secondary College is a school with a rich history of diversity and acceptance. We have over 25 years&#8217; experience in educating and supporting our students to be happy and successful.<\/p>\n<p>Ailelerimiz ve personelimiz aras\u0131nda \u00e7e\u015fitlilik a\u00e7\u0131s\u0131ndan zengin, ayr\u0131ca geni\u015f bir \u00f6\u011frenim ve m\u00fcfredat d\u0131\u015f\u0131 program yelpazesine sahip g\u00fc\u00e7l\u00fc bir toplulu\u011fuz.<\/p>\n<p>\u00d6\u011fretmenlerimiz ve personelimiz enerjik ve yeteneklidir. \u00d6\u011frencilerin ellerinden gelenin en iyisini yapmalar\u0131n\u0131 desteklemek i\u00e7in birlikte \u00e7al\u0131\u015f\u0131rlar.<\/p>\n<p>Yak\u0131n zamanda tesislerimizin ve \u00f6\u011frenci programlar\u0131n\u0131n \u00e7o\u011funu yeniledik ve 7. S\u0131n\u0131ftan VCE&#039;ye kadar \u00f6\u011frenci ba\u011fl\u0131l\u0131\u011f\u0131, ba\u011fl\u0131l\u0131k ve performans sonu\u00e7lar\u0131nda ger\u00e7ek geli\u015fmeler g\u00f6r\u00fcyoruz. \u00d6\u011frencilerimizin \u00e7o\u011fu, her zamankinden daha fazla y\u00fcksek \u00f6\u011frenim, TAFE ve istihdama do\u011fru ilerliyor.<\/p>\n<p>K\u00fc\u00e7\u00fck ya\u015flardan itibaren kendini yans\u0131tmay\u0131 ve ki\u015fisel geli\u015fimi te\u015fvik eden benzersiz bir yeni \u00f6\u011frenme program\u0131 geli\u015ftirdik. 7. S\u0131n\u0131ftan itibaren \u00f6\u011frencilere ki\u015fisel ve akademik hedef belirleme ve kendi akademik g\u00fc\u00e7l\u00fc y\u00f6nlerini, iyile\u015ftirmelerini ve zay\u0131f y\u00f6nlerini nas\u0131l izleyecekleri ve de\u011ferlendirecekleri konusunda rehberlik ediyoruz.<\/p>\n<p>Programlar\u0131m\u0131z\u0131, her \u00f6\u011frencide benzersiz ki\u015fili\u011fi, \u00f6\u011frenme stili, aile tarihi ve k\u00fclt\u00fcr\u00fc hakk\u0131nda bir fark\u0131ndal\u0131k ve kabul duygusu olu\u015fturmaya yard\u0131mc\u0131 olmak i\u00e7in \u00f6zel olarak tasarlad\u0131k.<\/p>\n<p>G\u00fc\u00e7l\u00fc bir davran\u0131\u015f kurallar\u0131m\u0131z var ve zorbal\u0131\u011fa veya tacize m\u00fcsamaha g\u00f6stermeyiz.<\/p>\n<p>Throughout school life, students are encouraged to think hard about what they would like to see in their future, and to understand the steps they need to take to get there. We&#8217;re here to support them through that process.<\/p>\n<p>We recommend viewing the College Prospectus Brochure &#8211; <a href=\"https:\/\/craigieburnsc.vic.edu.au\/wp-content\/uploads\/2024\/04\/CRAIG-Prospectus-2024.pdf\" target=\"_blank\" rel=\"noopener\"><strong>Click Here to download Prospectus<\/strong><\/a><\/p>\n<p>Kate Morphy<br \/>\n\u00dcniversite M\u00fcd\u00fcr\u00fc<\/p>","protected":false},"excerpt":{"rendered":"<p>Craigieburn Secondary College is a school with a rich history of diversity and acceptance. We have over 25 years&#8217; experience in educating and supporting our students to be happy and successful. We are a strong community, rich in diversity across our families and staff, as well as having a broad range of learning and extra-curricular [&hellip;]<\/p>\n","protected":false},"author":2,"featured_media":0,"parent":43,"menu_order":0,"comment_status":"closed","ping_status":"closed","template":"","meta":{"_acf_changed":false,"footnotes":""},"class_list":["post-343","page","type-page","status-publish","hentry"],"acf":[],"yoast_head":"<!-- This site is optimized with the Yoast SEO plugin v27.0 - https:\/\/yoast.com\/product\/yoast-seo-wordpress\/ -->\n<title>Principal&#039;s Welcome - Craigieburn Secondary College<\/title>\n<meta name=\"robots\" content=\"index, follow, max-snippet:-1, max-image-preview:large, max-video-preview:-1\" \/>\n<link rel=\"canonical\" href=\"https:\/\/craigieburnsc.vic.edu.au\/tr\/about\/principals-welcome\/\" \/>\n<meta property=\"og:locale\" content=\"tr_TR\" \/>\n<meta property=\"og:type\" content=\"article\" \/>\n<meta property=\"og:title\" content=\"Principal&#039;s Welcome - Craigieburn Secondary College\" \/>\n<meta property=\"og:description\" content=\"Craigieburn Secondary College is a school with a rich history of diversity and acceptance. We have over 25 years&#8217; experience in educating and supporting our students to be happy and successful. We are a strong community, rich in diversity across our families and staff, as well as having a broad range of learning and extra-curricular [&hellip;]\" \/>\n<meta property=\"og:url\" content=\"https:\/\/craigieburnsc.vic.edu.au\/tr\/about\/principals-welcome\/\" \/>\n<meta property=\"og:site_name\" content=\"Craigieburn Secondary College\" \/>\n<meta property=\"article:publisher\" content=\"https:\/\/www.facebook.com\/Craigieburn-Secondary-College-Alumni-Program-107789014159714\/\" \/>\n<meta property=\"article:modified_time\" content=\"2024-04-24T05:57:05+00:00\" \/>\n<meta property=\"og:image\" content=\"https:\/\/craigieburnsc.vic.edu.au\/wp-content\/uploads\/2021\/09\/CSC-facebook.jpg\" \/>\n\t<meta property=\"og:image:width\" content=\"1196\" \/>\n\t<meta property=\"og:image:height\" content=\"647\" \/>\n\t<meta property=\"og:image:type\" content=\"image\/jpeg\" \/>\n<meta name=\"twitter:card\" content=\"summary_large_image\" \/>\n<script type=\"application\/ld+json\" class=\"yoast-schema-graph\">{\"@context\":\"https:\/\/schema.org\",\"@graph\":[{\"@type\":\"WebPage\",\"@id\":\"https:\/\/craigieburnsc.vic.edu.au\/about\/principals-welcome\/\",\"url\":\"https:\/\/craigieburnsc.vic.edu.au\/about\/principals-welcome\/\",\"name\":\"Principal's Welcome - Craigieburn Secondary College\",\"isPartOf\":{\"@id\":\"https:\/\/craigieburnsc.vic.edu.au\/#website\"},\"datePublished\":\"2021-09-22T23:04:02+00:00\",\"dateModified\":\"2024-04-24T05:57:05+00:00\",\"breadcrumb\":{\"@id\":\"https:\/\/craigieburnsc.vic.edu.au\/about\/principals-welcome\/#breadcrumb\"},\"inLanguage\":\"tr\",\"potentialAction\":[{\"@type\":\"ReadAction\",\"target\":[\"https:\/\/craigieburnsc.vic.edu.au\/about\/principals-welcome\/\"]}]},{\"@type\":\"BreadcrumbList\",\"@id\":\"https:\/\/craigieburnsc.vic.edu.au\/about\/principals-welcome\/#breadcrumb\",\"itemListElement\":[{\"@type\":\"ListItem\",\"position\":1,\"name\":\"Home\",\"item\":\"https:\/\/craigieburnsc.vic.edu.au\/\"},{\"@type\":\"ListItem\",\"position\":2,\"name\":\"About Craigieburn Secondary College\",\"item\":\"https:\/\/craigieburnsc.vic.edu.au\/about\/\"},{\"@type\":\"ListItem\",\"position\":3,\"name\":\"Principal&#8217;s Welcome\"}]},{\"@type\":\"WebSite\",\"@id\":\"https:\/\/craigieburnsc.vic.edu.au\/#website\",\"url\":\"https:\/\/craigieburnsc.vic.edu.au\/\",\"name\":\"Craigieburn Secondary College\",\"description\":\"CSC Craigieburn Secondary College\",\"publisher\":{\"@id\":\"https:\/\/craigieburnsc.vic.edu.au\/#organization\"},\"potentialAction\":[{\"@type\":\"SearchAction\",\"target\":{\"@type\":\"EntryPoint\",\"urlTemplate\":\"https:\/\/craigieburnsc.vic.edu.au\/?s={search_term_string}\"},\"query-input\":{\"@type\":\"PropertyValueSpecification\",\"valueRequired\":true,\"valueName\":\"search_term_string\"}}],\"inLanguage\":\"tr\"},{\"@type\":\"Organization\",\"@id\":\"https:\/\/craigieburnsc.vic.edu.au\/#organization\",\"name\":\"Craigieburn Secondary College\",\"url\":\"https:\/\/craigieburnsc.vic.edu.au\/\",\"logo\":{\"@type\":\"ImageObject\",\"inLanguage\":\"tr\",\"@id\":\"https:\/\/craigieburnsc.vic.edu.au\/#\/schema\/logo\/image\/\",\"url\":\"https:\/\/craigieburn.wepushbuttons.com.au\/wp-content\/uploads\/2021\/09\/01a3505e.jpg\",\"contentUrl\":\"https:\/\/craigieburn.wepushbuttons.com.au\/wp-content\/uploads\/2021\/09\/01a3505e.jpg\",\"width\":734,\"height\":374,\"caption\":\"Craigieburn Secondary College\"},\"image\":{\"@id\":\"https:\/\/craigieburnsc.vic.edu.au\/#\/schema\/logo\/image\/\"},\"sameAs\":[\"https:\/\/www.facebook.com\/Craigieburn-Secondary-College-Alumni-Program-107789014159714\/\"]}]}<\/script>\n<!-- \/ Yoast SEO plugin. -->","yoast_head_json":{"title":"Principal's Welcome - Craigieburn Secondary College","robots":{"index":"index","follow":"follow","max-snippet":"max-snippet:-1","max-image-preview":"max-image-preview:large","max-video-preview":"max-video-preview:-1"},"canonical":"https:\/\/craigieburnsc.vic.edu.au\/tr\/about\/principals-welcome\/","og_locale":"tr_TR","og_type":"article","og_title":"Principal's Welcome - Craigieburn Secondary College","og_description":"Craigieburn Secondary College is a school with a rich history of diversity and acceptance. We have over 25 years&#8217; experience in educating and supporting our students to be happy and successful. We are a strong community, rich in diversity across our families and staff, as well as having a broad range of learning and extra-curricular [&hellip;]","og_url":"https:\/\/craigieburnsc.vic.edu.au\/tr\/about\/principals-welcome\/","og_site_name":"Craigieburn Secondary College","article_publisher":"https:\/\/www.facebook.com\/Craigieburn-Secondary-College-Alumni-Program-107789014159714\/","article_modified_time":"2024-04-24T05:57:05+00:00","og_image":[{"width":1196,"height":647,"url":"https:\/\/craigieburnsc.vic.edu.au\/wp-content\/uploads\/2021\/09\/CSC-facebook.jpg","type":"image\/jpeg"}],"twitter_card":"summary_large_image","schema":{"@context":"https:\/\/schema.org","@graph":[{"@type":"WebPage","@id":"https:\/\/craigieburnsc.vic.edu.au\/about\/principals-welcome\/","url":"https:\/\/craigieburnsc.vic.edu.au\/about\/principals-welcome\/","name":"Principal's Welcome - Craigieburn Secondary College","isPartOf":{"@id":"https:\/\/craigieburnsc.vic.edu.au\/#website"},"datePublished":"2021-09-22T23:04:02+00:00","dateModified":"2024-04-24T05:57:05+00:00","breadcrumb":{"@id":"https:\/\/craigieburnsc.vic.edu.au\/about\/principals-welcome\/#breadcrumb"},"inLanguage":"tr","potentialAction":[{"@type":"ReadAction","target":["https:\/\/craigieburnsc.vic.edu.au\/about\/principals-welcome\/"]}]},{"@type":"BreadcrumbList","@id":"https:\/\/craigieburnsc.vic.edu.au\/about\/principals-welcome\/#breadcrumb","itemListElement":[{"@type":"ListItem","position":1,"name":"Home","item":"https:\/\/craigieburnsc.vic.edu.au\/"},{"@type":"ListItem","position":2,"name":"About Craigieburn Secondary College","item":"https:\/\/craigieburnsc.vic.edu.au\/about\/"},{"@type":"ListItem","position":3,"name":"Principal&#8217;s Welcome"}]},{"@type":"WebSite","@id":"https:\/\/craigieburnsc.vic.edu.au\/#website","url":"https:\/\/craigieburnsc.vic.edu.au\/","name":"Craigieburn Ortaokulu","description":"CSC Craigieburn Ortaokulu","publisher":{"@id":"https:\/\/craigieburnsc.vic.edu.au\/#organization"},"potentialAction":[{"@type":"SearchAction","target":{"@type":"EntryPoint","urlTemplate":"https:\/\/craigieburnsc.vic.edu.au\/?s={search_term_string}"},"query-input":{"@type":"PropertyValueSpecification","valueRequired":true,"valueName":"search_term_string"}}],"inLanguage":"tr"},{"@type":"Organization","@id":"https:\/\/craigieburnsc.vic.edu.au\/#organization","name":"Craigieburn Ortaokulu","url":"https:\/\/craigieburnsc.vic.edu.au\/","logo":{"@type":"ImageObject","inLanguage":"tr","@id":"https:\/\/craigieburnsc.vic.edu.au\/#\/schema\/logo\/image\/","url":"https:\/\/craigieburn.wepushbuttons.com.au\/wp-content\/uploads\/2021\/09\/01a3505e.jpg","contentUrl":"https:\/\/craigieburn.wepushbuttons.com.au\/wp-content\/uploads\/2021\/09\/01a3505e.jpg","width":734,"height":374,"caption":"Craigieburn Secondary College"},"image":{"@id":"https:\/\/craigieburnsc.vic.edu.au\/#\/schema\/logo\/image\/"},"sameAs":["https:\/\/www.facebook.com\/Craigieburn-Secondary-College-Alumni-Program-107789014159714\/"]}]}},"_links":{"self":[{"href":"https:\/\/craigieburnsc.vic.edu.au\/tr\/wp-json\/wp\/v2\/pages\/343","targetHints":{"allow":["GET"]}}],"collection":[{"href":"https:\/\/craigieburnsc.vic.edu.au\/tr\/wp-json\/wp\/v2\/pages"}],"about":[{"href":"https:\/\/craigieburnsc.vic.edu.au\/tr\/wp-json\/wp\/v2\/types\/page"}],"author":[{"embeddable":true,"href":"https:\/\/craigieburnsc.vic.edu.au\/tr\/wp-json\/wp\/v2\/users\/2"}],"replies":[{"embeddable":true,"href":"https:\/\/craigieburnsc.vic.edu.au\/tr\/wp-json\/wp\/v2\/comments?post=343"}],"version-history":[{"count":6,"href":"https:\/\/craigieburnsc.vic.edu.au\/tr\/wp-json\/wp\/v2\/pages\/343\/revisions"}],"predecessor-version":[{"id":5997,"href":"https:\/\/craigieburnsc.vic.edu.au\/tr\/wp-json\/wp\/v2\/pages\/343\/revisions\/5997"}],"up":[{"embeddable":true,"href":"https:\/\/craigieburnsc.vic.edu.au\/tr\/wp-json\/wp\/v2\/pages\/43"}],"wp:attachment":[{"href":"https:\/\/craigieburnsc.vic.edu.au\/tr\/wp-json\/wp\/v2\/media?parent=343"}],"curies":[{"name":"wp","href":"https:\/\/api.w.org\/{rel}","templated":true}]}}