{"id":351,"date":"2021-09-22T23:12:48","date_gmt":"2021-09-22T13:12:48","guid":{"rendered":"https:\/\/craigieburn.wepushbuttons.com.au\/?page_id=351"},"modified":"2025-10-29T11:20:44","modified_gmt":"2025-10-29T00:20:44","slug":"enrolment-enquiry","status":"publish","type":"page","link":"https:\/\/craigieburnsc.vic.edu.au\/tr\/enrolment\/enrolment-enquiry\/","title":{"rendered":"Kay\u0131t Sorgulama"},"content":{"rendered":"<p>All new enrolments to Craigieburn Secondary College (excluding Grade 6 into Year 7 transition) are conducted by an Assistant Principal. We recommend viewing the College Prospectus Brochure &#8211; <a href=\"https:\/\/craigieburnsc.vic.edu.au\/wp-content\/uploads\/2024\/04\/CRAIG-Prospectus-2024.pdf\" target=\"_blank\" rel=\"noopener\"><strong>Click Here to download Prospectus<\/strong><\/a>\u00a0A parent\/carer interview is required at a mutually arranged appointment time.<\/p>\n<p>Okul gereksinimleri ve \u00fcniforma, kitaplar, dolaplar, davran\u0131\u015f kurallar\u0131, ebeveynler\/bak\u0131c\u0131lar ve \u00f6\u011frenci destekleri ve e\u011fitim kurslar\u0131 dahil olmak \u00fczere bilgiler, kay\u0131t formlar\u0131 imzalanmadan \u00f6nce veliler\/bak\u0131c\u0131lar ve \u00f6\u011frencilerle tart\u0131\u015f\u0131l\u0131r. M\u00fclakatlar ebeveyn\/bak\u0131c\u0131 olmadan yap\u0131lmaz. Kay\u0131t sorgulama yapmak i\u00e7in l\u00fctfen doldurunuz <strong><a href=\"https:\/\/craigieburnsc.vic.edu.au\/wp-content\/uploads\/2024\/04\/Department-Enrolment-Enquiry-Form-2024.pdf\" target=\"_blank\" rel=\"noopener\">DET Enrolment Enquiry Form<\/a>. On receipt of the DET Enrolment form, in person or via email at craigieburn.sc@education.vic.gov.au, an Assistant Principal will be in contact to determine an enrolment interview, and an enrolment pack will be issued by the administration team.<\/strong><\/p>\n<p>The laptop program at Craigieburn Secondary College creates expanded learning opportunities that are more active, and student centred. It provides a wealth of rich educational resources and tools, that when used effectively, will deliver very positive teaching and learning outcomes. Every student is expected to have a laptop. Students have the choice to bring your own device (BYOD) or access the college co-contribution scheme regardless of the scheme you choose to access the college laptop program an <a href=\"https:\/\/craigieburnsc.vic.edu.au\/wp-content\/uploads\/2025\/02\/ICT-E-Learning-Policy-October-2024_25.pdf\" target=\"_blank\" rel=\"noopener\">B\u0130T ve E-\u00d6\u011frenme Politikas\u0131<\/a> \u00f6\u011frencilere, velilere\/bak\u0131c\u0131lara tart\u0131\u015f\u0131p imzalamalar\u0131 i\u00e7in s\u00f6zle\u015fme verilecektir.<\/p>\n<p>All laptops are networked, this will link them to their teachers, learning communities, multimedia software and with online tools and resources, email communication, and Compass system.<\/p>\n<p>For more information on the one-to-one netbook program and ICT &amp; E-Learning handbook, please contact the general office during business hours on 93081144.<\/p>\n<h2>Parent Payments<\/h2>\n<p>Schools provide students with free instruction and ensure students have free access to all items, activities and services that are used by the school to fulfil the<br \/>\nrequirements of the Curriculum. This includes the Victorian Curriculum F-10, the Victorian Certificate of Education (VCE) including the VCE Vocational Major and the Victorian Pathways Certificate. \u00a0Schools may invite parents to make a financial contribution to support the school.<\/p>\n<p>See the Department of Education\u00a0<a href=\"https:\/\/www2.education.vic.gov.au\/pal\/parent-payment\/policy\">parent payments policy<\/a>\u00a0 and a summary of the\u00a0<a href=\"https:\/\/craigieburnsc.vic.edu.au\/wp-content\/uploads\/2025\/02\/parent-payments-one-page-overview-2389_2025.pdf\" target=\"_blank\" rel=\"noopener\">Parent Payments Overview\u00a0<\/a> Further advice by your child\u2019s relevant year level pleases contact the accounts payable office during business hours or phone 9308 1144.<\/p>\n<h3>Yerle\u015ftirme Y\u00f6nergeleri<\/h3>\n<p><strong>Belirlenmi\u015f Mahalle Okulu<\/strong><\/p>\n<p>In Victoria, children of compulsory school age are entitled to be enrolled at their designated neighbourhood school. The designated neighbourhood school is generally the government school within closest proximity to the student\u2019s permanent residential address, unless the Minister or their delegate (such as the Regional Director) has restricted the zone of a school. In such cases, a child\u2019s designated neighbourhood school may not be their nearest school.<\/p>\n<p>Students are able to apply for a place at a school that is not their designated neighbourhood school. All requests from students living outside the school\u2019s zone will be considered by the principal at the preferred school.<\/p>\n<p>Yeterli yer varsa, alt\u0131nda <a href=\"https:\/\/www2.education.vic.gov.au\/pal\/enrolment\/guidance\/placement-policy\" target=\"_blank\" rel=\"noopener\">Yerle\u015ftirme Politikas\u0131<\/a> it is expected that government schools will accept all students at school age seeking enrolment at the school.<\/p>\n<p>Where there are insufficient places at a school for all students who seek entry, students are enrolled according to the Placement Policy&#8217;s priority order of placement, which has six criteria. Schools ensure that all applicants eligible under a criterion have been offered a place before moving to consideration of the next. All students for whom the school is the designated neighbourhood school are guaranteed a place.<\/p>\n<p><strong>Yerle\u015ftirme \u00f6ncelik s\u0131ras\u0131 a\u015fa\u011f\u0131daki gibidir:<\/strong><\/p>\n<ul>\n<li>Okulun belirlenen mahalle okulu oldu\u011fu \u00f6\u011frenciler<\/li>\n<li>Ayn\u0131 daimi adreste karde\u015fi olan ve ayn\u0131 zamanda okula devam eden \u00f6\u011frenciler<\/li>\n<li>B\u00f6lge M\u00fcd\u00fcr\u00fcn\u00fcn kayd\u0131 k\u0131s\u0131tlad\u0131\u011f\u0131 durumlarda, okula en yak\u0131n ikamet eden \u00f6\u011frenciler<\/li>\n<li>Belirli m\u00fcfredat gerek\u00e7esiyle kay\u0131t yapt\u0131rmak isteyen \u00f6\u011frenciler<\/li>\n<li>Di\u011fer t\u00fcm \u00f6\u011frenciler evlerinin okula yak\u0131nl\u0131k s\u0131ras\u0131na g\u00f6re.<\/li>\n<li>\u0130stisnai durumlarda, \u015fefkatli gerek\u00e7eler.<\/li>\n<\/ul>\n<p>Karde\u015fler, k\u0131s\u0131tl\u0131 kay\u0131t ve itirazlar hakk\u0131nda daha fazla bilgi i\u00e7in Yerle\u015ftirme Politikas\u0131 Y\u00f6nergelerine bak\u0131n.<\/p>\n<p><strong>okul web sitemi bul<\/strong><\/p>\n<p>Find My School web sitesi, Victoria&#039;daki t\u00fcm ana okul b\u00f6lgelerini g\u00f6rsel olarak temsil eder. Belirlenmi\u015f bir mahalle okulu, bir yerle\u015fim adresi aramas\u0131yla VEYA bir okul ad\u0131n\u0131 kullanarak arama yaparak bulabilirsiniz.<\/p>\n<p>Sonu\u00e7 \u015funlar\u0131 g\u00f6sterecektir:<\/p>\n<ul>\n<li>ikamet adresine g\u00f6re okulun b\u00f6lgedeki konumu (varsa)<\/li>\n<li>okul, b\u00f6lgesi ve okul web sitesine bir ba\u011flant\u0131 hakk\u0131nda bilgi.<\/li>\n<\/ul>\n<p>The Find My School website links to the Department\u2019s frequently asked questions <a href=\"https:\/\/www.education.vic.gov.au\/Documents\/parents\/going-to-school\/enrolment-faqs-school.docx\" target=\"_blank\" rel=\"noopener\">SSS<\/a> ve hakk\u0131nda daha fazla bilgi <a href=\"https:\/\/www.vic.gov.au\/school-zones\" target=\"_blank\" rel=\"noopener\">Okul B\u00f6lgeleri<\/a><\/p>\n<p>School Zones for specialist schools, English Language Schools, community schools, select entry schools have not been published due to enrolment criteria &#8211; see map for these locations.<\/p>\n<p><a class=\"button green-button\" href=\"https:\/\/craigieburnsc.vic.edu.au\/wp-content\/uploads\/2024\/04\/Department-Enrolment-Enquiry-Form-2024.pdf\" target=\"_blank\" rel=\"noopener\">KAYIT TALEP FORMUNU BURADAN \u0130ND\u0130REB\u0130L\u0130RS\u0130N\u0130Z<\/a><\/p>\n<p>&nbsp;<\/p>\n<h2>Craigieburn Ortaokulu Okul B\u00f6lgesi Haritas\u0131<\/h2>\n<p><img loading=\"lazy\" decoding=\"async\" class=\"aligncenter wp-image-835 size-large\" src=\"https:\/\/craigieburn.wepushbuttons.com.au\/wp-content\/uploads\/2021\/09\/findmyschoolmap-1024x642.png\" alt=\"\" width=\"1024\" height=\"642\" srcset=\"https:\/\/craigieburnsc.vic.edu.au\/wp-content\/uploads\/2021\/09\/findmyschoolmap-1024x642.png 1024w, https:\/\/craigieburnsc.vic.edu.au\/wp-content\/uploads\/2021\/09\/findmyschoolmap-300x188.png 300w, https:\/\/craigieburnsc.vic.edu.au\/wp-content\/uploads\/2021\/09\/findmyschoolmap-768x482.png 768w, https:\/\/craigieburnsc.vic.edu.au\/wp-content\/uploads\/2021\/09\/findmyschoolmap-24x15.png 24w, https:\/\/craigieburnsc.vic.edu.au\/wp-content\/uploads\/2021\/09\/findmyschoolmap-36x23.png 36w, https:\/\/craigieburnsc.vic.edu.au\/wp-content\/uploads\/2021\/09\/findmyschoolmap-72x45.png 72w, https:\/\/craigieburnsc.vic.edu.au\/wp-content\/uploads\/2021\/09\/findmyschoolmap-48x30.png 48w, https:\/\/craigieburnsc.vic.edu.au\/wp-content\/uploads\/2021\/09\/findmyschoolmap.png 1468w\" sizes=\"auto, (max-width: 1024px) 100vw, 1024px\" \/><\/p>","protected":false},"excerpt":{"rendered":"<p>All new enrolments to Craigieburn Secondary College (excluding Grade 6 into Year 7 transition) are conducted by an Assistant Principal. We recommend viewing the College Prospectus Brochure &#8211; Click Here to download Prospectus\u00a0A parent\/carer interview is required at a mutually arranged appointment time. School requirements and information including uniform, books, lockers, code of conduct, parents\/carers [&hellip;]<\/p>\n","protected":false},"author":2,"featured_media":0,"parent":46,"menu_order":0,"comment_status":"closed","ping_status":"closed","template":"","meta":{"_acf_changed":false,"footnotes":""},"class_list":["post-351","page","type-page","status-publish","hentry"],"acf":[],"yoast_head":"<!-- This site is optimized with the Yoast SEO plugin v27.0 - https:\/\/yoast.com\/product\/yoast-seo-wordpress\/ -->\n<title>Enrolment Enquiry - Craigieburn Secondary College<\/title>\n<meta name=\"description\" content=\"All new enrolments to Craigieburn Secondary College (excluding Grade 6 into Year 7 transition) are conducted by an Assistant Principal.\" \/>\n<meta name=\"robots\" content=\"index, follow, max-snippet:-1, max-image-preview:large, max-video-preview:-1\" \/>\n<link rel=\"canonical\" href=\"https:\/\/craigieburnsc.vic.edu.au\/tr\/enrolment\/enrolment-enquiry\/\" \/>\n<meta property=\"og:locale\" content=\"tr_TR\" \/>\n<meta property=\"og:type\" content=\"article\" \/>\n<meta property=\"og:title\" content=\"Enrolment Enquiry - Craigieburn Secondary College\" \/>\n<meta property=\"og:description\" content=\"All new enrolments to Craigieburn Secondary College (excluding Grade 6 into Year 7 transition) are conducted by an Assistant Principal.\" \/>\n<meta property=\"og:url\" content=\"https:\/\/craigieburnsc.vic.edu.au\/tr\/enrolment\/enrolment-enquiry\/\" \/>\n<meta property=\"og:site_name\" content=\"Craigieburn Secondary College\" \/>\n<meta property=\"article:publisher\" content=\"https:\/\/www.facebook.com\/Craigieburn-Secondary-College-Alumni-Program-107789014159714\/\" \/>\n<meta property=\"article:modified_time\" content=\"2025-10-29T00:20:44+00:00\" \/>\n<meta property=\"og:image\" content=\"https:\/\/craigieburnsc.vic.edu.au\/wp-content\/uploads\/2021\/09\/findmyschoolmap.png\" \/>\n\t<meta property=\"og:image:width\" content=\"1468\" \/>\n\t<meta property=\"og:image:height\" content=\"921\" \/>\n\t<meta property=\"og:image:type\" content=\"image\/png\" \/>\n<meta name=\"twitter:card\" content=\"summary_large_image\" \/>\n<script type=\"application\/ld+json\" class=\"yoast-schema-graph\">{\"@context\":\"https:\/\/schema.org\",\"@graph\":[{\"@type\":\"WebPage\",\"@id\":\"https:\/\/craigieburnsc.vic.edu.au\/enrolment\/enrolment-enquiry\/\",\"url\":\"https:\/\/craigieburnsc.vic.edu.au\/enrolment\/enrolment-enquiry\/\",\"name\":\"Enrolment Enquiry - Craigieburn Secondary College\",\"isPartOf\":{\"@id\":\"https:\/\/craigieburnsc.vic.edu.au\/#website\"},\"primaryImageOfPage\":{\"@id\":\"https:\/\/craigieburnsc.vic.edu.au\/enrolment\/enrolment-enquiry\/#primaryimage\"},\"image\":{\"@id\":\"https:\/\/craigieburnsc.vic.edu.au\/enrolment\/enrolment-enquiry\/#primaryimage\"},\"thumbnailUrl\":\"https:\/\/craigieburn.wepushbuttons.com.au\/wp-content\/uploads\/2021\/09\/findmyschoolmap-1024x642.png\",\"datePublished\":\"2021-09-22T13:12:48+00:00\",\"dateModified\":\"2025-10-29T00:20:44+00:00\",\"description\":\"All new enrolments to Craigieburn Secondary College (excluding Grade 6 into Year 7 transition) are conducted by an Assistant Principal.\",\"breadcrumb\":{\"@id\":\"https:\/\/craigieburnsc.vic.edu.au\/enrolment\/enrolment-enquiry\/#breadcrumb\"},\"inLanguage\":\"tr\",\"potentialAction\":[{\"@type\":\"ReadAction\",\"target\":[\"https:\/\/craigieburnsc.vic.edu.au\/enrolment\/enrolment-enquiry\/\"]}]},{\"@type\":\"ImageObject\",\"inLanguage\":\"tr\",\"@id\":\"https:\/\/craigieburnsc.vic.edu.au\/enrolment\/enrolment-enquiry\/#primaryimage\",\"url\":\"https:\/\/craigieburn.wepushbuttons.com.au\/wp-content\/uploads\/2021\/09\/findmyschoolmap-1024x642.png\",\"contentUrl\":\"https:\/\/craigieburn.wepushbuttons.com.au\/wp-content\/uploads\/2021\/09\/findmyschoolmap-1024x642.png\"},{\"@type\":\"BreadcrumbList\",\"@id\":\"https:\/\/craigieburnsc.vic.edu.au\/enrolment\/enrolment-enquiry\/#breadcrumb\",\"itemListElement\":[{\"@type\":\"ListItem\",\"position\":1,\"name\":\"Home\",\"item\":\"https:\/\/craigieburnsc.vic.edu.au\/\"},{\"@type\":\"ListItem\",\"position\":2,\"name\":\"Enrolment\",\"item\":\"https:\/\/craigieburnsc.vic.edu.au\/enrolment\/\"},{\"@type\":\"ListItem\",\"position\":3,\"name\":\"Enrolment Enquiry\"}]},{\"@type\":\"WebSite\",\"@id\":\"https:\/\/craigieburnsc.vic.edu.au\/#website\",\"url\":\"https:\/\/craigieburnsc.vic.edu.au\/\",\"name\":\"Craigieburn Secondary College\",\"description\":\"CSC Craigieburn Secondary College\",\"publisher\":{\"@id\":\"https:\/\/craigieburnsc.vic.edu.au\/#organization\"},\"potentialAction\":[{\"@type\":\"SearchAction\",\"target\":{\"@type\":\"EntryPoint\",\"urlTemplate\":\"https:\/\/craigieburnsc.vic.edu.au\/?s={search_term_string}\"},\"query-input\":{\"@type\":\"PropertyValueSpecification\",\"valueRequired\":true,\"valueName\":\"search_term_string\"}}],\"inLanguage\":\"tr\"},{\"@type\":\"Organization\",\"@id\":\"https:\/\/craigieburnsc.vic.edu.au\/#organization\",\"name\":\"Craigieburn Secondary College\",\"url\":\"https:\/\/craigieburnsc.vic.edu.au\/\",\"logo\":{\"@type\":\"ImageObject\",\"inLanguage\":\"tr\",\"@id\":\"https:\/\/craigieburnsc.vic.edu.au\/#\/schema\/logo\/image\/\",\"url\":\"https:\/\/craigieburn.wepushbuttons.com.au\/wp-content\/uploads\/2021\/09\/01a3505e.jpg\",\"contentUrl\":\"https:\/\/craigieburn.wepushbuttons.com.au\/wp-content\/uploads\/2021\/09\/01a3505e.jpg\",\"width\":734,\"height\":374,\"caption\":\"Craigieburn Secondary College\"},\"image\":{\"@id\":\"https:\/\/craigieburnsc.vic.edu.au\/#\/schema\/logo\/image\/\"},\"sameAs\":[\"https:\/\/www.facebook.com\/Craigieburn-Secondary-College-Alumni-Program-107789014159714\/\"]}]}<\/script>\n<!-- \/ Yoast SEO plugin. -->","yoast_head_json":{"title":"Enrolment Enquiry - Craigieburn Secondary College","description":"Craigieburn Ortaokuluna t\u00fcm yeni kay\u0131tlar (6. S\u0131n\u0131ftan 7. S\u0131n\u0131fa ge\u00e7i\u015f hari\u00e7) bir M\u00fcd\u00fcr Yard\u0131mc\u0131s\u0131 taraf\u0131ndan yap\u0131l\u0131r.","robots":{"index":"index","follow":"follow","max-snippet":"max-snippet:-1","max-image-preview":"max-image-preview:large","max-video-preview":"max-video-preview:-1"},"canonical":"https:\/\/craigieburnsc.vic.edu.au\/tr\/enrolment\/enrolment-enquiry\/","og_locale":"tr_TR","og_type":"article","og_title":"Enrolment Enquiry - Craigieburn Secondary College","og_description":"All new enrolments to Craigieburn Secondary College (excluding Grade 6 into Year 7 transition) are conducted by an Assistant Principal.","og_url":"https:\/\/craigieburnsc.vic.edu.au\/tr\/enrolment\/enrolment-enquiry\/","og_site_name":"Craigieburn Secondary College","article_publisher":"https:\/\/www.facebook.com\/Craigieburn-Secondary-College-Alumni-Program-107789014159714\/","article_modified_time":"2025-10-29T00:20:44+00:00","og_image":[{"width":1468,"height":921,"url":"https:\/\/craigieburnsc.vic.edu.au\/wp-content\/uploads\/2021\/09\/findmyschoolmap.png","type":"image\/png"}],"twitter_card":"summary_large_image","schema":{"@context":"https:\/\/schema.org","@graph":[{"@type":"WebPage","@id":"https:\/\/craigieburnsc.vic.edu.au\/enrolment\/enrolment-enquiry\/","url":"https:\/\/craigieburnsc.vic.edu.au\/enrolment\/enrolment-enquiry\/","name":"Enrolment Enquiry - Craigieburn Secondary College","isPartOf":{"@id":"https:\/\/craigieburnsc.vic.edu.au\/#website"},"primaryImageOfPage":{"@id":"https:\/\/craigieburnsc.vic.edu.au\/enrolment\/enrolment-enquiry\/#primaryimage"},"image":{"@id":"https:\/\/craigieburnsc.vic.edu.au\/enrolment\/enrolment-enquiry\/#primaryimage"},"thumbnailUrl":"https:\/\/craigieburn.wepushbuttons.com.au\/wp-content\/uploads\/2021\/09\/findmyschoolmap-1024x642.png","datePublished":"2021-09-22T13:12:48+00:00","dateModified":"2025-10-29T00:20:44+00:00","description":"Craigieburn Ortaokuluna t\u00fcm yeni kay\u0131tlar (6. S\u0131n\u0131ftan 7. S\u0131n\u0131fa ge\u00e7i\u015f hari\u00e7) bir M\u00fcd\u00fcr Yard\u0131mc\u0131s\u0131 taraf\u0131ndan yap\u0131l\u0131r.","breadcrumb":{"@id":"https:\/\/craigieburnsc.vic.edu.au\/enrolment\/enrolment-enquiry\/#breadcrumb"},"inLanguage":"tr","potentialAction":[{"@type":"ReadAction","target":["https:\/\/craigieburnsc.vic.edu.au\/enrolment\/enrolment-enquiry\/"]}]},{"@type":"ImageObject","inLanguage":"tr","@id":"https:\/\/craigieburnsc.vic.edu.au\/enrolment\/enrolment-enquiry\/#primaryimage","url":"https:\/\/craigieburn.wepushbuttons.com.au\/wp-content\/uploads\/2021\/09\/findmyschoolmap-1024x642.png","contentUrl":"https:\/\/craigieburn.wepushbuttons.com.au\/wp-content\/uploads\/2021\/09\/findmyschoolmap-1024x642.png"},{"@type":"BreadcrumbList","@id":"https:\/\/craigieburnsc.vic.edu.au\/enrolment\/enrolment-enquiry\/#breadcrumb","itemListElement":[{"@type":"ListItem","position":1,"name":"Home","item":"https:\/\/craigieburnsc.vic.edu.au\/"},{"@type":"ListItem","position":2,"name":"Enrolment","item":"https:\/\/craigieburnsc.vic.edu.au\/enrolment\/"},{"@type":"ListItem","position":3,"name":"Enrolment Enquiry"}]},{"@type":"WebSite","@id":"https:\/\/craigieburnsc.vic.edu.au\/#website","url":"https:\/\/craigieburnsc.vic.edu.au\/","name":"Craigieburn Ortaokulu","description":"CSC Craigieburn Ortaokulu","publisher":{"@id":"https:\/\/craigieburnsc.vic.edu.au\/#organization"},"potentialAction":[{"@type":"SearchAction","target":{"@type":"EntryPoint","urlTemplate":"https:\/\/craigieburnsc.vic.edu.au\/?s={search_term_string}"},"query-input":{"@type":"PropertyValueSpecification","valueRequired":true,"valueName":"search_term_string"}}],"inLanguage":"tr"},{"@type":"Organization","@id":"https:\/\/craigieburnsc.vic.edu.au\/#organization","name":"Craigieburn Ortaokulu","url":"https:\/\/craigieburnsc.vic.edu.au\/","logo":{"@type":"ImageObject","inLanguage":"tr","@id":"https:\/\/craigieburnsc.vic.edu.au\/#\/schema\/logo\/image\/","url":"https:\/\/craigieburn.wepushbuttons.com.au\/wp-content\/uploads\/2021\/09\/01a3505e.jpg","contentUrl":"https:\/\/craigieburn.wepushbuttons.com.au\/wp-content\/uploads\/2021\/09\/01a3505e.jpg","width":734,"height":374,"caption":"Craigieburn Secondary College"},"image":{"@id":"https:\/\/craigieburnsc.vic.edu.au\/#\/schema\/logo\/image\/"},"sameAs":["https:\/\/www.facebook.com\/Craigieburn-Secondary-College-Alumni-Program-107789014159714\/"]}]}},"_links":{"self":[{"href":"https:\/\/craigieburnsc.vic.edu.au\/tr\/wp-json\/wp\/v2\/pages\/351","targetHints":{"allow":["GET"]}}],"collection":[{"href":"https:\/\/craigieburnsc.vic.edu.au\/tr\/wp-json\/wp\/v2\/pages"}],"about":[{"href":"https:\/\/craigieburnsc.vic.edu.au\/tr\/wp-json\/wp\/v2\/types\/page"}],"author":[{"embeddable":true,"href":"https:\/\/craigieburnsc.vic.edu.au\/tr\/wp-json\/wp\/v2\/users\/2"}],"replies":[{"embeddable":true,"href":"https:\/\/craigieburnsc.vic.edu.au\/tr\/wp-json\/wp\/v2\/comments?post=351"}],"version-history":[{"count":38,"href":"https:\/\/craigieburnsc.vic.edu.au\/tr\/wp-json\/wp\/v2\/pages\/351\/revisions"}],"predecessor-version":[{"id":6867,"href":"https:\/\/craigieburnsc.vic.edu.au\/tr\/wp-json\/wp\/v2\/pages\/351\/revisions\/6867"}],"up":[{"embeddable":true,"href":"https:\/\/craigieburnsc.vic.edu.au\/tr\/wp-json\/wp\/v2\/pages\/46"}],"wp:attachment":[{"href":"https:\/\/craigieburnsc.vic.edu.au\/tr\/wp-json\/wp\/v2\/media?parent=351"}],"curies":[{"name":"wp","href":"https:\/\/api.w.org\/{rel}","templated":true}]}}