{"id":367,"date":"2021-09-22T23:32:45","date_gmt":"2021-09-22T23:32:45","guid":{"rendered":"https:\/\/craigieburn.wepushbuttons.com.au\/?page_id=367"},"modified":"2022-02-04T19:21:26","modified_gmt":"2022-02-04T08:21:26","slug":"attendance-news","status":"publish","type":"page","link":"https:\/\/craigieburnsc.vic.edu.au\/tr\/learning\/attendance-news\/","title":{"rendered":"Kat\u0131l\u0131m Haberleri"},"content":{"rendered":"<h3>Kolej Devams\u0131zl\u0131klar\u0131 nas\u0131l iletecek?<strong><br \/>\n<\/strong><\/h3>\n<p>Bu zor ve zorlu zamanlarda \u00f6\u011frencileri ve aileleri en iyi \u015fekilde desteklemek i\u00e7in yokluk ileti\u015fimi.<\/p>\n<ul>\n<li>Sabah 10:00&#039;da Form Meclisinde veya Birinci D\u00f6nemde veya her iki d\u00f6nemde DEVAMSIZ olarak i\u015faretlenen \u00f6\u011frenciler i\u00e7in velilere\/velilere Yok metin mesaj\u0131 g\u00f6nderilir.<\/li>\n<\/ul>\n<ul>\n<li>\u00d6\u011fleden sonra 3&#039;te, T\u00dcM G\u00dcN DEVAM ETMED\u0130 olarak i\u015faretlenen \u00f6\u011frencilerin velilerine\/velilerine Yok mesaj\u0131 g\u00f6nderilir.<\/li>\n<\/ul>\n<ul>\n<li>HER Pazartesi A\u00e7\u0131klanamayan devams\u0131zl\u0131k e-postalar\u0131 Compass&#039;tan velilere\/velilere \u00f6\u011fretmen notuna dayal\u0131 olarak otomatik olarak olu\u015fturulur. L\u00fctfen ekteki e-postayla g\u00f6nderilen mektubu tarihleri ve s\u0131n\u0131flar\u0131 dikkatlice kontrol edin.<\/li>\n<\/ul>\n<p>Craigieburn Ortaokulunda kat\u0131l\u0131m ve kat\u0131l\u0131m y\u00fcksek \u00f6nceli\u011fe sahiptir ve E\u011fitim Destek ve Alt okul personeli, \u00d6\u011fretmenler ve \u00e7ok disiplinli sa\u011fl\u0131k ekiplerimiz taraf\u0131ndan y\u00fcksek oranda desteklenir. T\u00fcm aileleri, bu zorlu zamanlarda ailenizi ve \u00e7ocu\u011funuzu\/\u00e7ocuklar\u0131n\u0131z\u0131 en iyi \u015fekilde destekleyebilmesi i\u00e7in bu devams\u0131zl\u0131klar\u0131 derhal a\u00e7\u0131klamak i\u00e7in kolejle ileti\u015fime ge\u00e7meye te\u015fvik ediyoruz ya da a\u015fa\u011f\u0131daki \u015fartlar alt\u0131nda gereksinimlerinizi kar\u015f\u0131lam\u0131yor olabilirsiniz. <em>E\u011fitim ve \u00d6\u011fretim Reformu Yasas\u0131 2006<\/em>.<\/p>\n<p><strong>\u0130stisnai ko\u015fullar nedeniyle evden \u00f6\u011frenen \u00f6\u011frenciler ve\u00a0<u>Ana Onay\u00a0<\/u><\/strong>will be coded as \u2018Remote Learning (exceptional)\u2019. This should be where:<\/p>\n<ul>\n<li>bir \u00f6\u011frenci, m\u00fcmk\u00fcnse, COVID-19 izolasyonu veya karantina gereklilikleri nedeniyle evden \u00f6\u011freniyor<\/li>\n<li>bir \u00f6\u011frenci t\u0131bbi tavsiye nedeniyle evden \u00f6\u011freniyor (t\u0131bbi sertifikalar gerekli)<\/li>\n<li>Y\u00fcz y\u00fcze e\u011fitim i\u00e7in t\u0131bbi tavsiye nedeniyle kapanan ancak uzaktan e\u011fitim veren bir okul.<\/li>\n<\/ul>\n<p><strong>Takip et\u00a0<u>bir<\/u>\u00a0devams\u0131zl\u0131klar\u0131 a\u00e7\u0131klama ve\/veya kat\u0131l\u0131m ve kat\u0131l\u0131m deste\u011fi talep etme se\u00e7enekleri.<\/strong><\/p>\n<ul>\n<li>Compass APP&#039;ye veya https:\/\/craigieburnsc-vic.compass.education\/ adresindeki ana portala giri\u015f yap\u0131n (yoklu\u011fun nedenini, zaman \u00e7er\u00e7evesini\/yorum nedenini girin)<\/li>\n<li>E-posta: abuse@craigieburnsc.vic.edu.au (konu sat\u0131r\u0131: \u00d6\u011frenci Ad\u0131 \/ Y\u0131l D\u00fczeyi)<\/li>\n<li>Telefon: 9308 1144 ve devams\u0131zl\u0131klar\u0131 bildirmek i\u00e7in sesli mesaj kaydetmek i\u00e7in talimatlar\u0131 izleyin<\/li>\n<li>Kat\u0131l\u0131m Kat\u0131l\u0131m\u0131 veya Kat\u0131l\u0131m Deste\u011fi i\u00e7in kat\u0131l\u0131m@craigieburnsc.vic.edu.au adresine e-posta g\u00f6nderin<\/li>\n<li>Okula d\u00f6n\u00fc\u015fte T\u0131bbi\/Di\u015f\u00e7ilik\/Uzman Sertifikalar\u0131n\u0131 e-postayla g\u00f6nderin veya sa\u011flay\u0131n<\/li>\n<\/ul>\n<p>Kolej, devam kay\u0131tlar\u0131n\u0131 m\u00fcmk\u00fcn oldu\u011funca do\u011fru ve g\u00fcncel tutmak i\u00e7in elinden gelenin en iyisini yap\u0131yor. Devam kay\u0131tlar\u0131 g\u00fcnl\u00fck olarak E\u011fitim ve \u00d6\u011fretim Bakanl\u0131\u011f\u0131&#039;na y\u00fcklenmektedir.<\/p>\n<p>Okula d\u00f6n\u00fc\u015fte veya y\u00fcz y\u00fcze e\u011fitimde zorluk ya\u015fayan \u00f6\u011frenciler veli\/veli temas\u0131ndan dolay\u0131 cezaland\u0131r\u0131lmayacak ve an\u0131nda destek sa\u011flanacakt\u0131r.<\/p>\n<p><img loading=\"lazy\" decoding=\"async\" class=\"size-medium wp-image-2330 aligncenter\" src=\"https:\/\/craigieburnsc.vic.edu.au\/wp-content\/uploads\/2022\/02\/Return-to-School-Plan-300x212.jpg\" alt=\"\" width=\"300\" height=\"212\" srcset=\"https:\/\/craigieburnsc.vic.edu.au\/wp-content\/uploads\/2022\/02\/Return-to-School-Plan-300x212.jpg 300w, https:\/\/craigieburnsc.vic.edu.au\/wp-content\/uploads\/2022\/02\/Return-to-School-Plan-1024x724.jpg 1024w, https:\/\/craigieburnsc.vic.edu.au\/wp-content\/uploads\/2022\/02\/Return-to-School-Plan-768x543.jpg 768w, https:\/\/craigieburnsc.vic.edu.au\/wp-content\/uploads\/2022\/02\/Return-to-School-Plan-24x17.jpg 24w, https:\/\/craigieburnsc.vic.edu.au\/wp-content\/uploads\/2022\/02\/Return-to-School-Plan-36x25.jpg 36w, https:\/\/craigieburnsc.vic.edu.au\/wp-content\/uploads\/2022\/02\/Return-to-School-Plan-72x51.jpg 72w, https:\/\/craigieburnsc.vic.edu.au\/wp-content\/uploads\/2022\/02\/Return-to-School-Plan.jpg 1193w\" sizes=\"auto, (max-width: 300px) 100vw, 300px\" \/><\/p>\n<p>If you have any questions about the attendance communications and coding, please contact Andrea Brislin &#8211; Attendance Officer or Sub-school staff for engagement and learning supports on 9308 1144 or email attendance at attendance@craigieburnsc.vic.edu.au.<\/p>\n<p>Terc\u00fcmanl\u0131k Hizmetleri i\u00e7in Kolej ile ileti\u015fime ge\u00e7in; Kolej, Google \u00c7eviri&#039;yi kullanman\u0131z\u0131 \u00f6nerir.<\/p>\n<p>Devams\u0131zl\u0131k ve okula gitmeme hakk\u0131nda daha fazla bilgi i\u00e7in \u015fu adresi ziyaret edin:\u00a0<a href=\"https:\/\/www.education.vic.gov.au\/school\/teachers\/studentmanagement\/attendance\/Pages\/default.aspx\">okula devam<\/a>\u00a0internet sayfas\u0131.<\/p>\n<p>Coronavirus ile ilgili tavsiye ve yard\u0131m i\u00e7in \u015fu adresi ziyaret edin:<a href=\"https:\/\/www.education.vic.gov.au\/about\/department\/Pages\/coronavirus.aspx\">\u00a0koronavir\u00fcs tavsiyesi<\/a>\u00a0internet sayfas\u0131.<\/p>\n<blockquote><p><strong>Every Day Counts &#8211; It&#8217;s Never To Late to Improve Attendance &#8211; We thank you!<\/strong><\/p><\/blockquote>\n<p><img loading=\"lazy\" decoding=\"async\" class=\"wp-image-368 aligncenter\" src=\"https:\/\/craigieburn.wepushbuttons.com.au\/wp-content\/uploads\/2021\/09\/AttendanceMattersImage.png\" alt=\"\" width=\"672\" height=\"341\" srcset=\"https:\/\/craigieburnsc.vic.edu.au\/wp-content\/uploads\/2021\/09\/AttendanceMattersImage.png 995w, https:\/\/craigieburnsc.vic.edu.au\/wp-content\/uploads\/2021\/09\/AttendanceMattersImage-300x152.png 300w, https:\/\/craigieburnsc.vic.edu.au\/wp-content\/uploads\/2021\/09\/AttendanceMattersImage-768x390.png 768w, https:\/\/craigieburnsc.vic.edu.au\/wp-content\/uploads\/2021\/09\/AttendanceMattersImage-24x12.png 24w, https:\/\/craigieburnsc.vic.edu.au\/wp-content\/uploads\/2021\/09\/AttendanceMattersImage-36x18.png 36w, https:\/\/craigieburnsc.vic.edu.au\/wp-content\/uploads\/2021\/09\/AttendanceMattersImage-72x37.png 72w, https:\/\/craigieburnsc.vic.edu.au\/wp-content\/uploads\/2021\/09\/AttendanceMattersImage-48x24.png 48w\" sizes=\"auto, (max-width: 672px) 100vw, 672px\" \/><\/p>\n<h2>Okula Devam<\/h2>\n<h3>Devams\u0131zl\u0131klar\u0131 Bildirme<\/h3>\n<p>Reporting your child&#8217;s attendance; <strong><span style=\"text-decoration: underline;\">birini takip et<\/span><\/strong> a\u015fa\u011f\u0131daki se\u00e7eneklerden:<\/p>\n<ul>\n<li>Pusula Uygulamas\u0131n\u0131 veya Web Sitesini Kullan\u0131n\u00a0<a href=\"https:\/\/craigieburnsc-vic.compass.education\/-\">https:\/\/craigieburnsc-vic.compass.education\/<\/a>\u00a0&#8211; Compass Parent Portal &#8211; Enter Attendance Note (Reason, date and time-frame and comments)<\/li>\n<li>Email attendance@craigieburnsc.vic.edu.au &#8211; (Subject Line: Enter Student Name and Year Level &#8211; Form Group)<\/li>\n<li>9308 1144&#039;\u00fc aray\u0131n ve devams\u0131zl\u0131klar\u0131 bildirmek i\u00e7in sesli posta kaydetmek i\u00e7in talimatlar\u0131 izleyin<\/li>\n<li>Devams\u0131zl\u0131k i\u00e7in m\u00fcd\u00fcr onay\u0131 isteyin<\/li>\n<li>Okulda yaz\u0131l\u0131 bir not\/t\u0131bbi\/di\u015f\u00e7ilik\/uzmanl\u0131k sertifikalar\u0131 sa\u011flay\u0131n<\/li>\n<\/ul>\n<h3>Aileler i\u00e7in Kat\u0131l\u0131m \u00d6zeti<\/h3>\n<p>Bir kolej olarak kat\u0131l\u0131m politikam\u0131z\u0131 ve prosed\u00fcrlerimizi revize ettik ve her aileyi m\u00fcmk\u00fcn olan yerlerde \u00e7ocuklar\u0131na\/\u00e7ocuklar\u0131na 100% kat\u0131l\u0131m\u0131na ula\u015fmalar\u0131na yard\u0131mc\u0131 olmak i\u00e7in destekleyecek s\u00fcre\u00e7ler geli\u015ftirdik.<\/p>\n<p>A\u015fa\u011f\u0131daki belge\u00a0<a href=\"https:\/\/craigieburnsc.worldsecuresystems.com\/Attendance%20Campaign\/Attendance%20Process%20for%20Families%202019.pdf\">Aileler i\u00e7in Devam S\u00fcre\u00e7leri<\/a>\u00a0kolejde \u00f6\u011frenci kat\u0131l\u0131m\u0131n\u0131 hesaba katmak i\u00e7in ne uygulad\u0131\u011f\u0131m\u0131z\u0131n bir tasla\u011f\u0131n\u0131 sa\u011flar.<\/p>\n<p>Ailelerin \u00f6zeti okumalar\u0131 ve herhangi bir konu veya endi\u015feyi tart\u0131\u015fmak i\u00e7in bizimle ileti\u015fime ge\u00e7meleri \u00f6nerilir. Bu s\u00fcrecin uygulanmas\u0131 y\u0131l boyunca ilerledik\u00e7e geri bildiriminizi memnuniyetle kar\u015f\u0131l\u0131yoruz. Dikkatinizi \u00e7ekmek istedi\u011fimiz \u00f6nemli farkl\u0131l\u0131klar aras\u0131nda;<\/p>\n<ol>\n<li>A\u00e7\u0131klama\u00a0<u>Onayl\u0131<\/u>Absences &#8211; these are absences where the explanation is reasonable<\/li>\n<li>A\u00e7\u0131klama\u00a0<u>onaylanmam\u0131\u015f<\/u>Absences &#8211; these are absences where the college has determined the explanation is not reasonable<\/li>\n<li><u>De\u011fi\u015ftirilmi\u015f A\u00e7\u0131klamal\u0131 Devams\u0131zl\u0131k<\/u>&#8211; attendance record\/s have been updated to an approved reason<\/li>\n<li><u>A\u00e7\u0131klanamayan<\/u>Absences &#8211; these are absences where no reasons have been provide<\/li>\n<\/ol>\n<p>Kolej, t\u00fcm ebeveynlerin\/velilerin\/bak\u0131c\u0131lar\u0131n, yasal y\u00fck\u00fcml\u00fcl\u00fcklerini nas\u0131l yerine getirebilecekleri konusunda net bir anlay\u0131\u015fa sahip olmalar\u0131n\u0131 sa\u011flamak ister.\u00a0<em>2006 E\u011fitim ve \u00d6\u011fretim Reformu Yasas\u0131. Ziyaret\u00a0<\/em><a href=\"https:\/\/craigieburnsc.worldsecuresystems.com\/Attendance%20Campaign\/Attendance%20Process%20for%20Families%202019.pdf\"><em>Aileler i\u00e7in Devam S\u00fcre\u00e7leri<\/em><\/a><em>\u00a0<\/em>yeni kat\u0131l\u0131m s\u00fcre\u00e7lerinin \u00e7ocuklar\u0131n\u0131z\u0131\/\u00e7ocuklar\u0131n\u0131z\u0131 ve ailelerinizi nas\u0131l destekleyece\u011fini anlamak i\u00e7in.<\/p>\n<h2><img loading=\"lazy\" decoding=\"async\" class=\"wp-image-377 aligncenter\" src=\"https:\/\/craigieburn.wepushbuttons.com.au\/wp-content\/uploads\/2021\/09\/attend-today.png\" alt=\"\" width=\"787\" height=\"321\" srcset=\"https:\/\/craigieburnsc.vic.edu.au\/wp-content\/uploads\/2021\/09\/attend-today.png 900w, https:\/\/craigieburnsc.vic.edu.au\/wp-content\/uploads\/2021\/09\/attend-today-300x122.png 300w, https:\/\/craigieburnsc.vic.edu.au\/wp-content\/uploads\/2021\/09\/attend-today-768x313.png 768w, https:\/\/craigieburnsc.vic.edu.au\/wp-content\/uploads\/2021\/09\/attend-today-24x10.png 24w, https:\/\/craigieburnsc.vic.edu.au\/wp-content\/uploads\/2021\/09\/attend-today-36x15.png 36w, https:\/\/craigieburnsc.vic.edu.au\/wp-content\/uploads\/2021\/09\/attend-today-72x29.png 72w, https:\/\/craigieburnsc.vic.edu.au\/wp-content\/uploads\/2021\/09\/attend-today-48x20.png 48w\" sizes=\"auto, (max-width: 787px) 100vw, 787px\" \/><\/h2>\n<h2>Kat\u0131l\u0131m \u0130leti\u015fimi<\/h2>\n<p>Families are required to explain absences before or on the day of a student&#8217;s absence.<\/p>\n<ul>\n<li>Okula haber verilmeden devams\u0131zl\u0131k yapan \u00e7ocuk\/\u00e7ocuklar i\u00e7in, devams\u0131zl\u0131k g\u00fcn\u00fc 10.00 ve 15.00 saatleri aras\u0131nda g\u00fcnl\u00fck SMS mesaj\u0131 g\u00f6nderilir.<\/li>\n<li>\u00dcniversiteye herhangi bir bildirim gelmezse, a\u00e7\u0131klanamayan bir devams\u0131zl\u0131k kaydedilecektir.<\/li>\n<li>Unexplained absences will initiate a &#8216;Pink Slip&#8217;, given to your child\/ren for families to provide a valid reason for absence &#8211; (5 days to return Pink Slip).<\/li>\n<li>Devam Eden A\u00e7\u0131klanamayan Devams\u0131zl\u0131klar, Compass taraf\u0131ndan olu\u015fturulan A\u00e7\u0131klanmayan Devams\u0131zl\u0131k kronik mektuplar\u0131n\u0131 ba\u015flatacakt\u0131r.<\/li>\n<li>A\u00e7\u0131klanan devams\u0131zl\u0131k, Compass taraf\u0131ndan olu\u015fturulan bir Onayland\u0131 veya Onaylanmad\u0131 veya De\u011fi\u015ftirildi kronik e-postas\u0131n\u0131 ba\u015flat\u0131r.<\/li>\n<li>Attendance &lt;90% &#8211; Attendance at Risk chronicle letters generated by Compass provide help and encourage positive engagement and support to families to improve their child\/ren&#8217;s attendance.<\/li>\n<\/ul>\n<h3>Okula gitme riski olan \u00f6\u011frencileri destekleyen A\u00e7\u0131klanm\u0131\u015f Devams\u0131zl\u0131k S\u00fcre\u00e7leri<\/h3>\n<p>Ailelerimizin bu s\u00fcre\u00e7te desteklendiklerini hissetmelerini istiyoruz ve bu nedenle mektuplar ve hat\u0131rlatmalar, devams\u0131zl\u0131\u011f\u0131n arkas\u0131ndaki ko\u015fullar\u0131 tam olarak anlaman\u0131z i\u00e7in tasarlanm\u0131\u015ft\u0131r. Bu, kolej ve ailelerin \u00f6\u011frenci kat\u0131l\u0131m\u0131n\u0131 art\u0131rmak i\u00e7in birlikte \u00e7al\u0131\u015fmas\u0131 i\u00e7in temel sa\u011flar.<\/p>\n<p>Regardless of the type of absence (approved or unapproved) when a student&#8217;s attendance rate reaches less than 90%, the student is considered at risk.<\/p>\n<p>Bu noktada kolej, a\u015fa\u011f\u0131dakileri i\u00e7erebilecek kat\u0131l\u0131m m\u00fcdahalelerini tan\u0131tacakt\u0131r:<\/p>\n<ul>\n<li>\u00f6\u011frenci ve kat\u0131l\u0131m profili<\/li>\n<li>\u00f6\u011frenci destek grubu toplant\u0131s\u0131<\/li>\n<li>bireysel \u00f6\u011frenme plan\u0131<\/li>\n<li>kolej M\u00fcttefik Sa\u011fl\u0131k Ekibine sevkler<\/li>\n<li>d\u0131\u015f hizmet sa\u011flay\u0131c\u0131lara y\u00f6nlendirmeler<\/li>\n<\/ul>\n<p>If you have any questions about the processes and the attendance policy, please contact your child&#8217;s year level coordinator or sub-school manager on 9308 1144 or via the Compass parent portal email.<\/p>\n<blockquote><p><strong>\u00c7ocu\u011funuz\/\u00e7ocuklar\u0131n\u0131z i\u00e7in en iyi e\u011fitimsel ve sosyal duygusal sonu\u00e7lar\u0131 elde etmek s\u00f6z konusu oldu\u011funda her g\u00fcn \u00f6nemlidir! Yard\u0131m etmek i\u00e7in buraday\u0131z!<\/strong><\/p><\/blockquote>\n<p>\u0130ndirmek <a href=\"https:\/\/craigieburn.wepushbuttons.com.au\/wp-content\/uploads\/2021\/09\/How-Can-I-Get-My-Child-To-School1.pdf\">\u00c7ocu\u011fumu Nas\u0131l Okula Alabilirim<\/a><\/p>\n<p><iframe style=\"width: 900px; height: 550px;\" src=\"https:\/\/online.fliphtml5.com\/irxg\/vkpa\/\" frameborder=\"0\" scrolling=\"no\" seamless=\"seamless\" allowfullscreen=\"allowfullscreen\"><\/iframe><\/p>","protected":false},"excerpt":{"rendered":"<p>How the College will communicate Absences Absence communication to best support students and families during these difficult and challenging times. At 10am the Absent text message is sent to parents\/guardians for students marked ABSENT from Form Assembly or Period One or both periods. At 3pm the Absent text message is sent to parents\/guardians for students [&hellip;]<\/p>\n","protected":false},"author":2,"featured_media":0,"parent":47,"menu_order":0,"comment_status":"closed","ping_status":"closed","template":"","meta":{"_acf_changed":false,"footnotes":""},"class_list":["post-367","page","type-page","status-publish","hentry"],"acf":[],"yoast_head":"<!-- This site is optimized with the Yoast SEO plugin v27.4 - https:\/\/yoast.com\/product\/yoast-seo-wordpress\/ -->\n<title>Attendance News - Craigieburn Secondary College<\/title>\n<meta name=\"robots\" content=\"index, follow, max-snippet:-1, max-image-preview:large, max-video-preview:-1\" \/>\n<link rel=\"canonical\" href=\"https:\/\/craigieburnsc.vic.edu.au\/tr\/learning\/attendance-news\/\" \/>\n<meta property=\"og:locale\" content=\"tr_TR\" \/>\n<meta property=\"og:type\" content=\"article\" \/>\n<meta property=\"og:title\" content=\"Attendance News - Craigieburn Secondary College\" \/>\n<meta property=\"og:description\" content=\"How the College will communicate Absences Absence communication to best support students and families during these difficult and challenging times. At 10am the Absent text message is sent to parents\/guardians for students marked ABSENT from Form Assembly or Period One or both periods. At 3pm the Absent text message is sent to parents\/guardians for students [&hellip;]\" \/>\n<meta property=\"og:url\" content=\"https:\/\/craigieburnsc.vic.edu.au\/tr\/learning\/attendance-news\/\" \/>\n<meta property=\"og:site_name\" content=\"Craigieburn Secondary College\" \/>\n<meta property=\"article:publisher\" content=\"https:\/\/www.facebook.com\/Craigieburn-Secondary-College-Alumni-Program-107789014159714\/\" \/>\n<meta property=\"article:modified_time\" content=\"2022-02-04T08:21:26+00:00\" \/>\n<meta property=\"og:image\" content=\"https:\/\/craigieburnsc.vic.edu.au\/wp-content\/uploads\/2022\/02\/Return-to-School-Plan-300x212.jpg\" \/>\n<meta name=\"twitter:card\" content=\"summary_large_image\" \/>\n<script type=\"application\/ld+json\" class=\"yoast-schema-graph\">{\"@context\":\"https:\\\/\\\/schema.org\",\"@graph\":[{\"@type\":\"WebPage\",\"@id\":\"https:\\\/\\\/craigieburnsc.vic.edu.au\\\/learning\\\/attendance-news\\\/\",\"url\":\"https:\\\/\\\/craigieburnsc.vic.edu.au\\\/learning\\\/attendance-news\\\/\",\"name\":\"Attendance News - Craigieburn Secondary College\",\"isPartOf\":{\"@id\":\"https:\\\/\\\/craigieburnsc.vic.edu.au\\\/#website\"},\"primaryImageOfPage\":{\"@id\":\"https:\\\/\\\/craigieburnsc.vic.edu.au\\\/learning\\\/attendance-news\\\/#primaryimage\"},\"image\":{\"@id\":\"https:\\\/\\\/craigieburnsc.vic.edu.au\\\/learning\\\/attendance-news\\\/#primaryimage\"},\"thumbnailUrl\":\"https:\\\/\\\/craigieburnsc.vic.edu.au\\\/wp-content\\\/uploads\\\/2022\\\/02\\\/Return-to-School-Plan-300x212.jpg\",\"datePublished\":\"2021-09-22T23:32:45+00:00\",\"dateModified\":\"2022-02-04T08:21:26+00:00\",\"breadcrumb\":{\"@id\":\"https:\\\/\\\/craigieburnsc.vic.edu.au\\\/learning\\\/attendance-news\\\/#breadcrumb\"},\"inLanguage\":\"tr\",\"potentialAction\":[{\"@type\":\"ReadAction\",\"target\":[\"https:\\\/\\\/craigieburnsc.vic.edu.au\\\/learning\\\/attendance-news\\\/\"]}]},{\"@type\":\"ImageObject\",\"inLanguage\":\"tr\",\"@id\":\"https:\\\/\\\/craigieburnsc.vic.edu.au\\\/learning\\\/attendance-news\\\/#primaryimage\",\"url\":\"https:\\\/\\\/craigieburnsc.vic.edu.au\\\/wp-content\\\/uploads\\\/2022\\\/02\\\/Return-to-School-Plan-300x212.jpg\",\"contentUrl\":\"https:\\\/\\\/craigieburnsc.vic.edu.au\\\/wp-content\\\/uploads\\\/2022\\\/02\\\/Return-to-School-Plan-300x212.jpg\"},{\"@type\":\"BreadcrumbList\",\"@id\":\"https:\\\/\\\/craigieburnsc.vic.edu.au\\\/learning\\\/attendance-news\\\/#breadcrumb\",\"itemListElement\":[{\"@type\":\"ListItem\",\"position\":1,\"name\":\"Home\",\"item\":\"https:\\\/\\\/craigieburnsc.vic.edu.au\\\/\"},{\"@type\":\"ListItem\",\"position\":2,\"name\":\"Learning\",\"item\":\"https:\\\/\\\/craigieburnsc.vic.edu.au\\\/learning\\\/\"},{\"@type\":\"ListItem\",\"position\":3,\"name\":\"Attendance News\"}]},{\"@type\":\"WebSite\",\"@id\":\"https:\\\/\\\/craigieburnsc.vic.edu.au\\\/#website\",\"url\":\"https:\\\/\\\/craigieburnsc.vic.edu.au\\\/\",\"name\":\"Craigieburn Secondary College\",\"description\":\"CSC Craigieburn Secondary College\",\"publisher\":{\"@id\":\"https:\\\/\\\/craigieburnsc.vic.edu.au\\\/#organization\"},\"potentialAction\":[{\"@type\":\"SearchAction\",\"target\":{\"@type\":\"EntryPoint\",\"urlTemplate\":\"https:\\\/\\\/craigieburnsc.vic.edu.au\\\/?s={search_term_string}\"},\"query-input\":{\"@type\":\"PropertyValueSpecification\",\"valueRequired\":true,\"valueName\":\"search_term_string\"}}],\"inLanguage\":\"tr\"},{\"@type\":\"Organization\",\"@id\":\"https:\\\/\\\/craigieburnsc.vic.edu.au\\\/#organization\",\"name\":\"Craigieburn Secondary College\",\"url\":\"https:\\\/\\\/craigieburnsc.vic.edu.au\\\/\",\"logo\":{\"@type\":\"ImageObject\",\"inLanguage\":\"tr\",\"@id\":\"https:\\\/\\\/craigieburnsc.vic.edu.au\\\/#\\\/schema\\\/logo\\\/image\\\/\",\"url\":\"https:\\\/\\\/craigieburn.wepushbuttons.com.au\\\/wp-content\\\/uploads\\\/2021\\\/09\\\/01a3505e.jpg\",\"contentUrl\":\"https:\\\/\\\/craigieburn.wepushbuttons.com.au\\\/wp-content\\\/uploads\\\/2021\\\/09\\\/01a3505e.jpg\",\"width\":734,\"height\":374,\"caption\":\"Craigieburn Secondary College\"},\"image\":{\"@id\":\"https:\\\/\\\/craigieburnsc.vic.edu.au\\\/#\\\/schema\\\/logo\\\/image\\\/\"},\"sameAs\":[\"https:\\\/\\\/www.facebook.com\\\/Craigieburn-Secondary-College-Alumni-Program-107789014159714\\\/\"]}]}<\/script>\n<!-- \/ Yoast SEO plugin. -->","yoast_head_json":{"title":"Attendance News - Craigieburn Secondary College","robots":{"index":"index","follow":"follow","max-snippet":"max-snippet:-1","max-image-preview":"max-image-preview:large","max-video-preview":"max-video-preview:-1"},"canonical":"https:\/\/craigieburnsc.vic.edu.au\/tr\/learning\/attendance-news\/","og_locale":"tr_TR","og_type":"article","og_title":"Attendance News - Craigieburn Secondary College","og_description":"How the College will communicate Absences Absence communication to best support students and families during these difficult and challenging times. At 10am the Absent text message is sent to parents\/guardians for students marked ABSENT from Form Assembly or Period One or both periods. At 3pm the Absent text message is sent to parents\/guardians for students [&hellip;]","og_url":"https:\/\/craigieburnsc.vic.edu.au\/tr\/learning\/attendance-news\/","og_site_name":"Craigieburn Secondary College","article_publisher":"https:\/\/www.facebook.com\/Craigieburn-Secondary-College-Alumni-Program-107789014159714\/","article_modified_time":"2022-02-04T08:21:26+00:00","og_image":[{"url":"https:\/\/craigieburnsc.vic.edu.au\/wp-content\/uploads\/2022\/02\/Return-to-School-Plan-300x212.jpg","type":"","width":"","height":""}],"twitter_card":"summary_large_image","schema":{"@context":"https:\/\/schema.org","@graph":[{"@type":"WebPage","@id":"https:\/\/craigieburnsc.vic.edu.au\/learning\/attendance-news\/","url":"https:\/\/craigieburnsc.vic.edu.au\/learning\/attendance-news\/","name":"Attendance News - Craigieburn Secondary College","isPartOf":{"@id":"https:\/\/craigieburnsc.vic.edu.au\/#website"},"primaryImageOfPage":{"@id":"https:\/\/craigieburnsc.vic.edu.au\/learning\/attendance-news\/#primaryimage"},"image":{"@id":"https:\/\/craigieburnsc.vic.edu.au\/learning\/attendance-news\/#primaryimage"},"thumbnailUrl":"https:\/\/craigieburnsc.vic.edu.au\/wp-content\/uploads\/2022\/02\/Return-to-School-Plan-300x212.jpg","datePublished":"2021-09-22T23:32:45+00:00","dateModified":"2022-02-04T08:21:26+00:00","breadcrumb":{"@id":"https:\/\/craigieburnsc.vic.edu.au\/learning\/attendance-news\/#breadcrumb"},"inLanguage":"tr","potentialAction":[{"@type":"ReadAction","target":["https:\/\/craigieburnsc.vic.edu.au\/learning\/attendance-news\/"]}]},{"@type":"ImageObject","inLanguage":"tr","@id":"https:\/\/craigieburnsc.vic.edu.au\/learning\/attendance-news\/#primaryimage","url":"https:\/\/craigieburnsc.vic.edu.au\/wp-content\/uploads\/2022\/02\/Return-to-School-Plan-300x212.jpg","contentUrl":"https:\/\/craigieburnsc.vic.edu.au\/wp-content\/uploads\/2022\/02\/Return-to-School-Plan-300x212.jpg"},{"@type":"BreadcrumbList","@id":"https:\/\/craigieburnsc.vic.edu.au\/learning\/attendance-news\/#breadcrumb","itemListElement":[{"@type":"ListItem","position":1,"name":"Home","item":"https:\/\/craigieburnsc.vic.edu.au\/"},{"@type":"ListItem","position":2,"name":"Learning","item":"https:\/\/craigieburnsc.vic.edu.au\/learning\/"},{"@type":"ListItem","position":3,"name":"Attendance News"}]},{"@type":"WebSite","@id":"https:\/\/craigieburnsc.vic.edu.au\/#website","url":"https:\/\/craigieburnsc.vic.edu.au\/","name":"Craigieburn Ortaokulu","description":"CSC Craigieburn Ortaokulu","publisher":{"@id":"https:\/\/craigieburnsc.vic.edu.au\/#organization"},"potentialAction":[{"@type":"SearchAction","target":{"@type":"EntryPoint","urlTemplate":"https:\/\/craigieburnsc.vic.edu.au\/?s={search_term_string}"},"query-input":{"@type":"PropertyValueSpecification","valueRequired":true,"valueName":"search_term_string"}}],"inLanguage":"tr"},{"@type":"Organization","@id":"https:\/\/craigieburnsc.vic.edu.au\/#organization","name":"Craigieburn Ortaokulu","url":"https:\/\/craigieburnsc.vic.edu.au\/","logo":{"@type":"ImageObject","inLanguage":"tr","@id":"https:\/\/craigieburnsc.vic.edu.au\/#\/schema\/logo\/image\/","url":"https:\/\/craigieburn.wepushbuttons.com.au\/wp-content\/uploads\/2021\/09\/01a3505e.jpg","contentUrl":"https:\/\/craigieburn.wepushbuttons.com.au\/wp-content\/uploads\/2021\/09\/01a3505e.jpg","width":734,"height":374,"caption":"Craigieburn Secondary College"},"image":{"@id":"https:\/\/craigieburnsc.vic.edu.au\/#\/schema\/logo\/image\/"},"sameAs":["https:\/\/www.facebook.com\/Craigieburn-Secondary-College-Alumni-Program-107789014159714\/"]}]}},"_links":{"self":[{"href":"https:\/\/craigieburnsc.vic.edu.au\/tr\/wp-json\/wp\/v2\/pages\/367","targetHints":{"allow":["GET"]}}],"collection":[{"href":"https:\/\/craigieburnsc.vic.edu.au\/tr\/wp-json\/wp\/v2\/pages"}],"about":[{"href":"https:\/\/craigieburnsc.vic.edu.au\/tr\/wp-json\/wp\/v2\/types\/page"}],"author":[{"embeddable":true,"href":"https:\/\/craigieburnsc.vic.edu.au\/tr\/wp-json\/wp\/v2\/users\/2"}],"replies":[{"embeddable":true,"href":"https:\/\/craigieburnsc.vic.edu.au\/tr\/wp-json\/wp\/v2\/comments?post=367"}],"version-history":[{"count":10,"href":"https:\/\/craigieburnsc.vic.edu.au\/tr\/wp-json\/wp\/v2\/pages\/367\/revisions"}],"predecessor-version":[{"id":2331,"href":"https:\/\/craigieburnsc.vic.edu.au\/tr\/wp-json\/wp\/v2\/pages\/367\/revisions\/2331"}],"up":[{"embeddable":true,"href":"https:\/\/craigieburnsc.vic.edu.au\/tr\/wp-json\/wp\/v2\/pages\/47"}],"wp:attachment":[{"href":"https:\/\/craigieburnsc.vic.edu.au\/tr\/wp-json\/wp\/v2\/media?parent=367"}],"curies":[{"name":"wp","href":"https:\/\/api.w.org\/{rel}","templated":true}]}}