{"id":405,"date":"2021-09-23T01:24:49","date_gmt":"2021-09-22T15:24:49","guid":{"rendered":"https:\/\/craigieburn.wepushbuttons.com.au\/?page_id=405"},"modified":"2024-04-18T07:51:46","modified_gmt":"2024-04-17T21:51:46","slug":"well-being-allied-health-team","status":"publish","type":"page","link":"https:\/\/craigieburnsc.vic.edu.au\/tr\/support\/well-being-allied-health-team\/","title":{"rendered":"Wellbeing &#038; Allied Health Team"},"content":{"rendered":"<p>The teenage years represent a transition from childhood to adulthood. With this transition, come many changes \u2013 changes to bodies, emotions, behaviours and attitudes. Staff at Craigieburn Secondary College understand these changes and can provide information and support. Friendships developed during secondary school can provide peer support and help children develop social skills and self-esteem.<\/p>\n<p>Making new friends and feeling comfortable are especially important when children start secondary school. It is important to remember, however, that your child\u2019s friendships may change as they develop a sense of themselves and make sense of the world around them. A child\u2019s relationship with their parents\/carers and family may similarly change. Students adapt to adolescent life in different ways. If you feel that your child is having difficulties, it is important to discuss your concerns and ask for help if needed.<\/p>\n<p>Parents\/carers have an important role in supporting their children\u2019s progress at school. It is also important to know that there are staff with specific roles to support student wellbeing and student learning available in schools.<\/p>\n<p>Craigieburn Secondary College&#039;daki M\u00fcttefik Sa\u011fl\u0131k Ekibi \u015funlardan olu\u015fur:<\/p>\n<ul>\n<li>refah lideri<\/li>\n<li>Ek Dil Olarak \u0130ngilizce (EAL) ve Topluluk Kat\u0131l\u0131m\u0131 Lideri<\/li>\n<li>M\u00fcttefik Sa\u011fl\u0131k Koordinat\u00f6r\u00fc<\/li>\n<li>Bireysel \u00d6\u011frenme \u0130htiya\u00e7lar\u0131 Koordinat\u00f6r\u00fc<\/li>\n<li>Konu\u015fma Patolo\u011fu<\/li>\n<li>sosyal hizmet uzman\u0131<\/li>\n<li>Okullarda Doktorlar Program\u0131na kat\u0131lan Okul Hem\u015firesi ve GP<\/li>\n<li>okul papaz\u0131<\/li>\n<li>Okul Dan\u0131\u015fmanlar\u0131<\/li>\n<li>Ruh Sa\u011fl\u0131\u011f\u0131 Uygulay\u0131c\u0131s\u0131<\/li>\n<li>Gen\u00e7lik \u00c7al\u0131\u015fanlar\u0131<\/li>\n<\/ul>\n<p>M\u00fcttefik Sa\u011fl\u0131k ekibi, okulda zihinsel sa\u011fl\u0131\u011f\u0131n ve refah\u0131n geli\u015ftirilmesinden sorumludur. Ara\u015ft\u0131rmalar, t\u00fcm ruh sa\u011fl\u0131\u011f\u0131 bozukluklar\u0131n\u0131n yar\u0131s\u0131ndan fazlas\u0131n\u0131n gen\u00e7 ergenlik y\u0131llar\u0131nda ve d\u00f6rtte \u00fc\u00e7\u00fcn\u00fcn 25 ya\u015f\u0131na kadar ortaya \u00e7\u0131kabilece\u011fini g\u00f6stermektedir.<\/p>\n<p>M\u00fcttefik Sa\u011fl\u0131k ekibi, \u00f6\u011frencilerimizin e\u011fitim yolculuklar\u0131 s\u0131ras\u0131nda geli\u015fmelerine, zorlu zamanlara kar\u015f\u0131 dayan\u0131kl\u0131l\u0131k olu\u015fturmalar\u0131na, sorunlar\u0131 tek ba\u015f\u0131na y\u00f6netmek yerine yard\u0131m arama becerileri ve \u00f6zg\u00fcveni gibi ba\u015fa \u00e7\u0131kmak i\u00e7in koruyucu yollar ve stratejiler geli\u015ftirmelerine yard\u0131mc\u0131 olur. T\u00fcm okul programlar\u0131, sosyal ve duygusal beceri programlar\u0131n\u0131 i\u00e7eren g\u00fcvenli ve kapsay\u0131c\u0131 bir \u00f6\u011frenme k\u00fclt\u00fcr\u00fc ve ortam\u0131 yerle\u015ftirmek i\u00e7in d\u00fczenlenir; ek ihtiya\u00e7lar\u0131 olanlara erken m\u00fcdahale ve destek sunmak, \u00f6\u011frencileri ve aileleri onlar\u0131n esenliklerine ve ruh sa\u011fl\u0131\u011f\u0131yla ilgili karar alma s\u00fcre\u00e7lerine dahil etmek.<\/p>\n<p>Olumsuz, zorlay\u0131c\u0131 ve etkili ve travmatik olaylar s\u0131ras\u0131nda ba\u015fa \u00e7\u0131kma ve geli\u015fme direnci, olumlu sosyal ba\u011flant\u0131lar, g\u00fcvenli ortamlar, ya\u015fam becerileri ve problem \u00e7\u00f6zme becerileri, g\u00fcvenlik planlar\u0131 ve hepsinden \u00f6nemlisi bir eylemlilik duygusu sa\u011flayarak \u00fcniversitenin \u00e7ok disiplinli ekipleri taraf\u0131ndan desteklenir. veya sorumluluk, \u00f6\u011frencilerimizin, ailelerimizin ve toplulu\u011fumuzun zihinsel sa\u011fl\u0131klar\u0131n\u0131 geli\u015ftirecek ve koruyacak bir kapasite olu\u015fturmas\u0131d\u0131r.<\/p>\n<p>E\u011fitim personeli, Ki\u015fisel \u00d6\u011frenme, Sa\u011fl\u0131k ve Beden E\u011fitimi konular\u0131m\u0131z arac\u0131l\u0131\u011f\u0131yla refah ve sosyal duygusal \u00f6\u011frenme odakl\u0131 bir m\u00fcfredat sunar.<\/p>\n<p>Craigieburn Secondary College&#039;da, birincil \u00f6nleme i\u00e7in \u00e7ok katmanl\u0131 bir yakla\u015f\u0131m olan Eyalet \u00c7ap\u0131nda Olumlu Davran\u0131\u015f Deste\u011fi (SWPBS) \u00e7er\u00e7evesini uyguluyoruz; yo\u011fun ihtiya\u00e7lar\u0131 olan \u00f6\u011frenciler i\u00e7in hedeflenen destek ve \u00f6zel sistemler. Stratejiler sosyal, duygusal, davran\u0131\u015fsal ve akademik sonu\u00e7lar\u0131 iyile\u015ftirmeyi ama\u00e7lar ve deneyimli alt okul ekiplerimiz okuldan ka\u00e7ma, okul reddi, zorbal\u0131k, aile \u00e7at\u0131\u015fmas\u0131, benlik sayg\u0131s\u0131, \u00f6fke y\u00f6netimi, \u00e7al\u0131\u015fma becerileri, stres y\u00f6netimi, sosyal beceriler, zaman y\u00f6netimi ve s\u0131nav haz\u0131rl\u0131\u011f\u0131, \u00f6\u011frenci uyu\u015fmazl\u0131klar\u0131n\u0131n uyu\u015fmazl\u0131k \u00e7\u00f6z\u00fcm modelleri kullan\u0131larak arabuluculu\u011fu ve maddi s\u0131k\u0131nt\u0131 \u00e7eken \u00f6\u011frencilere yard\u0131mc\u0131 olunmas\u0131.<\/p>\n<p>M\u00fcttefik Sa\u011fl\u0131k ekibi, \u00f6\u011frenci ihtiya\u00e7lar\u0131n\u0131 kar\u015f\u0131lamak i\u00e7in K\u00fc\u00e7\u00fck, Orta ve K\u0131demli Alt okullar, \u00d6\u011frenim Ortaklar\u0131, M\u00fcd\u00fcr S\u0131n\u0131f\u0131, \u00f6\u011fretmenler, di\u011fer refah uzmanlar\u0131 ve ajanslarla birlikte \u00e7al\u0131\u015f\u0131r.<\/p>\n<p>Bu hizmetlere ek olarak, M\u00fcttefik Sa\u011fl\u0131k Ekibi ve Alt Okullar, Kolej genelinde sa\u011fl\u0131k e\u011fitimi faaliyetleri d\u00fczenlemekte ve sunmaktad\u0131r. M\u00fcttefik Sa\u011fl\u0131k Ekibinin \u00fcyeleri \u015funlarla ilgilenir:<\/p>\n<ul>\n<li>\u00f6\u011frencilere bireysel ve grup dan\u0131\u015fmanl\u0131\u011f\u0131<\/li>\n<li>etkili davran\u0131\u015f y\u00f6netimi programlar\u0131 hakk\u0131nda dan\u0131\u015fmanl\u0131k tavsiyesi sa\u011flanmas\u0131<\/li>\n<li>\u00f6\u011frenci sesi ve ajans\u0131<\/li>\n<li>di\u011fer h\u00fck\u00fcmet veya h\u00fck\u00fcmet d\u0131\u015f\u0131 sosyal yard\u0131m kurulu\u015flar\u0131 veya t\u0131p uzmanlar\u0131 ile irtibat.<\/li>\n<\/ul>\n<p>Craigieburn Secondary College also has access to the services of Northern Metropolitan psychologists, speech pathologists, social workers, visiting teachers and other related professionals. They work directly with the Allied Health Team, students and families to better understand speech and language, social and emotional issues which might be affecting the student\u2019s ability to learn. They also work with teachers and our school to support students with additional needs.<\/p>\n<p>The State school relief program is available to support students and families at Craigieburn Secondary College. <strong>Changes to State School Relief from the 27<sup>inci<\/sup> of November 2023.\u00a0 <\/strong>In the past we have provided students with a voucher that could be redeemed at PSW. However, over time the gap between the cost of the item and the amount of vouchers has grown wider. So, to ensure support goes further for families, very important changes are being made. On Monday 27th November 2023 we will launch a new and improved voucher.\u00a0 Each voucher will have a value of $85. There will now be a limit of 1 voucher per application every 6 months. A maximum of 2 vouchers per student\/per calendar year, these vouchers <strong>will be valid for 3 months from the date of issue.\u00a0<\/strong>Vouchers can be used to purchase items at PSW.\u00a0 For state school relief support please contact our Community Liaison Officer on 9308 1144.<\/p>\n<div id=\"container-1154\" class=\"x-container newsfeed-newsItem-textContent wordWrap x-box-item x-container-default\">\n<div id=\"container-1154-innerCt\" class=\"\" role=\"presentation\">At Craigieburn Secondary College, we pride ourselves on building respectful positive relationships and we are proud to be a Safe School for our LBGTQI+ community and practice the Child Safety Standards. Our college values\u00a0<strong>Respect, Belonging, Growth and Understanding<\/strong> aim to protect vulnerable students and families, and together we look forward to working with you to enhance your child\u2019s educational opportunities at Craigieburn Secondary College. Contact the Allied Health Team on 9308 1144 during school hours or email wellbeing@craigieburnsc.vic.edu.au for further assistance.<\/div>\n<\/div>\n<p><img loading=\"lazy\" decoding=\"async\" class=\"alignnone size-medium wp-image-2895\" src=\"https:\/\/craigieburnsc.vic.edu.au\/wp-content\/uploads\/2022\/04\/SafeSchoolsPoster_DET_2021-212x300.jpg\" alt=\"\" width=\"212\" height=\"300\" srcset=\"https:\/\/craigieburnsc.vic.edu.au\/wp-content\/uploads\/2022\/04\/SafeSchoolsPoster_DET_2021-212x300.jpg 212w, https:\/\/craigieburnsc.vic.edu.au\/wp-content\/uploads\/2022\/04\/SafeSchoolsPoster_DET_2021-17x24.jpg 17w, https:\/\/craigieburnsc.vic.edu.au\/wp-content\/uploads\/2022\/04\/SafeSchoolsPoster_DET_2021-25x36.jpg 25w, https:\/\/craigieburnsc.vic.edu.au\/wp-content\/uploads\/2022\/04\/SafeSchoolsPoster_DET_2021-51x72.jpg 51w, https:\/\/craigieburnsc.vic.edu.au\/wp-content\/uploads\/2022\/04\/SafeSchoolsPoster_DET_2021.jpg 582w\" sizes=\"auto, (max-width: 212px) 100vw, 212px\" \/> <img loading=\"lazy\" decoding=\"async\" class=\"alignnone size-medium wp-image-2896\" src=\"https:\/\/craigieburnsc.vic.edu.au\/wp-content\/uploads\/2022\/04\/TogetherWeDoBetter_SafeSchoolsPoster_1_2021-217x300.jpg\" alt=\"\" width=\"217\" height=\"300\" srcset=\"https:\/\/craigieburnsc.vic.edu.au\/wp-content\/uploads\/2022\/04\/TogetherWeDoBetter_SafeSchoolsPoster_1_2021-217x300.jpg 217w, https:\/\/craigieburnsc.vic.edu.au\/wp-content\/uploads\/2022\/04\/TogetherWeDoBetter_SafeSchoolsPoster_1_2021-17x24.jpg 17w, https:\/\/craigieburnsc.vic.edu.au\/wp-content\/uploads\/2022\/04\/TogetherWeDoBetter_SafeSchoolsPoster_1_2021-26x36.jpg 26w, https:\/\/craigieburnsc.vic.edu.au\/wp-content\/uploads\/2022\/04\/TogetherWeDoBetter_SafeSchoolsPoster_1_2021-52x72.jpg 52w, https:\/\/craigieburnsc.vic.edu.au\/wp-content\/uploads\/2022\/04\/TogetherWeDoBetter_SafeSchoolsPoster_1_2021.jpg 596w\" sizes=\"auto, (max-width: 217px) 100vw, 217px\" \/> <img loading=\"lazy\" decoding=\"async\" class=\"alignnone size-medium wp-image-2897\" src=\"https:\/\/craigieburnsc.vic.edu.au\/wp-content\/uploads\/2022\/04\/TogetherWeDoBetter_SafeSchoolsPoster_2021-211x300.jpg\" alt=\"\" width=\"211\" height=\"300\" srcset=\"https:\/\/craigieburnsc.vic.edu.au\/wp-content\/uploads\/2022\/04\/TogetherWeDoBetter_SafeSchoolsPoster_2021-211x300.jpg 211w, https:\/\/craigieburnsc.vic.edu.au\/wp-content\/uploads\/2022\/04\/TogetherWeDoBetter_SafeSchoolsPoster_2021-17x24.jpg 17w, https:\/\/craigieburnsc.vic.edu.au\/wp-content\/uploads\/2022\/04\/TogetherWeDoBetter_SafeSchoolsPoster_2021-25x36.jpg 25w, https:\/\/craigieburnsc.vic.edu.au\/wp-content\/uploads\/2022\/04\/TogetherWeDoBetter_SafeSchoolsPoster_2021-51x72.jpg 51w, https:\/\/craigieburnsc.vic.edu.au\/wp-content\/uploads\/2022\/04\/TogetherWeDoBetter_SafeSchoolsPoster_2021.jpg 586w\" sizes=\"auto, (max-width: 211px) 100vw, 211px\" \/><\/p>","protected":false},"excerpt":{"rendered":"<p>The teenage years represent a transition from childhood to adulthood. With this transition, come many changes \u2013 changes to bodies, emotions, behaviours and attitudes. Staff at Craigieburn Secondary College understand these changes and can provide information and support. Friendships developed during secondary school can provide peer support and help children develop social skills and self-esteem. [&hellip;]<\/p>\n","protected":false},"author":2,"featured_media":0,"parent":48,"menu_order":0,"comment_status":"closed","ping_status":"closed","template":"","meta":{"_acf_changed":false,"footnotes":""},"class_list":["post-405","page","type-page","status-publish","hentry"],"acf":[],"yoast_head":"<!-- This site is optimized with the Yoast SEO plugin v27.0 - https:\/\/yoast.com\/product\/yoast-seo-wordpress\/ -->\n<title>Wellbeing &amp; Allied Health Team - Craigieburn Secondary College<\/title>\n<meta name=\"robots\" content=\"index, follow, max-snippet:-1, max-image-preview:large, max-video-preview:-1\" \/>\n<link rel=\"canonical\" href=\"https:\/\/craigieburnsc.vic.edu.au\/tr\/support\/well-being-allied-health-team\/\" \/>\n<meta property=\"og:locale\" content=\"tr_TR\" \/>\n<meta property=\"og:type\" content=\"article\" \/>\n<meta property=\"og:title\" content=\"Wellbeing &amp; Allied Health Team - Craigieburn Secondary College\" \/>\n<meta property=\"og:description\" content=\"The teenage years represent a transition from childhood to adulthood. With this transition, come many changes \u2013 changes to bodies, emotions, behaviours and attitudes. Staff at Craigieburn Secondary College understand these changes and can provide information and support. Friendships developed during secondary school can provide peer support and help children develop social skills and self-esteem. [&hellip;]\" \/>\n<meta property=\"og:url\" content=\"https:\/\/craigieburnsc.vic.edu.au\/tr\/support\/well-being-allied-health-team\/\" \/>\n<meta property=\"og:site_name\" content=\"Craigieburn Secondary College\" \/>\n<meta property=\"article:publisher\" content=\"https:\/\/www.facebook.com\/Craigieburn-Secondary-College-Alumni-Program-107789014159714\/\" \/>\n<meta property=\"article:modified_time\" content=\"2024-04-17T21:51:46+00:00\" \/>\n<meta property=\"og:image\" content=\"https:\/\/craigieburnsc.vic.edu.au\/wp-content\/uploads\/2022\/04\/SafeSchoolsPoster_DET_2021-212x300.jpg\" \/>\n<meta name=\"twitter:card\" content=\"summary_large_image\" \/>\n<script type=\"application\/ld+json\" class=\"yoast-schema-graph\">{\"@context\":\"https:\/\/schema.org\",\"@graph\":[{\"@type\":\"WebPage\",\"@id\":\"https:\/\/craigieburnsc.vic.edu.au\/support\/well-being-allied-health-team\/\",\"url\":\"https:\/\/craigieburnsc.vic.edu.au\/support\/well-being-allied-health-team\/\",\"name\":\"Wellbeing & Allied Health Team - Craigieburn Secondary College\",\"isPartOf\":{\"@id\":\"https:\/\/craigieburnsc.vic.edu.au\/#website\"},\"primaryImageOfPage\":{\"@id\":\"https:\/\/craigieburnsc.vic.edu.au\/support\/well-being-allied-health-team\/#primaryimage\"},\"image\":{\"@id\":\"https:\/\/craigieburnsc.vic.edu.au\/support\/well-being-allied-health-team\/#primaryimage\"},\"thumbnailUrl\":\"https:\/\/craigieburnsc.vic.edu.au\/wp-content\/uploads\/2022\/04\/SafeSchoolsPoster_DET_2021-212x300.jpg\",\"datePublished\":\"2021-09-22T15:24:49+00:00\",\"dateModified\":\"2024-04-17T21:51:46+00:00\",\"breadcrumb\":{\"@id\":\"https:\/\/craigieburnsc.vic.edu.au\/support\/well-being-allied-health-team\/#breadcrumb\"},\"inLanguage\":\"tr\",\"potentialAction\":[{\"@type\":\"ReadAction\",\"target\":[\"https:\/\/craigieburnsc.vic.edu.au\/support\/well-being-allied-health-team\/\"]}]},{\"@type\":\"ImageObject\",\"inLanguage\":\"tr\",\"@id\":\"https:\/\/craigieburnsc.vic.edu.au\/support\/well-being-allied-health-team\/#primaryimage\",\"url\":\"https:\/\/craigieburnsc.vic.edu.au\/wp-content\/uploads\/2022\/04\/SafeSchoolsPoster_DET_2021-212x300.jpg\",\"contentUrl\":\"https:\/\/craigieburnsc.vic.edu.au\/wp-content\/uploads\/2022\/04\/SafeSchoolsPoster_DET_2021-212x300.jpg\"},{\"@type\":\"BreadcrumbList\",\"@id\":\"https:\/\/craigieburnsc.vic.edu.au\/support\/well-being-allied-health-team\/#breadcrumb\",\"itemListElement\":[{\"@type\":\"ListItem\",\"position\":1,\"name\":\"Home\",\"item\":\"https:\/\/craigieburnsc.vic.edu.au\/\"},{\"@type\":\"ListItem\",\"position\":2,\"name\":\"Support\",\"item\":\"https:\/\/craigieburnsc.vic.edu.au\/support\/\"},{\"@type\":\"ListItem\",\"position\":3,\"name\":\"Wellbeing &#038; Allied Health Team\"}]},{\"@type\":\"WebSite\",\"@id\":\"https:\/\/craigieburnsc.vic.edu.au\/#website\",\"url\":\"https:\/\/craigieburnsc.vic.edu.au\/\",\"name\":\"Craigieburn Secondary College\",\"description\":\"CSC Craigieburn Secondary College\",\"publisher\":{\"@id\":\"https:\/\/craigieburnsc.vic.edu.au\/#organization\"},\"potentialAction\":[{\"@type\":\"SearchAction\",\"target\":{\"@type\":\"EntryPoint\",\"urlTemplate\":\"https:\/\/craigieburnsc.vic.edu.au\/?s={search_term_string}\"},\"query-input\":{\"@type\":\"PropertyValueSpecification\",\"valueRequired\":true,\"valueName\":\"search_term_string\"}}],\"inLanguage\":\"tr\"},{\"@type\":\"Organization\",\"@id\":\"https:\/\/craigieburnsc.vic.edu.au\/#organization\",\"name\":\"Craigieburn Secondary College\",\"url\":\"https:\/\/craigieburnsc.vic.edu.au\/\",\"logo\":{\"@type\":\"ImageObject\",\"inLanguage\":\"tr\",\"@id\":\"https:\/\/craigieburnsc.vic.edu.au\/#\/schema\/logo\/image\/\",\"url\":\"https:\/\/craigieburn.wepushbuttons.com.au\/wp-content\/uploads\/2021\/09\/01a3505e.jpg\",\"contentUrl\":\"https:\/\/craigieburn.wepushbuttons.com.au\/wp-content\/uploads\/2021\/09\/01a3505e.jpg\",\"width\":734,\"height\":374,\"caption\":\"Craigieburn Secondary College\"},\"image\":{\"@id\":\"https:\/\/craigieburnsc.vic.edu.au\/#\/schema\/logo\/image\/\"},\"sameAs\":[\"https:\/\/www.facebook.com\/Craigieburn-Secondary-College-Alumni-Program-107789014159714\/\"]}]}<\/script>\n<!-- \/ Yoast SEO plugin. -->","yoast_head_json":{"title":"Wellbeing & Allied Health Team - Craigieburn Secondary College","robots":{"index":"index","follow":"follow","max-snippet":"max-snippet:-1","max-image-preview":"max-image-preview:large","max-video-preview":"max-video-preview:-1"},"canonical":"https:\/\/craigieburnsc.vic.edu.au\/tr\/support\/well-being-allied-health-team\/","og_locale":"tr_TR","og_type":"article","og_title":"Wellbeing & Allied Health Team - Craigieburn Secondary College","og_description":"The teenage years represent a transition from childhood to adulthood. With this transition, come many changes \u2013 changes to bodies, emotions, behaviours and attitudes. Staff at Craigieburn Secondary College understand these changes and can provide information and support. Friendships developed during secondary school can provide peer support and help children develop social skills and self-esteem. [&hellip;]","og_url":"https:\/\/craigieburnsc.vic.edu.au\/tr\/support\/well-being-allied-health-team\/","og_site_name":"Craigieburn Secondary College","article_publisher":"https:\/\/www.facebook.com\/Craigieburn-Secondary-College-Alumni-Program-107789014159714\/","article_modified_time":"2024-04-17T21:51:46+00:00","og_image":[{"url":"https:\/\/craigieburnsc.vic.edu.au\/wp-content\/uploads\/2022\/04\/SafeSchoolsPoster_DET_2021-212x300.jpg","type":"","width":"","height":""}],"twitter_card":"summary_large_image","schema":{"@context":"https:\/\/schema.org","@graph":[{"@type":"WebPage","@id":"https:\/\/craigieburnsc.vic.edu.au\/support\/well-being-allied-health-team\/","url":"https:\/\/craigieburnsc.vic.edu.au\/support\/well-being-allied-health-team\/","name":"Wellbeing & Allied Health Team - Craigieburn Secondary College","isPartOf":{"@id":"https:\/\/craigieburnsc.vic.edu.au\/#website"},"primaryImageOfPage":{"@id":"https:\/\/craigieburnsc.vic.edu.au\/support\/well-being-allied-health-team\/#primaryimage"},"image":{"@id":"https:\/\/craigieburnsc.vic.edu.au\/support\/well-being-allied-health-team\/#primaryimage"},"thumbnailUrl":"https:\/\/craigieburnsc.vic.edu.au\/wp-content\/uploads\/2022\/04\/SafeSchoolsPoster_DET_2021-212x300.jpg","datePublished":"2021-09-22T15:24:49+00:00","dateModified":"2024-04-17T21:51:46+00:00","breadcrumb":{"@id":"https:\/\/craigieburnsc.vic.edu.au\/support\/well-being-allied-health-team\/#breadcrumb"},"inLanguage":"tr","potentialAction":[{"@type":"ReadAction","target":["https:\/\/craigieburnsc.vic.edu.au\/support\/well-being-allied-health-team\/"]}]},{"@type":"ImageObject","inLanguage":"tr","@id":"https:\/\/craigieburnsc.vic.edu.au\/support\/well-being-allied-health-team\/#primaryimage","url":"https:\/\/craigieburnsc.vic.edu.au\/wp-content\/uploads\/2022\/04\/SafeSchoolsPoster_DET_2021-212x300.jpg","contentUrl":"https:\/\/craigieburnsc.vic.edu.au\/wp-content\/uploads\/2022\/04\/SafeSchoolsPoster_DET_2021-212x300.jpg"},{"@type":"BreadcrumbList","@id":"https:\/\/craigieburnsc.vic.edu.au\/support\/well-being-allied-health-team\/#breadcrumb","itemListElement":[{"@type":"ListItem","position":1,"name":"Home","item":"https:\/\/craigieburnsc.vic.edu.au\/"},{"@type":"ListItem","position":2,"name":"Support","item":"https:\/\/craigieburnsc.vic.edu.au\/support\/"},{"@type":"ListItem","position":3,"name":"Wellbeing &#038; Allied Health Team"}]},{"@type":"WebSite","@id":"https:\/\/craigieburnsc.vic.edu.au\/#website","url":"https:\/\/craigieburnsc.vic.edu.au\/","name":"Craigieburn Ortaokulu","description":"CSC Craigieburn Ortaokulu","publisher":{"@id":"https:\/\/craigieburnsc.vic.edu.au\/#organization"},"potentialAction":[{"@type":"SearchAction","target":{"@type":"EntryPoint","urlTemplate":"https:\/\/craigieburnsc.vic.edu.au\/?s={search_term_string}"},"query-input":{"@type":"PropertyValueSpecification","valueRequired":true,"valueName":"search_term_string"}}],"inLanguage":"tr"},{"@type":"Organization","@id":"https:\/\/craigieburnsc.vic.edu.au\/#organization","name":"Craigieburn Ortaokulu","url":"https:\/\/craigieburnsc.vic.edu.au\/","logo":{"@type":"ImageObject","inLanguage":"tr","@id":"https:\/\/craigieburnsc.vic.edu.au\/#\/schema\/logo\/image\/","url":"https:\/\/craigieburn.wepushbuttons.com.au\/wp-content\/uploads\/2021\/09\/01a3505e.jpg","contentUrl":"https:\/\/craigieburn.wepushbuttons.com.au\/wp-content\/uploads\/2021\/09\/01a3505e.jpg","width":734,"height":374,"caption":"Craigieburn Secondary College"},"image":{"@id":"https:\/\/craigieburnsc.vic.edu.au\/#\/schema\/logo\/image\/"},"sameAs":["https:\/\/www.facebook.com\/Craigieburn-Secondary-College-Alumni-Program-107789014159714\/"]}]}},"_links":{"self":[{"href":"https:\/\/craigieburnsc.vic.edu.au\/tr\/wp-json\/wp\/v2\/pages\/405","targetHints":{"allow":["GET"]}}],"collection":[{"href":"https:\/\/craigieburnsc.vic.edu.au\/tr\/wp-json\/wp\/v2\/pages"}],"about":[{"href":"https:\/\/craigieburnsc.vic.edu.au\/tr\/wp-json\/wp\/v2\/types\/page"}],"author":[{"embeddable":true,"href":"https:\/\/craigieburnsc.vic.edu.au\/tr\/wp-json\/wp\/v2\/users\/2"}],"replies":[{"embeddable":true,"href":"https:\/\/craigieburnsc.vic.edu.au\/tr\/wp-json\/wp\/v2\/comments?post=405"}],"version-history":[{"count":17,"href":"https:\/\/craigieburnsc.vic.edu.au\/tr\/wp-json\/wp\/v2\/pages\/405\/revisions"}],"predecessor-version":[{"id":2894,"href":"https:\/\/craigieburnsc.vic.edu.au\/tr\/wp-json\/wp\/v2\/pages\/405\/revisions\/2894"}],"up":[{"embeddable":true,"href":"https:\/\/craigieburnsc.vic.edu.au\/tr\/wp-json\/wp\/v2\/pages\/48"}],"wp:attachment":[{"href":"https:\/\/craigieburnsc.vic.edu.au\/tr\/wp-json\/wp\/v2\/media?parent=405"}],"curies":[{"name":"wp","href":"https:\/\/api.w.org\/{rel}","templated":true}]}}