{"id":5004,"date":"2022-12-05T10:12:21","date_gmt":"2022-12-04T23:12:21","guid":{"rendered":"https:\/\/craigieburnsc.vic.edu.au\/?page_id=5004"},"modified":"2024-04-03T16:24:36","modified_gmt":"2024-04-03T05:24:36","slug":"instrumental-music-program","status":"publish","type":"page","link":"https:\/\/craigieburnsc.vic.edu.au\/tr\/instrumental-music-program\/","title":{"rendered":"Enstr\u00fcmantal M\u00fczik Program\u0131"},"content":{"rendered":"<p>Craigieburn Secondary College\u2019s Instrumental Music Program (IMP) is a central part of the College\u2019s vibrant co-curricular program and encompasses instrumental music lessons, membership of rock bands and ensembles and participation in music excursions, performance opportunities and special programs. The Instrumental Music Program links strongly with the classroom music curriculum, particularly from Year 9 upwards.<\/p>\n<p>Enstr\u00fcmantal M\u00fczik Program\u0131 a\u015fa\u011f\u0131dakileri geli\u015ftirmeyi ama\u00e7lamaktad\u0131r:<\/p>\n<ul>\n<li>M\u00fczik sevgisi ve takdiri<\/li>\n<li>Bir dizi performans ba\u011flam\u0131 ve stilinde enstr\u00fcmantal beceri<\/li>\n<li>\u00c7e\u015fitli beceri seviyelerindeki \u00f6\u011frencilerin y\u00fcksek kaliteli performans f\u0131rsatlar\u0131na eri\u015fmesi i\u00e7in kapsam<\/li>\n<li>Hem IMP hem de daha geni\u015f Kolej toplulu\u011fu i\u00e7inde bir ba\u011fl\u0131l\u0131k ve kabul duygusu<\/li>\n<li>Kolej&#039;in Sayg\u0131, Sorumluluk, Ba\u015far\u0131 ve Topluluk de\u011ferlerine ve bunlar\u0131n m\u00fczik yaratma ve icra etme ile ili\u015fkilerine dair zengin bir anlay\u0131\u015f<\/li>\n<li>Toplant\u0131lar, a\u00e7\u0131k ak\u015famlar, \u00f6d\u00fcl geceleri ve \u00f6\u011fle yeme\u011fi konserleri gibi Kolej etkinliklerinde performans ve tan\u0131nma f\u0131rsatlar\u0131 sa\u011flayarak programa dahil olan \u00f6\u011frencilerin ba\u015far\u0131lar\u0131n\u0131 kutlama k\u00fclt\u00fcr\u00fc<\/li>\n<li>S\u00fcrekli ilerleme ve becerilerin geli\u015ftirilmesini sa\u011flamak i\u00e7in her \u00f6\u011frenci i\u00e7in y\u00fcksek beklentiler.<\/li>\n<\/ul>\n<p><a class=\"button green-button\" href=\"https:\/\/craigieburnsc.vic.edu.au\/wp-content\/uploads\/2022\/12\/Instrumental-Music-Enrolment-Form-2023.pdf\" target=\"_blank\" rel=\"noopener\">DOWNLOAD THE INSTRUMENTAL MUSIC PROGRAM ENROLMENT FORM<\/a><\/p>\n<p>Daha fazla bilgi i\u00e7in l\u00fctfen 9308 1144 numaral\u0131 telefondan m\u00fczik departman\u0131yla ileti\u015fime ge\u00e7mekten \u00e7ekinmeyin.<\/p>","protected":false},"excerpt":{"rendered":"<p>Craigieburn Secondary College\u2019s Instrumental Music Program (IMP) is a central part of the College\u2019s vibrant co-curricular program and encompasses instrumental music lessons, membership of rock bands and ensembles and participation in music excursions, performance opportunities and special programs. The Instrumental Music Program links strongly with the classroom music curriculum, particularly from Year 9 upwards. The [&hellip;]<\/p>\n","protected":false},"author":8,"featured_media":5005,"parent":0,"menu_order":0,"comment_status":"closed","ping_status":"closed","template":"","meta":{"_acf_changed":false,"footnotes":""},"class_list":["post-5004","page","type-page","status-publish","has-post-thumbnail","hentry"],"acf":[],"yoast_head":"<!-- This site is optimized with the Yoast SEO plugin v27.0 - https:\/\/yoast.com\/product\/yoast-seo-wordpress\/ -->\n<title>Instrumental Music Program - Craigieburn Secondary College<\/title>\n<meta name=\"description\" content=\"Craigieburn Secondary College\u2019s Instrumental Music Program (IMP) is a central part of the College\u2019s vibrant co-curricular program and encompasses instrumental music lessons, membership of rock bands and ensembles and participation in music excursions, performance opportunities and special programs. The Instrumental Music Program links strongly with the classroom music curriculum, particularly from Year 9 upwards.\" \/>\n<meta name=\"robots\" content=\"index, follow, max-snippet:-1, max-image-preview:large, max-video-preview:-1\" \/>\n<link rel=\"canonical\" href=\"https:\/\/craigieburnsc.vic.edu.au\/tr\/instrumental-music-program\/\" \/>\n<meta property=\"og:locale\" content=\"tr_TR\" \/>\n<meta property=\"og:type\" content=\"article\" \/>\n<meta property=\"og:title\" content=\"Instrumental Music Program - Craigieburn Secondary College\" \/>\n<meta property=\"og:description\" content=\"Craigieburn Secondary College\u2019s Instrumental Music Program (IMP) is a central part of the College\u2019s vibrant co-curricular program and encompasses instrumental music lessons, membership of rock bands and ensembles and participation in music excursions, performance opportunities and special programs. The Instrumental Music Program links strongly with the classroom music curriculum, particularly from Year 9 upwards.\" \/>\n<meta property=\"og:url\" content=\"https:\/\/craigieburnsc.vic.edu.au\/tr\/instrumental-music-program\/\" \/>\n<meta property=\"og:site_name\" content=\"Craigieburn Secondary College\" \/>\n<meta property=\"article:publisher\" content=\"https:\/\/www.facebook.com\/Craigieburn-Secondary-College-Alumni-Program-107789014159714\/\" \/>\n<meta property=\"article:modified_time\" content=\"2024-04-03T05:24:36+00:00\" \/>\n<meta property=\"og:image\" content=\"https:\/\/craigieburnsc.vic.edu.au\/wp-content\/uploads\/2022\/12\/DSCN6474.jpg\" \/>\n\t<meta property=\"og:image:width\" content=\"1920\" \/>\n\t<meta property=\"og:image:height\" content=\"1080\" \/>\n\t<meta property=\"og:image:type\" content=\"image\/jpeg\" \/>\n<meta name=\"twitter:card\" content=\"summary_large_image\" \/>\n<script type=\"application\/ld+json\" class=\"yoast-schema-graph\">{\"@context\":\"https:\/\/schema.org\",\"@graph\":[{\"@type\":\"WebPage\",\"@id\":\"https:\/\/craigieburnsc.vic.edu.au\/instrumental-music-program\/\",\"url\":\"https:\/\/craigieburnsc.vic.edu.au\/instrumental-music-program\/\",\"name\":\"Instrumental Music Program - Craigieburn Secondary College\",\"isPartOf\":{\"@id\":\"https:\/\/craigieburnsc.vic.edu.au\/#website\"},\"primaryImageOfPage\":{\"@id\":\"https:\/\/craigieburnsc.vic.edu.au\/instrumental-music-program\/#primaryimage\"},\"image\":{\"@id\":\"https:\/\/craigieburnsc.vic.edu.au\/instrumental-music-program\/#primaryimage\"},\"thumbnailUrl\":\"https:\/\/craigieburnsc.vic.edu.au\/wp-content\/uploads\/2022\/12\/DSCN6474.jpg\",\"datePublished\":\"2022-12-04T23:12:21+00:00\",\"dateModified\":\"2024-04-03T05:24:36+00:00\",\"description\":\"Craigieburn Secondary College\u2019s Instrumental Music Program (IMP) is a central part of the College\u2019s vibrant co-curricular program and encompasses instrumental music lessons, membership of rock bands and ensembles and participation in music excursions, performance opportunities and special programs. The Instrumental Music Program links strongly with the classroom music curriculum, particularly from Year 9 upwards.\",\"breadcrumb\":{\"@id\":\"https:\/\/craigieburnsc.vic.edu.au\/instrumental-music-program\/#breadcrumb\"},\"inLanguage\":\"tr\",\"potentialAction\":[{\"@type\":\"ReadAction\",\"target\":[\"https:\/\/craigieburnsc.vic.edu.au\/instrumental-music-program\/\"]}]},{\"@type\":\"ImageObject\",\"inLanguage\":\"tr\",\"@id\":\"https:\/\/craigieburnsc.vic.edu.au\/instrumental-music-program\/#primaryimage\",\"url\":\"https:\/\/craigieburnsc.vic.edu.au\/wp-content\/uploads\/2022\/12\/DSCN6474.jpg\",\"contentUrl\":\"https:\/\/craigieburnsc.vic.edu.au\/wp-content\/uploads\/2022\/12\/DSCN6474.jpg\",\"width\":1920,\"height\":1080},{\"@type\":\"BreadcrumbList\",\"@id\":\"https:\/\/craigieburnsc.vic.edu.au\/instrumental-music-program\/#breadcrumb\",\"itemListElement\":[{\"@type\":\"ListItem\",\"position\":1,\"name\":\"Home\",\"item\":\"https:\/\/craigieburnsc.vic.edu.au\/\"},{\"@type\":\"ListItem\",\"position\":2,\"name\":\"Instrumental Music Program\"}]},{\"@type\":\"WebSite\",\"@id\":\"https:\/\/craigieburnsc.vic.edu.au\/#website\",\"url\":\"https:\/\/craigieburnsc.vic.edu.au\/\",\"name\":\"Craigieburn Secondary College\",\"description\":\"CSC Craigieburn Secondary College\",\"publisher\":{\"@id\":\"https:\/\/craigieburnsc.vic.edu.au\/#organization\"},\"potentialAction\":[{\"@type\":\"SearchAction\",\"target\":{\"@type\":\"EntryPoint\",\"urlTemplate\":\"https:\/\/craigieburnsc.vic.edu.au\/?s={search_term_string}\"},\"query-input\":{\"@type\":\"PropertyValueSpecification\",\"valueRequired\":true,\"valueName\":\"search_term_string\"}}],\"inLanguage\":\"tr\"},{\"@type\":\"Organization\",\"@id\":\"https:\/\/craigieburnsc.vic.edu.au\/#organization\",\"name\":\"Craigieburn Secondary College\",\"url\":\"https:\/\/craigieburnsc.vic.edu.au\/\",\"logo\":{\"@type\":\"ImageObject\",\"inLanguage\":\"tr\",\"@id\":\"https:\/\/craigieburnsc.vic.edu.au\/#\/schema\/logo\/image\/\",\"url\":\"https:\/\/craigieburn.wepushbuttons.com.au\/wp-content\/uploads\/2021\/09\/01a3505e.jpg\",\"contentUrl\":\"https:\/\/craigieburn.wepushbuttons.com.au\/wp-content\/uploads\/2021\/09\/01a3505e.jpg\",\"width\":734,\"height\":374,\"caption\":\"Craigieburn Secondary College\"},\"image\":{\"@id\":\"https:\/\/craigieburnsc.vic.edu.au\/#\/schema\/logo\/image\/\"},\"sameAs\":[\"https:\/\/www.facebook.com\/Craigieburn-Secondary-College-Alumni-Program-107789014159714\/\"]}]}<\/script>\n<!-- \/ Yoast SEO plugin. -->","yoast_head_json":{"title":"Instrumental Music Program - Craigieburn Secondary College","description":"Craigieburn Secondary College\u2019s Instrumental Music Program (IMP) is a central part of the College\u2019s vibrant co-curricular program and encompasses instrumental music lessons, membership of rock bands and ensembles and participation in music excursions, performance opportunities and special programs. The Instrumental Music Program links strongly with the classroom music curriculum, particularly from Year 9 upwards.","robots":{"index":"index","follow":"follow","max-snippet":"max-snippet:-1","max-image-preview":"max-image-preview:large","max-video-preview":"max-video-preview:-1"},"canonical":"https:\/\/craigieburnsc.vic.edu.au\/tr\/instrumental-music-program\/","og_locale":"tr_TR","og_type":"article","og_title":"Instrumental Music Program - Craigieburn Secondary College","og_description":"Craigieburn Secondary College\u2019s Instrumental Music Program (IMP) is a central part of the College\u2019s vibrant co-curricular program and encompasses instrumental music lessons, membership of rock bands and ensembles and participation in music excursions, performance opportunities and special programs. The Instrumental Music Program links strongly with the classroom music curriculum, particularly from Year 9 upwards.","og_url":"https:\/\/craigieburnsc.vic.edu.au\/tr\/instrumental-music-program\/","og_site_name":"Craigieburn Secondary College","article_publisher":"https:\/\/www.facebook.com\/Craigieburn-Secondary-College-Alumni-Program-107789014159714\/","article_modified_time":"2024-04-03T05:24:36+00:00","og_image":[{"width":1920,"height":1080,"url":"https:\/\/craigieburnsc.vic.edu.au\/wp-content\/uploads\/2022\/12\/DSCN6474.jpg","type":"image\/jpeg"}],"twitter_card":"summary_large_image","schema":{"@context":"https:\/\/schema.org","@graph":[{"@type":"WebPage","@id":"https:\/\/craigieburnsc.vic.edu.au\/instrumental-music-program\/","url":"https:\/\/craigieburnsc.vic.edu.au\/instrumental-music-program\/","name":"Instrumental Music Program - Craigieburn Secondary College","isPartOf":{"@id":"https:\/\/craigieburnsc.vic.edu.au\/#website"},"primaryImageOfPage":{"@id":"https:\/\/craigieburnsc.vic.edu.au\/instrumental-music-program\/#primaryimage"},"image":{"@id":"https:\/\/craigieburnsc.vic.edu.au\/instrumental-music-program\/#primaryimage"},"thumbnailUrl":"https:\/\/craigieburnsc.vic.edu.au\/wp-content\/uploads\/2022\/12\/DSCN6474.jpg","datePublished":"2022-12-04T23:12:21+00:00","dateModified":"2024-04-03T05:24:36+00:00","description":"Craigieburn Secondary College\u2019s Instrumental Music Program (IMP) is a central part of the College\u2019s vibrant co-curricular program and encompasses instrumental music lessons, membership of rock bands and ensembles and participation in music excursions, performance opportunities and special programs. The Instrumental Music Program links strongly with the classroom music curriculum, particularly from Year 9 upwards.","breadcrumb":{"@id":"https:\/\/craigieburnsc.vic.edu.au\/instrumental-music-program\/#breadcrumb"},"inLanguage":"tr","potentialAction":[{"@type":"ReadAction","target":["https:\/\/craigieburnsc.vic.edu.au\/instrumental-music-program\/"]}]},{"@type":"ImageObject","inLanguage":"tr","@id":"https:\/\/craigieburnsc.vic.edu.au\/instrumental-music-program\/#primaryimage","url":"https:\/\/craigieburnsc.vic.edu.au\/wp-content\/uploads\/2022\/12\/DSCN6474.jpg","contentUrl":"https:\/\/craigieburnsc.vic.edu.au\/wp-content\/uploads\/2022\/12\/DSCN6474.jpg","width":1920,"height":1080},{"@type":"BreadcrumbList","@id":"https:\/\/craigieburnsc.vic.edu.au\/instrumental-music-program\/#breadcrumb","itemListElement":[{"@type":"ListItem","position":1,"name":"Home","item":"https:\/\/craigieburnsc.vic.edu.au\/"},{"@type":"ListItem","position":2,"name":"Instrumental Music Program"}]},{"@type":"WebSite","@id":"https:\/\/craigieburnsc.vic.edu.au\/#website","url":"https:\/\/craigieburnsc.vic.edu.au\/","name":"Craigieburn Ortaokulu","description":"CSC Craigieburn Ortaokulu","publisher":{"@id":"https:\/\/craigieburnsc.vic.edu.au\/#organization"},"potentialAction":[{"@type":"SearchAction","target":{"@type":"EntryPoint","urlTemplate":"https:\/\/craigieburnsc.vic.edu.au\/?s={search_term_string}"},"query-input":{"@type":"PropertyValueSpecification","valueRequired":true,"valueName":"search_term_string"}}],"inLanguage":"tr"},{"@type":"Organization","@id":"https:\/\/craigieburnsc.vic.edu.au\/#organization","name":"Craigieburn Ortaokulu","url":"https:\/\/craigieburnsc.vic.edu.au\/","logo":{"@type":"ImageObject","inLanguage":"tr","@id":"https:\/\/craigieburnsc.vic.edu.au\/#\/schema\/logo\/image\/","url":"https:\/\/craigieburn.wepushbuttons.com.au\/wp-content\/uploads\/2021\/09\/01a3505e.jpg","contentUrl":"https:\/\/craigieburn.wepushbuttons.com.au\/wp-content\/uploads\/2021\/09\/01a3505e.jpg","width":734,"height":374,"caption":"Craigieburn Secondary College"},"image":{"@id":"https:\/\/craigieburnsc.vic.edu.au\/#\/schema\/logo\/image\/"},"sameAs":["https:\/\/www.facebook.com\/Craigieburn-Secondary-College-Alumni-Program-107789014159714\/"]}]}},"_links":{"self":[{"href":"https:\/\/craigieburnsc.vic.edu.au\/tr\/wp-json\/wp\/v2\/pages\/5004","targetHints":{"allow":["GET"]}}],"collection":[{"href":"https:\/\/craigieburnsc.vic.edu.au\/tr\/wp-json\/wp\/v2\/pages"}],"about":[{"href":"https:\/\/craigieburnsc.vic.edu.au\/tr\/wp-json\/wp\/v2\/types\/page"}],"author":[{"embeddable":true,"href":"https:\/\/craigieburnsc.vic.edu.au\/tr\/wp-json\/wp\/v2\/users\/8"}],"replies":[{"embeddable":true,"href":"https:\/\/craigieburnsc.vic.edu.au\/tr\/wp-json\/wp\/v2\/comments?post=5004"}],"version-history":[{"count":3,"href":"https:\/\/craigieburnsc.vic.edu.au\/tr\/wp-json\/wp\/v2\/pages\/5004\/revisions"}],"predecessor-version":[{"id":5930,"href":"https:\/\/craigieburnsc.vic.edu.au\/tr\/wp-json\/wp\/v2\/pages\/5004\/revisions\/5930"}],"wp:featuredmedia":[{"embeddable":true,"href":"https:\/\/craigieburnsc.vic.edu.au\/tr\/wp-json\/wp\/v2\/media\/5005"}],"wp:attachment":[{"href":"https:\/\/craigieburnsc.vic.edu.au\/tr\/wp-json\/wp\/v2\/media?parent=5004"}],"curies":[{"name":"wp","href":"https:\/\/api.w.org\/{rel}","templated":true}]}}