{"id":534,"date":"2021-09-23T16:16:11","date_gmt":"2021-09-23T06:16:11","guid":{"rendered":"https:\/\/craigieburn.wepushbuttons.com.au\/?page_id=534"},"modified":"2025-02-03T09:41:39","modified_gmt":"2025-02-02T22:41:39","slug":"ict","status":"publish","type":"page","link":"https:\/\/craigieburnsc.vic.edu.au\/tr\/learning\/ict\/","title":{"rendered":"B\u0130T"},"content":{"rendered":"<p>Craigieburn Secondary College, her \u00f6\u011frencinin tam potansiyeline ula\u015fabilece\u011fi bir \u00f6\u011frenme ortam\u0131 yaratmaya \u00e7al\u0131\u015f\u0131r. Merakl\u0131 ve yarat\u0131c\u0131, \u00e7e\u015fitli ara\u00e7lar kullanarak sorunlar\u0131 \u00e7\u00f6zebilen kendine g\u00fcvenen \u00f6\u011frencileri te\u015fvik etmeyi ama\u00e7l\u0131yoruz. Bu taahh\u00fcd\u00fcn bir par\u00e7as\u0131 olarak kolej, \u00f6\u011frenci netbook ve diz\u00fcst\u00fc bilgisayarlar\u0131n\u0131n kullan\u0131m\u0131n\u0131 s\u0131n\u0131flara entegre ediyor ve dijital okuryazarl\u0131k ve e-\u00f6\u011frenme uygulamalar\u0131n\u0131n t\u00fcm \u00f6nemli \u00f6\u011frenme alanlar\u0131na dahil edilmesini sa\u011fl\u0131yor. Kolejdeki \u00f6\u011frenciler, \u00e7oklu ger\u00e7ek ve sanal arenalarda etkili k\u00fcresel \u00f6\u011frenciler olacaklar.<\/p>\n<p>Bire Bir Netbook veya Diz\u00fcst\u00fc Bilgisayar Program\u0131, etkin bir \u015fekilde kullan\u0131ld\u0131\u011f\u0131nda \u00e7ok olumlu \u00f6\u011fretme ve \u00f6\u011frenme sonu\u00e7lar\u0131 sa\u011flayacak zengin e\u011fitim kaynaklar\u0131 ve ara\u00e7lar\u0131 sa\u011flayacakt\u0131r. Her \u00f6\u011frencinin, kendilerini \u00f6\u011fretmenlerine, \u00f6\u011frenme topluluklar\u0131na, multimedya yaz\u0131l\u0131m\u0131na, e-posta ileti\u015fimine, Pusula sistemine ve \u00e7evrimi\u00e7i ara\u00e7lara ve kaynaklara ba\u011flayacak ta\u015f\u0131nabilir bir netbook&#039;u veya diz\u00fcst\u00fc bilgisayar\u0131 olacakt\u0131r.<\/p>\n<p>A\u011fa ba\u011fl\u0131 cihaz ile \u00f6\u011frenciler, \u00f6\u011fretmenleri ve akranlar\u0131 ile geli\u015fmi\u015f ileti\u015fim f\u0131rsatlar\u0131na sahip olacaklard\u0131r. Bu, \u00f6\u011frencinin \u00f6\u011frenme f\u0131rsatlar\u0131 ve etkinlikleri hakk\u0131nda geri bildirim almas\u0131na, e\u015fzamanl\u0131 ve e\u015fzamans\u0131z \u00f6\u011frenmeye kat\u0131lmas\u0131na ve belgelere, projelere, revizyon g\u00f6revlerine ve \u00f6\u011frendiklerinin kan\u0131tlar\u0131na her yerden, her zaman eri\u015fmesine olanak tan\u0131r. Bire Bir Netbook veya Diz\u00fcst\u00fc Bilgisayar program\u0131, aktif ve \u00f6\u011frenci merkezli geni\u015fletilmi\u015f \u00f6\u011frenme f\u0131rsatlar\u0131 yaratacakt\u0131r.<\/p>\n<p>E\u011fitim ve \u00d6\u011fretim Bakanl\u0131\u011f\u0131 (DET), \u00f6\u011frencilerine tahsis edilen netbook&#039;lar\u0131n veya diz\u00fcst\u00fc bilgisayarlar\u0131n uygun ve g\u00fcvenli bir \u015fekilde kullan\u0131lmas\u0131n\u0131 \u00f6nerir. Kolej <a href=\"https:\/\/craigieburnsc.vic.edu.au\/wp-content\/uploads\/2025\/02\/ICT-E-Learning-Policy-October-2024_25.pdf\" target=\"_blank\" rel=\"noopener\">B\u0130T ve E-\u00d6\u011frenim el kitab\u0131 ve s\u00f6zle\u015fmesi<\/a> \u00f6\u011frenci mini diz\u00fcst\u00fc bilgisayarlar\u0131n\u0131n ve diz\u00fcst\u00fc bilgisayarlar\u0131n\u0131n do\u011fru kullan\u0131m\u0131 ve bak\u0131m\u0131 hakk\u0131nda bilgi veren politikalar ve y\u00f6nergeler hakk\u0131nda bilgi sa\u011flamay\u0131 ama\u00e7lamaktad\u0131r. A\u00e7\u0131k y\u00f6nergeler, tavsiyeler ve destek kullan\u0131m\u0131 yoluyla, \u00f6\u011frencilerin olas\u0131 sorunlara maruz kalmalar\u0131 en aza indirilebilece\u011finden, netbook veya diz\u00fcst\u00fc bilgisayar kullan\u0131m\u0131na ili\u015fkin olas\u0131 sorunlar\u0131 ve beklentileri vurgular.<\/p>\n<blockquote>\n<h6><em>&#8220;Technology will not replace great teachers but technology in the hands of great teachers can be transformational&#8221;<\/em><br \/>\n~ George Couros ~<\/h6>\n<\/blockquote>","protected":false},"excerpt":{"rendered":"<p>Craigieburn Secondary College endeavours to create a learning environment where every student can achieve their fullest potential. We aim to promote confident learners who are curious and creative who can solve problems using a variety of tools. As part of this commitment, the college is integrating the use of student netbook and laptop computers into [&hellip;]<\/p>\n","protected":false},"author":2,"featured_media":2854,"parent":47,"menu_order":0,"comment_status":"closed","ping_status":"closed","template":"","meta":{"_acf_changed":false,"footnotes":""},"class_list":["post-534","page","type-page","status-publish","has-post-thumbnail","hentry"],"acf":[],"yoast_head":"<!-- This site is optimized with the Yoast SEO plugin v27.4 - https:\/\/yoast.com\/product\/yoast-seo-wordpress\/ -->\n<title>ICT - Craigieburn Secondary College<\/title>\n<meta name=\"robots\" content=\"index, follow, max-snippet:-1, max-image-preview:large, max-video-preview:-1\" \/>\n<link rel=\"canonical\" href=\"https:\/\/craigieburnsc.vic.edu.au\/tr\/learning\/ict\/\" \/>\n<meta property=\"og:locale\" content=\"tr_TR\" \/>\n<meta property=\"og:type\" content=\"article\" \/>\n<meta property=\"og:title\" content=\"ICT - Craigieburn Secondary College\" \/>\n<meta property=\"og:description\" content=\"Craigieburn Secondary College endeavours to create a learning environment where every student can achieve their fullest potential. We aim to promote confident learners who are curious and creative who can solve problems using a variety of tools. As part of this commitment, the college is integrating the use of student netbook and laptop computers into [&hellip;]\" \/>\n<meta property=\"og:url\" content=\"https:\/\/craigieburnsc.vic.edu.au\/tr\/learning\/ict\/\" \/>\n<meta property=\"og:site_name\" content=\"Craigieburn Secondary College\" \/>\n<meta property=\"article:publisher\" content=\"https:\/\/www.facebook.com\/Craigieburn-Secondary-College-Alumni-Program-107789014159714\/\" \/>\n<meta property=\"article:modified_time\" content=\"2025-02-02T22:41:39+00:00\" \/>\n<meta property=\"og:image\" content=\"https:\/\/craigieburnsc.vic.edu.au\/wp-content\/uploads\/2022\/04\/netbook.jpg\" \/>\n\t<meta property=\"og:image:width\" content=\"291\" \/>\n\t<meta property=\"og:image:height\" content=\"173\" \/>\n\t<meta property=\"og:image:type\" content=\"image\/jpeg\" \/>\n<meta name=\"twitter:card\" content=\"summary_large_image\" \/>\n<script type=\"application\/ld+json\" class=\"yoast-schema-graph\">{\"@context\":\"https:\\\/\\\/schema.org\",\"@graph\":[{\"@type\":\"WebPage\",\"@id\":\"https:\\\/\\\/craigieburnsc.vic.edu.au\\\/learning\\\/ict\\\/\",\"url\":\"https:\\\/\\\/craigieburnsc.vic.edu.au\\\/learning\\\/ict\\\/\",\"name\":\"ICT - Craigieburn Secondary College\",\"isPartOf\":{\"@id\":\"https:\\\/\\\/craigieburnsc.vic.edu.au\\\/#website\"},\"primaryImageOfPage\":{\"@id\":\"https:\\\/\\\/craigieburnsc.vic.edu.au\\\/learning\\\/ict\\\/#primaryimage\"},\"image\":{\"@id\":\"https:\\\/\\\/craigieburnsc.vic.edu.au\\\/learning\\\/ict\\\/#primaryimage\"},\"thumbnailUrl\":\"https:\\\/\\\/craigieburnsc.vic.edu.au\\\/wp-content\\\/uploads\\\/2022\\\/04\\\/netbook.jpg\",\"datePublished\":\"2021-09-23T06:16:11+00:00\",\"dateModified\":\"2025-02-02T22:41:39+00:00\",\"breadcrumb\":{\"@id\":\"https:\\\/\\\/craigieburnsc.vic.edu.au\\\/learning\\\/ict\\\/#breadcrumb\"},\"inLanguage\":\"tr\",\"potentialAction\":[{\"@type\":\"ReadAction\",\"target\":[\"https:\\\/\\\/craigieburnsc.vic.edu.au\\\/learning\\\/ict\\\/\"]}]},{\"@type\":\"ImageObject\",\"inLanguage\":\"tr\",\"@id\":\"https:\\\/\\\/craigieburnsc.vic.edu.au\\\/learning\\\/ict\\\/#primaryimage\",\"url\":\"https:\\\/\\\/craigieburnsc.vic.edu.au\\\/wp-content\\\/uploads\\\/2022\\\/04\\\/netbook.jpg\",\"contentUrl\":\"https:\\\/\\\/craigieburnsc.vic.edu.au\\\/wp-content\\\/uploads\\\/2022\\\/04\\\/netbook.jpg\",\"width\":291,\"height\":173},{\"@type\":\"BreadcrumbList\",\"@id\":\"https:\\\/\\\/craigieburnsc.vic.edu.au\\\/learning\\\/ict\\\/#breadcrumb\",\"itemListElement\":[{\"@type\":\"ListItem\",\"position\":1,\"name\":\"Home\",\"item\":\"https:\\\/\\\/craigieburnsc.vic.edu.au\\\/\"},{\"@type\":\"ListItem\",\"position\":2,\"name\":\"Learning\",\"item\":\"https:\\\/\\\/craigieburnsc.vic.edu.au\\\/learning\\\/\"},{\"@type\":\"ListItem\",\"position\":3,\"name\":\"ICT\"}]},{\"@type\":\"WebSite\",\"@id\":\"https:\\\/\\\/craigieburnsc.vic.edu.au\\\/#website\",\"url\":\"https:\\\/\\\/craigieburnsc.vic.edu.au\\\/\",\"name\":\"Craigieburn Secondary College\",\"description\":\"CSC Craigieburn Secondary College\",\"publisher\":{\"@id\":\"https:\\\/\\\/craigieburnsc.vic.edu.au\\\/#organization\"},\"potentialAction\":[{\"@type\":\"SearchAction\",\"target\":{\"@type\":\"EntryPoint\",\"urlTemplate\":\"https:\\\/\\\/craigieburnsc.vic.edu.au\\\/?s={search_term_string}\"},\"query-input\":{\"@type\":\"PropertyValueSpecification\",\"valueRequired\":true,\"valueName\":\"search_term_string\"}}],\"inLanguage\":\"tr\"},{\"@type\":\"Organization\",\"@id\":\"https:\\\/\\\/craigieburnsc.vic.edu.au\\\/#organization\",\"name\":\"Craigieburn Secondary College\",\"url\":\"https:\\\/\\\/craigieburnsc.vic.edu.au\\\/\",\"logo\":{\"@type\":\"ImageObject\",\"inLanguage\":\"tr\",\"@id\":\"https:\\\/\\\/craigieburnsc.vic.edu.au\\\/#\\\/schema\\\/logo\\\/image\\\/\",\"url\":\"https:\\\/\\\/craigieburn.wepushbuttons.com.au\\\/wp-content\\\/uploads\\\/2021\\\/09\\\/01a3505e.jpg\",\"contentUrl\":\"https:\\\/\\\/craigieburn.wepushbuttons.com.au\\\/wp-content\\\/uploads\\\/2021\\\/09\\\/01a3505e.jpg\",\"width\":734,\"height\":374,\"caption\":\"Craigieburn Secondary College\"},\"image\":{\"@id\":\"https:\\\/\\\/craigieburnsc.vic.edu.au\\\/#\\\/schema\\\/logo\\\/image\\\/\"},\"sameAs\":[\"https:\\\/\\\/www.facebook.com\\\/Craigieburn-Secondary-College-Alumni-Program-107789014159714\\\/\"]}]}<\/script>\n<!-- \/ Yoast SEO plugin. -->","yoast_head_json":{"title":"ICT - Craigieburn Secondary College","robots":{"index":"index","follow":"follow","max-snippet":"max-snippet:-1","max-image-preview":"max-image-preview:large","max-video-preview":"max-video-preview:-1"},"canonical":"https:\/\/craigieburnsc.vic.edu.au\/tr\/learning\/ict\/","og_locale":"tr_TR","og_type":"article","og_title":"ICT - Craigieburn Secondary College","og_description":"Craigieburn Secondary College endeavours to create a learning environment where every student can achieve their fullest potential. We aim to promote confident learners who are curious and creative who can solve problems using a variety of tools. As part of this commitment, the college is integrating the use of student netbook and laptop computers into [&hellip;]","og_url":"https:\/\/craigieburnsc.vic.edu.au\/tr\/learning\/ict\/","og_site_name":"Craigieburn Secondary College","article_publisher":"https:\/\/www.facebook.com\/Craigieburn-Secondary-College-Alumni-Program-107789014159714\/","article_modified_time":"2025-02-02T22:41:39+00:00","og_image":[{"width":291,"height":173,"url":"https:\/\/craigieburnsc.vic.edu.au\/wp-content\/uploads\/2022\/04\/netbook.jpg","type":"image\/jpeg"}],"twitter_card":"summary_large_image","schema":{"@context":"https:\/\/schema.org","@graph":[{"@type":"WebPage","@id":"https:\/\/craigieburnsc.vic.edu.au\/learning\/ict\/","url":"https:\/\/craigieburnsc.vic.edu.au\/learning\/ict\/","name":"ICT - Craigieburn Secondary College","isPartOf":{"@id":"https:\/\/craigieburnsc.vic.edu.au\/#website"},"primaryImageOfPage":{"@id":"https:\/\/craigieburnsc.vic.edu.au\/learning\/ict\/#primaryimage"},"image":{"@id":"https:\/\/craigieburnsc.vic.edu.au\/learning\/ict\/#primaryimage"},"thumbnailUrl":"https:\/\/craigieburnsc.vic.edu.au\/wp-content\/uploads\/2022\/04\/netbook.jpg","datePublished":"2021-09-23T06:16:11+00:00","dateModified":"2025-02-02T22:41:39+00:00","breadcrumb":{"@id":"https:\/\/craigieburnsc.vic.edu.au\/learning\/ict\/#breadcrumb"},"inLanguage":"tr","potentialAction":[{"@type":"ReadAction","target":["https:\/\/craigieburnsc.vic.edu.au\/learning\/ict\/"]}]},{"@type":"ImageObject","inLanguage":"tr","@id":"https:\/\/craigieburnsc.vic.edu.au\/learning\/ict\/#primaryimage","url":"https:\/\/craigieburnsc.vic.edu.au\/wp-content\/uploads\/2022\/04\/netbook.jpg","contentUrl":"https:\/\/craigieburnsc.vic.edu.au\/wp-content\/uploads\/2022\/04\/netbook.jpg","width":291,"height":173},{"@type":"BreadcrumbList","@id":"https:\/\/craigieburnsc.vic.edu.au\/learning\/ict\/#breadcrumb","itemListElement":[{"@type":"ListItem","position":1,"name":"Home","item":"https:\/\/craigieburnsc.vic.edu.au\/"},{"@type":"ListItem","position":2,"name":"Learning","item":"https:\/\/craigieburnsc.vic.edu.au\/learning\/"},{"@type":"ListItem","position":3,"name":"ICT"}]},{"@type":"WebSite","@id":"https:\/\/craigieburnsc.vic.edu.au\/#website","url":"https:\/\/craigieburnsc.vic.edu.au\/","name":"Craigieburn Ortaokulu","description":"CSC Craigieburn Ortaokulu","publisher":{"@id":"https:\/\/craigieburnsc.vic.edu.au\/#organization"},"potentialAction":[{"@type":"SearchAction","target":{"@type":"EntryPoint","urlTemplate":"https:\/\/craigieburnsc.vic.edu.au\/?s={search_term_string}"},"query-input":{"@type":"PropertyValueSpecification","valueRequired":true,"valueName":"search_term_string"}}],"inLanguage":"tr"},{"@type":"Organization","@id":"https:\/\/craigieburnsc.vic.edu.au\/#organization","name":"Craigieburn Ortaokulu","url":"https:\/\/craigieburnsc.vic.edu.au\/","logo":{"@type":"ImageObject","inLanguage":"tr","@id":"https:\/\/craigieburnsc.vic.edu.au\/#\/schema\/logo\/image\/","url":"https:\/\/craigieburn.wepushbuttons.com.au\/wp-content\/uploads\/2021\/09\/01a3505e.jpg","contentUrl":"https:\/\/craigieburn.wepushbuttons.com.au\/wp-content\/uploads\/2021\/09\/01a3505e.jpg","width":734,"height":374,"caption":"Craigieburn Secondary College"},"image":{"@id":"https:\/\/craigieburnsc.vic.edu.au\/#\/schema\/logo\/image\/"},"sameAs":["https:\/\/www.facebook.com\/Craigieburn-Secondary-College-Alumni-Program-107789014159714\/"]}]}},"_links":{"self":[{"href":"https:\/\/craigieburnsc.vic.edu.au\/tr\/wp-json\/wp\/v2\/pages\/534","targetHints":{"allow":["GET"]}}],"collection":[{"href":"https:\/\/craigieburnsc.vic.edu.au\/tr\/wp-json\/wp\/v2\/pages"}],"about":[{"href":"https:\/\/craigieburnsc.vic.edu.au\/tr\/wp-json\/wp\/v2\/types\/page"}],"author":[{"embeddable":true,"href":"https:\/\/craigieburnsc.vic.edu.au\/tr\/wp-json\/wp\/v2\/users\/2"}],"replies":[{"embeddable":true,"href":"https:\/\/craigieburnsc.vic.edu.au\/tr\/wp-json\/wp\/v2\/comments?post=534"}],"version-history":[{"count":12,"href":"https:\/\/craigieburnsc.vic.edu.au\/tr\/wp-json\/wp\/v2\/pages\/534\/revisions"}],"predecessor-version":[{"id":6325,"href":"https:\/\/craigieburnsc.vic.edu.au\/tr\/wp-json\/wp\/v2\/pages\/534\/revisions\/6325"}],"up":[{"embeddable":true,"href":"https:\/\/craigieburnsc.vic.edu.au\/tr\/wp-json\/wp\/v2\/pages\/47"}],"wp:featuredmedia":[{"embeddable":true,"href":"https:\/\/craigieburnsc.vic.edu.au\/tr\/wp-json\/wp\/v2\/media\/2854"}],"wp:attachment":[{"href":"https:\/\/craigieburnsc.vic.edu.au\/tr\/wp-json\/wp\/v2\/media?parent=534"}],"curies":[{"name":"wp","href":"https:\/\/api.w.org\/{rel}","templated":true}]}}